{"id":2169,"date":"2024-04-07T05:00:11","date_gmt":"2024-04-07T05:00:11","guid":{"rendered":"https:\/\/surcohaus.com\/?page_id=2169"},"modified":"2024-10-13T04:58:01","modified_gmt":"2024-10-13T04:58:01","slug":"exchanges-returns","status":"publish","type":"page","link":"https:\/\/surcohaus.com\/es\/exchanges-returns\/","title":{"rendered":"Exchanges &#038; Returns"},"content":{"rendered":"<div data-elementor-type=\"wp-page\" data-elementor-id=\"2169\" class=\"elementor elementor-2169\" data-elementor-post-type=\"page\">\n\t\t\t\t\t\t<section class=\"elementor-section elementor-top-section elementor-element elementor-element-fd5cd02 elementor-section-height-min-height elementor-section-boxed elementor-section-height-default elementor-section-items-middle\" data-id=\"fd5cd02\" data-element_type=\"section\" data-e-type=\"section\">\n\t\t\t\t\t\t\t<div class=\"elementor-background-overlay\"><\/div>\n\t\t\t\t\t\t\t<div class=\"elementor-container elementor-column-gap-default\">\n\t\t\t\t\t<div class=\"elementor-column elementor-col-100 elementor-top-column elementor-element elementor-element-b16702a\" data-id=\"b16702a\" data-element_type=\"column\" data-e-type=\"column\">\n\t\t\t<div class=\"elementor-widget-wrap elementor-element-populated\">\n\t\t\t\t\t\t<div class=\"elementor-element elementor-element-6b66964 animated-slow elementor-invisible elementor-widget elementor-widget-heading\" data-id=\"6b66964\" data-element_type=\"widget\" data-e-type=\"widget\" data-settings=\"{&quot;_animation&quot;:&quot;fadeIn&quot;}\" data-widget_type=\"heading.default\">\n\t\t\t\t<div class=\"elementor-widget-container\">\n\t\t\t\t\t<h1 class=\"elementor-heading-title elementor-size-default\">EXCHANGES &amp; RETURNS<\/h1>\t\t\t\t<\/div>\n\t\t\t\t<\/div>\n\t\t\t\t<div class=\"elementor-element elementor-element-6ca4bea elementor-widget__width-initial animated-slow elementor-invisible elementor-widget elementor-widget-text-editor\" data-id=\"6ca4bea\" data-element_type=\"widget\" data-e-type=\"widget\" data-settings=\"{&quot;_animation&quot;:&quot;fadeIn&quot;,&quot;_animation_delay&quot;:400}\" data-widget_type=\"text-editor.default\">\n\t\t\t\t<div class=\"elementor-widget-container\">\n\t\t\t\t\t<style>.elementor-element-6ca4bea{display:none !important}<\/style>\t\t\t\t<\/div>\n\t\t\t\t<\/div>\n\t\t\t\t<div class=\"elementor-element elementor-element-081775f elementor-widget__width-initial animated-slow elementor-invisible elementor-widget elementor-widget-text-editor\" data-id=\"081775f\" data-element_type=\"widget\" data-e-type=\"widget\" data-settings=\"{&quot;_animation&quot;:&quot;fadeIn&quot;,&quot;_animation_delay&quot;:400}\" data-widget_type=\"text-editor.default\">\n\t\t\t\t<div class=\"elementor-widget-container\">\n\t\t\t\t\t\t\t\t\t<p>Nos enorgullece ofrecer un servicio de alta calidad y asegurarnos de que est\u00e9 satisfecho con su pedido. Con eso en mente, nuestra Pol\u00edtica de Devoluciones est\u00e1 a continuaci\u00f3n.<\/p><p>Aceptamos devoluciones \/ cambios dentro de los 14 d\u00edas posteriores a la recepci\u00f3n de su pedido. Desafortunadamente, no podemos ofrecer devoluciones gratuitas, el cliente ser\u00e1 responsable del costo de env\u00edo para el cambio y \/ o devoluci\u00f3n.<\/p><p>Antes de cerrar el paquete de devoluci\u00f3n, incluya un trozo de papel con su n\u00famero de pedido y su nombre dentro del paquete para que podamos identificarlo. Tenga en cuenta que si el art\u00edculo que desea cambiar ya no est\u00e1 en stock, le daremos un reembolso en su lugar.<\/p><p>Env\u00edenos un correo electr\u00f3nico a info@surcohaus.com con su n\u00famero de pedido (que se puede encontrar en su correo electr\u00f3nico de confirmaci\u00f3n del pedido y se parece a esto #00000) e informaci\u00f3n de contacto y nos pondremos en contacto con usted en breve para ayudarlo con la devoluci\u00f3n \/ cambio.<\/p><p>El plazo para el reembolso \/ cambio puede variar entre 3 y 12 d\u00edas laborables desde que recibimos su devoluci\u00f3n en nuestros almacenes. Tan pronto como verifiquemos el estado de los art\u00edculos devueltos, le enviaremos un correo electr\u00f3nico para informarle. Recuerde que el reembolso se realizar\u00e1 en el mismo m\u00e9todo de pago utilizado en la compra.<\/p><p>Las devoluciones deben enviarse en el mismo estado en que se recibieron. Dentro del embalaje original y con el n\u00famero de pedido. Si las prendas se reciben en mal estado, no se realizar\u00e1 el reembolso. Seremos muy estrictos con el estado de las prendas (manchas de maquillaje, aromas, etc.). El paquete debe tener los impuestos pagados, deduciremos de su reembolso cualquier tarifa de aduana adicional que el paquete pueda tener a su llegada.<\/p><p>Una vez que se haya pasado el control de calidad, procesaremos el reembolso \/ cambio del producto devuelto.<\/p><p>No aceptamos devoluciones o cambios de nuestros art\u00edculos vendidos en ventas de muestra.<\/p><p>Las devoluciones deben enviarse a la siguiente direcci\u00f3n: Av. De las Encinas 17, San Sebasti\u00e1n de los Reyes 28707 Madrid, Espa\u00f1a.<\/p><p>Tenga en cuenta que SURCO HAUS se reserva el derecho de rechazar todas las devoluciones que no cumplan con estas condiciones.<\/p><p>Si recibe un pedido err\u00f3neo o un producto defectuoso, le pedimos que se comunique con nosotros de inmediato, dentro de las 24 horas, a la siguiente direcci\u00f3n de correo electr\u00f3nico, indicando el error o defecto, junto con sus datos personales: info@surcohaus.com.<\/p><p>#N\u00famero de pedido \/ El n\u00famero de pedido. Puede encontrarlo en los correos electr\u00f3nicos de confirmaci\u00f3n, recepci\u00f3n y entrega.<\/p><p>Puede encontrar nuestra pol\u00edtica de devoluciones detallada en nuestra p\u00e1gina &#8220;T\u00e9rminos de Servicio&#8221;.<\/p>\t\t\t\t\t\t\t\t<\/div>\n\t\t\t\t<\/div>\n\t\t\t\t\t<\/div>\n\t\t<\/div>\n\t\t\t\t\t<\/div>\n\t\t<\/section>\n\t\t\t\t<\/div>","protected":false},"excerpt":{"rendered":"<p>EXCHANGES &#038; RETURNS We pride ourselves on providing high quality service, and ensuring you are happy with your order.\u00a0 With [&hellip;]<\/p>\n","protected":false},"author":3,"featured_media":0,"parent":0,"menu_order":0,"comment_status":"closed","ping_status":"closed","template":"","meta":{"_acf_changed":false,"site-sidebar-layout":"no-sidebar","site-content-layout":"page-builder","ast-site-content-layout":"default","site-content-style":"default","site-sidebar-style":"default","ast-global-header-display":"","ast-banner-title-visibility":"","ast-main-header-display":"","ast-hfb-above-header-display":"","ast-hfb-below-header-display":"","ast-hfb-mobile-header-display":"","site-post-title":"disabled","ast-breadcrumbs-content":"","ast-featured-img":"disabled","footer-sml-layout":"","ast-disable-related-posts":"","theme-transparent-header-meta":"enabled","adv-header-id-meta":"","stick-header-meta":"","header-above-stick-meta":"","header-main-stick-meta":"","header-below-stick-meta":"","astra-migrate-meta-layouts":"default","ast-page-background-enabled":"default","ast-page-background-meta":{"desktop":{"background-color":"var(--ast-global-color-4)","background-image":"","background-repeat":"repeat","background-position":"center center","background-size":"auto","background-attachment":"scroll","background-type":"","background-media":"","overlay-type":"","overlay-color":"","overlay-opacity":"","overlay-gradient":""},"tablet":{"background-color":"","background-image":"","background-repeat":"repeat","background-position":"center center","background-size":"auto","background-attachment":"scroll","background-type":"","background-media":"","overlay-type":"","overlay-color":"","overlay-opacity":"","overlay-gradient":""},"mobile":{"background-color":"","background-image":"","background-repeat":"repeat","background-position":"center center","background-size":"auto","background-attachment":"scroll","background-type":"","background-media":"","overlay-type":"","overlay-color":"","overlay-opacity":"","overlay-gradient":""}},"ast-content-background-meta":{"desktop":{"background-color":"var(--ast-global-color-5)","background-image":"","background-repeat":"repeat","background-position":"center center","background-size":"auto","background-attachment":"scroll","background-type":"","background-media":"","overlay-type":"","overlay-color":"","overlay-opacity":"","overlay-gradient":""},"tablet":{"background-color":"var(--ast-global-color-5)","background-image":"","background-repeat":"repeat","background-position":"center center","background-size":"auto","background-attachment":"scroll","background-type":"","background-media":"","overlay-type":"","overlay-color":"","overlay-opacity":"","overlay-gradient":""},"mobile":{"background-color":"var(--ast-global-color-5)","background-image":"","background-repeat":"repeat","background-position":"center center","background-size":"auto","background-attachment":"scroll","background-type":"","background-media":"","overlay-type":"","overlay-color":"","overlay-opacity":"","overlay-gradient":""}},"footnotes":""},"class_list":["post-2169","page","type-page","status-publish","hentry"],"acf":[],"yoast_head":"<!-- This site is optimized with the Yoast SEO plugin v27.4 - https:\/\/yoast.com\/product\/yoast-seo-wordpress\/ -->\n<title>Exchanges &amp; Returns &#8226; Surco HAUS<\/title>\n<meta name=\"robots\" content=\"index, follow, max-snippet:-1, max-image-preview:large, max-video-preview:-1\" \/>\n<link rel=\"canonical\" href=\"https:\/\/surcohaus.com\/es\/exchanges-returns\/\" \/>\n<meta property=\"og:locale\" content=\"es_ES\" \/>\n<meta property=\"og:type\" content=\"article\" \/>\n<meta property=\"og:title\" content=\"Exchanges &amp; Returns &#8226; Surco HAUS\" \/>\n<meta property=\"og:description\" content=\"EXCHANGES &#038; RETURNS We pride ourselves on providing high quality service, and ensuring you are happy with your order.\u00a0 With [&hellip;]\" \/>\n<meta property=\"og:url\" content=\"https:\/\/surcohaus.com\/es\/exchanges-returns\/\" \/>\n<meta property=\"og:site_name\" content=\"Surco HAUS\" \/>\n<meta property=\"article:publisher\" content=\"https:\/\/www.facebook.com\/surcohaus\" \/>\n<meta property=\"article:modified_time\" content=\"2024-10-13T04:58:01+00:00\" \/>\n<meta name=\"twitter:card\" content=\"summary_large_image\" \/>\n<meta name=\"twitter:label1\" content=\"Tiempo de lectura\" \/>\n\t<meta name=\"twitter:data1\" content=\"4 minutos\" \/>\n<script type=\"application\/ld+json\" class=\"yoast-schema-graph\">{\"@context\":\"https:\\\/\\\/schema.org\",\"@graph\":[{\"@type\":\"WebPage\",\"@id\":\"https:\\\/\\\/surcohaus.com\\\/exchanges-returns\\\/\",\"url\":\"https:\\\/\\\/surcohaus.com\\\/exchanges-returns\\\/\",\"name\":\"Exchanges & Returns &#8226; Surco HAUS\",\"isPartOf\":{\"@id\":\"https:\\\/\\\/surcohaus.com\\\/#website\"},\"datePublished\":\"2024-04-07T05:00:11+00:00\",\"dateModified\":\"2024-10-13T04:58:01+00:00\",\"breadcrumb\":{\"@id\":\"https:\\\/\\\/surcohaus.com\\\/exchanges-returns\\\/#breadcrumb\"},\"inLanguage\":\"es\",\"potentialAction\":[{\"@type\":\"ReadAction\",\"target\":[\"https:\\\/\\\/surcohaus.com\\\/exchanges-returns\\\/\"]}]},{\"@type\":\"BreadcrumbList\",\"@id\":\"https:\\\/\\\/surcohaus.com\\\/exchanges-returns\\\/#breadcrumb\",\"itemListElement\":[{\"@type\":\"ListItem\",\"position\":1,\"name\":\"Home\",\"item\":\"https:\\\/\\\/surcohaus.com\\\/\"},{\"@type\":\"ListItem\",\"position\":2,\"name\":\"Exchanges &#038; Returns\"}]},{\"@type\":\"WebSite\",\"@id\":\"https:\\\/\\\/surcohaus.com\\\/#website\",\"url\":\"https:\\\/\\\/surcohaus.com\\\/\",\"name\":\"Surco\",\"description\":\"Wood furniture\",\"publisher\":{\"@id\":\"https:\\\/\\\/surcohaus.com\\\/#organization\"},\"alternateName\":\"Surco\",\"potentialAction\":[{\"@type\":\"SearchAction\",\"target\":{\"@type\":\"EntryPoint\",\"urlTemplate\":\"https:\\\/\\\/surcohaus.com\\\/?s={search_term_string}\"},\"query-input\":{\"@type\":\"PropertyValueSpecification\",\"valueRequired\":true,\"valueName\":\"search_term_string\"}}],\"inLanguage\":\"es\"},{\"@type\":\"Organization\",\"@id\":\"https:\\\/\\\/surcohaus.com\\\/#organization\",\"name\":\"Surco\",\"url\":\"https:\\\/\\\/surcohaus.com\\\/\",\"logo\":{\"@type\":\"ImageObject\",\"inLanguage\":\"es\",\"@id\":\"https:\\\/\\\/surcohaus.com\\\/#\\\/schema\\\/logo\\\/image\\\/\",\"url\":\"https:\\\/\\\/surcohaus.com\\\/wp-content\\\/uploads\\\/2021\\\/11\\\/SRC-LOGO-BRUMA-2.webp\",\"contentUrl\":\"https:\\\/\\\/surcohaus.com\\\/wp-content\\\/uploads\\\/2021\\\/11\\\/SRC-LOGO-BRUMA-2.webp\",\"width\":687,\"height\":249,\"caption\":\"Surco\"},\"image\":{\"@id\":\"https:\\\/\\\/surcohaus.com\\\/#\\\/schema\\\/logo\\\/image\\\/\"},\"sameAs\":[\"https:\\\/\\\/www.facebook.com\\\/surcohaus\"]}]}<\/script>\n<!-- \/ Yoast SEO plugin. -->","yoast_head_json":{"title":"Exchanges & Returns &#8226; Surco HAUS","robots":{"index":"index","follow":"follow","max-snippet":"max-snippet:-1","max-image-preview":"max-image-preview:large","max-video-preview":"max-video-preview:-1"},"canonical":"https:\/\/surcohaus.com\/es\/exchanges-returns\/","og_locale":"es_ES","og_type":"article","og_title":"Exchanges & Returns &#8226; Surco HAUS","og_description":"EXCHANGES &#038; RETURNS We pride ourselves on providing high quality service, and ensuring you are happy with your order.\u00a0 With [&hellip;]","og_url":"https:\/\/surcohaus.com\/es\/exchanges-returns\/","og_site_name":"Surco HAUS","article_publisher":"https:\/\/www.facebook.com\/surcohaus","article_modified_time":"2024-10-13T04:58:01+00:00","twitter_card":"summary_large_image","twitter_misc":{"Tiempo de lectura":"4 minutos"},"schema":{"@context":"https:\/\/schema.org","@graph":[{"@type":"WebPage","@id":"https:\/\/surcohaus.com\/exchanges-returns\/","url":"https:\/\/surcohaus.com\/exchanges-returns\/","name":"Exchanges & Returns &#8226; Surco HAUS","isPartOf":{"@id":"https:\/\/surcohaus.com\/#website"},"datePublished":"2024-04-07T05:00:11+00:00","dateModified":"2024-10-13T04:58:01+00:00","breadcrumb":{"@id":"https:\/\/surcohaus.com\/exchanges-returns\/#breadcrumb"},"inLanguage":"es","potentialAction":[{"@type":"ReadAction","target":["https:\/\/surcohaus.com\/exchanges-returns\/"]}]},{"@type":"BreadcrumbList","@id":"https:\/\/surcohaus.com\/exchanges-returns\/#breadcrumb","itemListElement":[{"@type":"ListItem","position":1,"name":"Home","item":"https:\/\/surcohaus.com\/"},{"@type":"ListItem","position":2,"name":"Exchanges &#038; Returns"}]},{"@type":"WebSite","@id":"https:\/\/surcohaus.com\/#website","url":"https:\/\/surcohaus.com\/","name":"Surco","description":"Wood furniture","publisher":{"@id":"https:\/\/surcohaus.com\/#organization"},"alternateName":"Surco","potentialAction":[{"@type":"SearchAction","target":{"@type":"EntryPoint","urlTemplate":"https:\/\/surcohaus.com\/?s={search_term_string}"},"query-input":{"@type":"PropertyValueSpecification","valueRequired":true,"valueName":"search_term_string"}}],"inLanguage":"es"},{"@type":"Organization","@id":"https:\/\/surcohaus.com\/#organization","name":"Surco","url":"https:\/\/surcohaus.com\/","logo":{"@type":"ImageObject","inLanguage":"es","@id":"https:\/\/surcohaus.com\/#\/schema\/logo\/image\/","url":"https:\/\/surcohaus.com\/wp-content\/uploads\/2021\/11\/SRC-LOGO-BRUMA-2.webp","contentUrl":"https:\/\/surcohaus.com\/wp-content\/uploads\/2021\/11\/SRC-LOGO-BRUMA-2.webp","width":687,"height":249,"caption":"Surco"},"image":{"@id":"https:\/\/surcohaus.com\/#\/schema\/logo\/image\/"},"sameAs":["https:\/\/www.facebook.com\/surcohaus"]}]}},"_links":{"self":[{"href":"https:\/\/surcohaus.com\/es\/wp-json\/wp\/v2\/pages\/2169","targetHints":{"allow":["GET"]}}],"collection":[{"href":"https:\/\/surcohaus.com\/es\/wp-json\/wp\/v2\/pages"}],"about":[{"href":"https:\/\/surcohaus.com\/es\/wp-json\/wp\/v2\/types\/page"}],"author":[{"embeddable":true,"href":"https:\/\/surcohaus.com\/es\/wp-json\/wp\/v2\/users\/3"}],"replies":[{"embeddable":true,"href":"https:\/\/surcohaus.com\/es\/wp-json\/wp\/v2\/comments?post=2169"}],"version-history":[{"count":3,"href":"https:\/\/surcohaus.com\/es\/wp-json\/wp\/v2\/pages\/2169\/revisions"}],"predecessor-version":[{"id":3091,"href":"https:\/\/surcohaus.com\/es\/wp-json\/wp\/v2\/pages\/2169\/revisions\/3091"}],"wp:attachment":[{"href":"https:\/\/surcohaus.com\/es\/wp-json\/wp\/v2\/media?parent=2169"}],"curies":[{"name":"wp","href":"https:\/\/api.w.org\/{rel}","templated":true}]}}