{"id":2188,"date":"2024-04-07T05:09:23","date_gmt":"2024-04-07T05:09:23","guid":{"rendered":"https:\/\/surcohaus.com\/?page_id=2188"},"modified":"2024-10-13T04:57:27","modified_gmt":"2024-10-13T04:57:27","slug":"privacy-policy","status":"publish","type":"page","link":"https:\/\/surcohaus.com\/es\/privacy-policy\/","title":{"rendered":"POL\u00cdTICA DE PRIVACIDAD"},"content":{"rendered":"<div data-elementor-type=\"wp-page\" data-elementor-id=\"2188\" class=\"elementor elementor-2188\" data-elementor-post-type=\"page\">\n\t\t\t\t\t\t<section class=\"elementor-section elementor-top-section elementor-element elementor-element-fd5cd02 elementor-section-height-min-height elementor-section-boxed elementor-section-height-default elementor-section-items-middle\" data-id=\"fd5cd02\" data-element_type=\"section\" data-e-type=\"section\" data-settings=\"{&quot;background_background&quot;:&quot;classic&quot;}\">\n\t\t\t\t\t\t\t<div class=\"elementor-background-overlay\"><\/div>\n\t\t\t\t\t\t\t<div class=\"elementor-container elementor-column-gap-default\">\n\t\t\t\t\t<div class=\"elementor-column elementor-col-100 elementor-top-column elementor-element elementor-element-b16702a\" data-id=\"b16702a\" data-element_type=\"column\" data-e-type=\"column\">\n\t\t\t<div class=\"elementor-widget-wrap elementor-element-populated\">\n\t\t\t\t\t\t<div class=\"elementor-element elementor-element-6b66964 animated-slow elementor-invisible elementor-widget elementor-widget-heading\" data-id=\"6b66964\" data-element_type=\"widget\" data-e-type=\"widget\" data-settings=\"{&quot;_animation&quot;:&quot;fadeIn&quot;}\" data-widget_type=\"heading.default\">\n\t\t\t\t<div class=\"elementor-widget-container\">\n\t\t\t\t\t<h1 class=\"elementor-heading-title elementor-size-default\">POL\u00cdTICA DE PRIVACIDAD<\/h1>\t\t\t\t<\/div>\n\t\t\t\t<\/div>\n\t\t\t\t<div class=\"elementor-element elementor-element-6ca4bea elementor-widget__width-initial animated-slow elementor-invisible elementor-widget elementor-widget-text-editor\" data-id=\"6ca4bea\" data-element_type=\"widget\" data-e-type=\"widget\" data-settings=\"{&quot;_animation&quot;:&quot;fadeIn&quot;,&quot;_animation_delay&quot;:400}\" data-widget_type=\"text-editor.default\">\n\t\t\t\t<div class=\"elementor-widget-container\">\n\t\t\t\t\t<style>.elementor-element-6ca4bea{display:none !important}<\/style>\t\t\t\t<\/div>\n\t\t\t\t<\/div>\n\t\t\t\t<div class=\"elementor-element elementor-element-081775f elementor-widget__width-initial animated-slow elementor-invisible elementor-widget elementor-widget-text-editor\" data-id=\"081775f\" data-element_type=\"widget\" data-e-type=\"widget\" data-settings=\"{&quot;_animation&quot;:&quot;fadeIn&quot;,&quot;_animation_delay&quot;:400}\" data-widget_type=\"text-editor.default\">\n\t\t\t\t<div class=\"elementor-widget-container\">\n\t\t\t\t\t\t\t\t\t<p><strong>SECCI\u00d3N 1 &#8211; \u00bfQU\u00c9 HACEMOS CON TU INFORMACI\u00d3N?<\/strong><\/p><p>Cuando compras algo en nuestra tienda, como parte del proceso de compra y venta, recopilamos la informaci\u00f3n personal que nos proporcionas, como: nombre, direcci\u00f3n y correo electr\u00f3nico.<\/p><p>Cuando navegas por nuestra tienda, tambi\u00e9n recibimos autom\u00e1ticamente la direcci\u00f3n de Protocolo de Internet (IP) de tu computadora para proporcionarnos informaci\u00f3n que nos ayuda a aprender sobre tu navegador y sistema operativo.<\/p><p>Marketing por correo electr\u00f3nico (si corresponde): Con tu permiso, podemos enviarte correos electr\u00f3nicos sobre nuestra tienda, nuevos productos y otras actualizaciones.<\/p><p><strong>SECCI\u00d3N 2 &#8211; CONSENTIMIENTO<\/strong><\/p><p>\u00bfC\u00f3mo obtienes mi consentimiento?<\/p><p>Cuando nos proporcionas tu informaci\u00f3n personal para completar una transacci\u00f3n, verificar tu tarjeta de cr\u00e9dito, crear un pedido, organizar un env\u00edo o realizar una devoluci\u00f3n, implicamos que aceptas la recopilaci\u00f3n y el uso de esa informaci\u00f3n solo para ese motivo espec\u00edfico.<\/p><p>Si solicitamos tu informaci\u00f3n personal por un motivo secundario, como marketing, te pediremos directamente tu consentimiento expreso, o te daremos la oportunidad de negarte.<\/p><p>\u00bfC\u00f3mo puedo retirar mi consentimiento?<\/p><p>Si despu\u00e9s de aceptar cambias de opini\u00f3n, puedes retirar tu consentimiento para que nos comuniquemos contigo, para la recopilaci\u00f3n, uso o divulgaci\u00f3n de tu informaci\u00f3n, en cualquier momento, contact\u00e1ndonos a info@surcohaus.com o escribiendo a: SURCO HAUS S.L., Av. De Las Encinas 17, San Sebastian de los Reyes, 28707, Madrid, Espa\u00f1a.<\/p><p><strong>SECCI\u00d3N 3 &#8211; DIVULGACI\u00d3N<\/strong><\/p><p>Podemos divulgar tu informaci\u00f3n personal si se nos requiere por ley o si violas nuestros T\u00e9rminos de Servicio.<\/p><p><strong>SECCI\u00d3N 4 &#8211; STRIPE<\/strong><\/p><p>Para ofrecerte m\u00e9todos de pago de Stripe, en el momento del pago, podemos transmitir a Stripe durante el proceso de compra tus datos personales incluidos en el formulario de contacto y los detalles del pedido, para que Stripe pueda evaluar si cumples con los requisitos para acceder a tus m\u00e9todos de pago y para adaptar estos m\u00e9todos de pago a tu perfil. Tus datos personales se tratan de acuerdo con las disposiciones de la pol\u00edtica de privacidad de Stripe. Si eliges una pasarela de pago directo para completar tu compra, Stripe almacena los datos de tu tarjeta de cr\u00e9dito. Est\u00e1 cifrada mediante el Est\u00e1ndar de Seguridad de Datos de la Industria de Tarjetas de Pago (PCI-DSS). Los datos de tu transacci\u00f3n de compra se almacenan solo en la medida necesaria para completar la transacci\u00f3n de compra. Despu\u00e9s de que se complete, la informaci\u00f3n de tu transacci\u00f3n de compra se elimina.<\/p><p>Todas las pasarelas de pago directo cumplen con los est\u00e1ndares establecidos por PCI-DSS seg\u00fan lo descrito por el Consejo de Normas de Seguridad de PCI, que es un esfuerzo conjunto de marcas como Visa, MasterCard, American Express y Discover.<\/p><p>Los requisitos de PCI-DSS ayudan a garantizar el manejo seguro de la informaci\u00f3n de la tarjeta de cr\u00e9dito de las tiendas y sus proveedores de servicios.<\/p><p><strong>SECCI\u00d3N 5 &#8211; SERVICIOS DE TERCEROS<\/strong><\/p><p>En general, los proveedores de terceros utilizados por nosotros solo recopilar\u00e1n, utilizar\u00e1n y divulgar\u00e1n tu informaci\u00f3n en la medida necesaria para permitirles realizar los servicios que nos brindan.<\/p><p>Sin embargo, algunos proveedores de servicios de terceros, como pasarelas de pago y otros procesadores de transacciones de pago, tienen sus propias pol\u00edticas de privacidad con respecto a la informaci\u00f3n que estamos obligados a proporcionarles para transacciones relacionadas con compras.<\/p><p>Para estos proveedores, te recomendamos que leas las pol\u00edticas de privacidad para que puedas entender c\u00f3mo manejar\u00e1n tu informaci\u00f3n personal.<\/p><p>En particular, recuerda que algunos proveedores pueden estar ubicados o tener instalaciones que est\u00e1n en una jurisdicci\u00f3n diferente a ti o a nosotros. Por lo tanto, si deseas continuar con una transacci\u00f3n que involucra los servicios de un proveedor de servicios de terceros, tu informaci\u00f3n puede estar sujeta a las leyes de la jurisdicci\u00f3n (jurisdicciones) en la que se encuentra el proveedor de servicios o sus instalaciones.<\/p><p>Una vez que abandonas el sitio web de nuestra tienda o te rediriges a un sitio o aplicaci\u00f3n de terceros, ya no est\u00e1s siendo regulado por esta Pol\u00edtica de Privacidad ni por los T\u00e9rminos de Servicio de nuestro sitio web.<\/p><p>Cuando haces clic en enlaces en nuestra tienda, es posible que se te redirija fuera de nuestro sitio. No somos responsables de las pr\u00e1cticas de privacidad de otros sitios y te recomendamos que leas sus pol\u00edticas de privacidad.<\/p><p><strong>SECCI\u00d3N 6 &#8211; SEGURIDAD<\/strong><\/p><p>Para proteger tu informaci\u00f3n personal, tomamos precauciones razonables y seguimos las mejores pr\u00e1cticas de la industria para asegurarnos de que no se pierda de manera inapropiada, se mal utilice, se acceda, se divulgue, se altere o se destruya.<\/p><p>Si nos proporcionas la informaci\u00f3n de tu tarjeta de cr\u00e9dito, esta informaci\u00f3n se cifra mediante la tecnolog\u00eda de Capa de Conexi\u00f3n Segura (SSL) y se almacena con cifrado AES-256. Aunque ning\u00fan m\u00e9todo de transmisi\u00f3n a trav\u00e9s de Internet o de almacenamiento electr\u00f3nico es 100% seguro, seguimos todos los requisitos de PCI-DSS e implementamos est\u00e1ndares adicionales aceptados por la industria.<\/p><p><strong>SECCI\u00d3N 7 &#8211; EDAD DE CONSENTIMIENTO<\/strong><\/p><p>Al usar este sitio, declaras que tienes al menos la mayor\u00eda de edad en tu estado o provincia de residencia y que nos has dado tu consentimiento para permitir que cualquier dependiente menor de edad que tengas use este sitio.<\/p><p><strong>SECCI\u00d3N 8 &#8211; CAMBIOS A ESTA POL\u00cdTICA DE PRIVACIDAD<\/strong><\/p><p>Nos reservamos el derecho de modificar esta pol\u00edtica de privacidad en cualquier momento, as\u00ed que rev\u00edsala con frecuencia. Los cambios y aclaraciones entrar\u00e1n en vigencia inmediatamente despu\u00e9s de su publicaci\u00f3n en el sitio web. Si realizamos cambios materiales en esta pol\u00edtica, te notificaremos aqu\u00ed que se ha actualizado, para que est\u00e9s al tanto de qu\u00e9 informaci\u00f3n recopilamos, c\u00f3mo la usamos y bajo qu\u00e9 circunstancias, si las hubiere, la usamos y\/o divulgamos.<\/p><p>Si nuestra tienda es adquirida o se fusiona con otra empresa, tu informaci\u00f3n puede ser transferida a los nuevos propietarios, para que podamos continuar vendi\u00e9ndote productos.<\/p><p><strong>PREGUNTAS E INFORMACI\u00d3N DE CONTACTO<\/strong><\/p><p>Si deseas: acceder, corregir, enmendar o eliminar cualquier informaci\u00f3n personal que tengamos sobre ti, presentar una queja o simplemente deseas m\u00e1s informaci\u00f3n, cont\u00e1ctanos en info@surcohaus.com.<\/p>\t\t\t\t\t\t\t\t<\/div>\n\t\t\t\t<\/div>\n\t\t\t\t\t<\/div>\n\t\t<\/div>\n\t\t\t\t\t<\/div>\n\t\t<\/section>\n\t\t\t\t<\/div>","protected":false},"excerpt":{"rendered":"<p>PRIVACY POLICY SECTION 1 &#8211; WHAT DO WE DO WITH YOUR INFORMATION? When you buy something in our store, as [&hellip;]<\/p>\n","protected":false},"author":3,"featured_media":0,"parent":0,"menu_order":0,"comment_status":"closed","ping_status":"closed","template":"","meta":{"_acf_changed":false,"site-sidebar-layout":"no-sidebar","site-content-layout":"page-builder","ast-site-content-layout":"default","site-content-style":"default","site-sidebar-style":"default","ast-global-header-display":"","ast-banner-title-visibility":"","ast-main-header-display":"","ast-hfb-above-header-display":"","ast-hfb-below-header-display":"","ast-hfb-mobile-header-display":"","site-post-title":"disabled","ast-breadcrumbs-content":"","ast-featured-img":"disabled","footer-sml-layout":"","ast-disable-related-posts":"","theme-transparent-header-meta":"enabled","adv-header-id-meta":"","stick-header-meta":"","header-above-stick-meta":"","header-main-stick-meta":"","header-below-stick-meta":"","astra-migrate-meta-layouts":"default","ast-page-background-enabled":"default","ast-page-background-meta":{"desktop":{"background-color":"var(--ast-global-color-4)","background-image":"","background-repeat":"repeat","background-position":"center center","background-size":"auto","background-attachment":"scroll","background-type":"","background-media":"","overlay-type":"","overlay-color":"","overlay-opacity":"","overlay-gradient":""},"tablet":{"background-color":"","background-image":"","background-repeat":"repeat","background-position":"center center","background-size":"auto","background-attachment":"scroll","background-type":"","background-media":"","overlay-type":"","overlay-color":"","overlay-opacity":"","overlay-gradient":""},"mobile":{"background-color":"","background-image":"","background-repeat":"repeat","background-position":"center center","background-size":"auto","background-attachment":"scroll","background-type":"","background-media":"","overlay-type":"","overlay-color":"","overlay-opacity":"","overlay-gradient":""}},"ast-content-background-meta":{"desktop":{"background-color":"var(--ast-global-color-5)","background-image":"","background-repeat":"repeat","background-position":"center center","background-size":"auto","background-attachment":"scroll","background-type":"","background-media":"","overlay-type":"","overlay-color":"","overlay-opacity":"","overlay-gradient":""},"tablet":{"background-color":"var(--ast-global-color-5)","background-image":"","background-repeat":"repeat","background-position":"center center","background-size":"auto","background-attachment":"scroll","background-type":"","background-media":"","overlay-type":"","overlay-color":"","overlay-opacity":"","overlay-gradient":""},"mobile":{"background-color":"var(--ast-global-color-5)","background-image":"","background-repeat":"repeat","background-position":"center center","background-size":"auto","background-attachment":"scroll","background-type":"","background-media":"","overlay-type":"","overlay-color":"","overlay-opacity":"","overlay-gradient":""}},"footnotes":""},"class_list":["post-2188","page","type-page","status-publish","hentry"],"acf":[],"yoast_head":"<!-- This site is optimized with the Yoast SEO plugin v27.4 - https:\/\/yoast.com\/product\/yoast-seo-wordpress\/ -->\n<title>Privacy Policy &#8226; Surco HAUS<\/title>\n<meta name=\"robots\" content=\"index, follow, max-snippet:-1, max-image-preview:large, max-video-preview:-1\" \/>\n<link rel=\"canonical\" href=\"https:\/\/surcohaus.com\/es\/privacy-policy\/\" \/>\n<meta property=\"og:locale\" content=\"es_ES\" \/>\n<meta property=\"og:type\" content=\"article\" \/>\n<meta property=\"og:title\" content=\"Privacy Policy &#8226; Surco HAUS\" \/>\n<meta property=\"og:description\" content=\"PRIVACY POLICY SECTION 1 &#8211; WHAT DO WE DO WITH YOUR INFORMATION? When you buy something in our store, as [&hellip;]\" \/>\n<meta property=\"og:url\" content=\"https:\/\/surcohaus.com\/es\/privacy-policy\/\" \/>\n<meta property=\"og:site_name\" content=\"Surco HAUS\" \/>\n<meta property=\"article:publisher\" content=\"https:\/\/www.facebook.com\/surcohaus\" \/>\n<meta property=\"article:modified_time\" content=\"2024-10-13T04:57:27+00:00\" \/>\n<meta name=\"twitter:card\" content=\"summary_large_image\" \/>\n<meta name=\"twitter:label1\" content=\"Tiempo de lectura\" \/>\n\t<meta name=\"twitter:data1\" content=\"9 minutos\" \/>\n<script type=\"application\/ld+json\" class=\"yoast-schema-graph\">{\"@context\":\"https:\\\/\\\/schema.org\",\"@graph\":[{\"@type\":\"WebPage\",\"@id\":\"https:\\\/\\\/surcohaus.com\\\/privacy-policy\\\/\",\"url\":\"https:\\\/\\\/surcohaus.com\\\/privacy-policy\\\/\",\"name\":\"Privacy Policy &#8226; Surco HAUS\",\"isPartOf\":{\"@id\":\"https:\\\/\\\/surcohaus.com\\\/#website\"},\"datePublished\":\"2024-04-07T05:09:23+00:00\",\"dateModified\":\"2024-10-13T04:57:27+00:00\",\"breadcrumb\":{\"@id\":\"https:\\\/\\\/surcohaus.com\\\/privacy-policy\\\/#breadcrumb\"},\"inLanguage\":\"es\",\"potentialAction\":[{\"@type\":\"ReadAction\",\"target\":[\"https:\\\/\\\/surcohaus.com\\\/privacy-policy\\\/\"]}]},{\"@type\":\"BreadcrumbList\",\"@id\":\"https:\\\/\\\/surcohaus.com\\\/privacy-policy\\\/#breadcrumb\",\"itemListElement\":[{\"@type\":\"ListItem\",\"position\":1,\"name\":\"Home\",\"item\":\"https:\\\/\\\/surcohaus.com\\\/\"},{\"@type\":\"ListItem\",\"position\":2,\"name\":\"Privacy Policy\"}]},{\"@type\":\"WebSite\",\"@id\":\"https:\\\/\\\/surcohaus.com\\\/#website\",\"url\":\"https:\\\/\\\/surcohaus.com\\\/\",\"name\":\"Surco\",\"description\":\"Wood furniture\",\"publisher\":{\"@id\":\"https:\\\/\\\/surcohaus.com\\\/#organization\"},\"alternateName\":\"Surco\",\"potentialAction\":[{\"@type\":\"SearchAction\",\"target\":{\"@type\":\"EntryPoint\",\"urlTemplate\":\"https:\\\/\\\/surcohaus.com\\\/?s={search_term_string}\"},\"query-input\":{\"@type\":\"PropertyValueSpecification\",\"valueRequired\":true,\"valueName\":\"search_term_string\"}}],\"inLanguage\":\"es\"},{\"@type\":\"Organization\",\"@id\":\"https:\\\/\\\/surcohaus.com\\\/#organization\",\"name\":\"Surco\",\"url\":\"https:\\\/\\\/surcohaus.com\\\/\",\"logo\":{\"@type\":\"ImageObject\",\"inLanguage\":\"es\",\"@id\":\"https:\\\/\\\/surcohaus.com\\\/#\\\/schema\\\/logo\\\/image\\\/\",\"url\":\"https:\\\/\\\/surcohaus.com\\\/wp-content\\\/uploads\\\/2021\\\/11\\\/SRC-LOGO-BRUMA-2.webp\",\"contentUrl\":\"https:\\\/\\\/surcohaus.com\\\/wp-content\\\/uploads\\\/2021\\\/11\\\/SRC-LOGO-BRUMA-2.webp\",\"width\":687,\"height\":249,\"caption\":\"Surco\"},\"image\":{\"@id\":\"https:\\\/\\\/surcohaus.com\\\/#\\\/schema\\\/logo\\\/image\\\/\"},\"sameAs\":[\"https:\\\/\\\/www.facebook.com\\\/surcohaus\"]}]}<\/script>\n<!-- \/ Yoast SEO plugin. -->","yoast_head_json":{"title":"Privacy Policy &#8226; Surco HAUS","robots":{"index":"index","follow":"follow","max-snippet":"max-snippet:-1","max-image-preview":"max-image-preview:large","max-video-preview":"max-video-preview:-1"},"canonical":"https:\/\/surcohaus.com\/es\/privacy-policy\/","og_locale":"es_ES","og_type":"article","og_title":"Privacy Policy &#8226; Surco HAUS","og_description":"PRIVACY POLICY SECTION 1 &#8211; WHAT DO WE DO WITH YOUR INFORMATION? When you buy something in our store, as [&hellip;]","og_url":"https:\/\/surcohaus.com\/es\/privacy-policy\/","og_site_name":"Surco HAUS","article_publisher":"https:\/\/www.facebook.com\/surcohaus","article_modified_time":"2024-10-13T04:57:27+00:00","twitter_card":"summary_large_image","twitter_misc":{"Tiempo de lectura":"9 minutos"},"schema":{"@context":"https:\/\/schema.org","@graph":[{"@type":"WebPage","@id":"https:\/\/surcohaus.com\/privacy-policy\/","url":"https:\/\/surcohaus.com\/privacy-policy\/","name":"Privacy Policy &#8226; Surco HAUS","isPartOf":{"@id":"https:\/\/surcohaus.com\/#website"},"datePublished":"2024-04-07T05:09:23+00:00","dateModified":"2024-10-13T04:57:27+00:00","breadcrumb":{"@id":"https:\/\/surcohaus.com\/privacy-policy\/#breadcrumb"},"inLanguage":"es","potentialAction":[{"@type":"ReadAction","target":["https:\/\/surcohaus.com\/privacy-policy\/"]}]},{"@type":"BreadcrumbList","@id":"https:\/\/surcohaus.com\/privacy-policy\/#breadcrumb","itemListElement":[{"@type":"ListItem","position":1,"name":"Home","item":"https:\/\/surcohaus.com\/"},{"@type":"ListItem","position":2,"name":"Privacy Policy"}]},{"@type":"WebSite","@id":"https:\/\/surcohaus.com\/#website","url":"https:\/\/surcohaus.com\/","name":"Surco","description":"Wood furniture","publisher":{"@id":"https:\/\/surcohaus.com\/#organization"},"alternateName":"Surco","potentialAction":[{"@type":"SearchAction","target":{"@type":"EntryPoint","urlTemplate":"https:\/\/surcohaus.com\/?s={search_term_string}"},"query-input":{"@type":"PropertyValueSpecification","valueRequired":true,"valueName":"search_term_string"}}],"inLanguage":"es"},{"@type":"Organization","@id":"https:\/\/surcohaus.com\/#organization","name":"Surco","url":"https:\/\/surcohaus.com\/","logo":{"@type":"ImageObject","inLanguage":"es","@id":"https:\/\/surcohaus.com\/#\/schema\/logo\/image\/","url":"https:\/\/surcohaus.com\/wp-content\/uploads\/2021\/11\/SRC-LOGO-BRUMA-2.webp","contentUrl":"https:\/\/surcohaus.com\/wp-content\/uploads\/2021\/11\/SRC-LOGO-BRUMA-2.webp","width":687,"height":249,"caption":"Surco"},"image":{"@id":"https:\/\/surcohaus.com\/#\/schema\/logo\/image\/"},"sameAs":["https:\/\/www.facebook.com\/surcohaus"]}]}},"_links":{"self":[{"href":"https:\/\/surcohaus.com\/es\/wp-json\/wp\/v2\/pages\/2188","targetHints":{"allow":["GET"]}}],"collection":[{"href":"https:\/\/surcohaus.com\/es\/wp-json\/wp\/v2\/pages"}],"about":[{"href":"https:\/\/surcohaus.com\/es\/wp-json\/wp\/v2\/types\/page"}],"author":[{"embeddable":true,"href":"https:\/\/surcohaus.com\/es\/wp-json\/wp\/v2\/users\/3"}],"replies":[{"embeddable":true,"href":"https:\/\/surcohaus.com\/es\/wp-json\/wp\/v2\/comments?post=2188"}],"version-history":[{"count":3,"href":"https:\/\/surcohaus.com\/es\/wp-json\/wp\/v2\/pages\/2188\/revisions"}],"predecessor-version":[{"id":3085,"href":"https:\/\/surcohaus.com\/es\/wp-json\/wp\/v2\/pages\/2188\/revisions\/3085"}],"wp:attachment":[{"href":"https:\/\/surcohaus.com\/es\/wp-json\/wp\/v2\/media?parent=2188"}],"curies":[{"name":"wp","href":"https:\/\/api.w.org\/{rel}","templated":true}]}}