{"id":2743,"date":"2024-05-24T00:12:43","date_gmt":"2024-05-24T00:12:43","guid":{"rendered":"https:\/\/surcohaus.com\/?page_id=2743"},"modified":"2024-10-13T04:58:20","modified_gmt":"2024-10-13T04:58:20","slug":"shipping-delivery","status":"publish","type":"page","link":"https:\/\/surcohaus.com\/es\/shipping-delivery\/","title":{"rendered":"Shipping &#038; Delivery"},"content":{"rendered":"<div data-elementor-type=\"wp-page\" data-elementor-id=\"2743\" class=\"elementor elementor-2743\" data-elementor-post-type=\"page\">\n\t\t\t\t\t\t<section class=\"elementor-section elementor-top-section elementor-element elementor-element-fd5cd02 elementor-section-height-min-height elementor-section-boxed elementor-section-height-default elementor-section-items-middle\" data-id=\"fd5cd02\" data-element_type=\"section\" data-e-type=\"section\" data-settings=\"{&quot;background_background&quot;:&quot;classic&quot;}\">\n\t\t\t\t\t\t\t<div class=\"elementor-background-overlay\"><\/div>\n\t\t\t\t\t\t\t<div class=\"elementor-container elementor-column-gap-default\">\n\t\t\t\t\t<div class=\"elementor-column elementor-col-100 elementor-top-column elementor-element elementor-element-b16702a\" data-id=\"b16702a\" data-element_type=\"column\" data-e-type=\"column\">\n\t\t\t<div class=\"elementor-widget-wrap elementor-element-populated\">\n\t\t\t\t\t\t<div class=\"elementor-element elementor-element-6b66964 animated-slow elementor-invisible elementor-widget elementor-widget-heading\" data-id=\"6b66964\" data-element_type=\"widget\" data-e-type=\"widget\" data-settings=\"{&quot;_animation&quot;:&quot;fadeIn&quot;}\" data-widget_type=\"heading.default\">\n\t\t\t\t<div class=\"elementor-widget-container\">\n\t\t\t\t\t<h1 class=\"elementor-heading-title elementor-size-default\">SHIPPING &amp; DELIVERY<\/h1>\t\t\t\t<\/div>\n\t\t\t\t<\/div>\n\t\t\t\t<div class=\"elementor-element elementor-element-6ca4bea elementor-widget__width-initial animated-slow elementor-invisible elementor-widget elementor-widget-text-editor\" data-id=\"6ca4bea\" data-element_type=\"widget\" data-e-type=\"widget\" data-settings=\"{&quot;_animation&quot;:&quot;fadeIn&quot;,&quot;_animation_delay&quot;:400}\" data-widget_type=\"text-editor.default\">\n\t\t\t\t<div class=\"elementor-widget-container\">\n\t\t\t\t\t<style>.elementor-element-6ca4bea{display:none !important}<\/style>\t\t\t\t<\/div>\n\t\t\t\t<\/div>\n\t\t\t\t<div class=\"elementor-element elementor-element-081775f elementor-widget__width-initial animated-slow elementor-invisible elementor-widget elementor-widget-text-editor\" data-id=\"081775f\" data-element_type=\"widget\" data-e-type=\"widget\" data-settings=\"{&quot;_animation&quot;:&quot;fadeIn&quot;,&quot;_animation_delay&quot;:400}\" data-widget_type=\"text-editor.default\">\n\t\t\t\t<div class=\"elementor-widget-container\">\n\t\t\t\t\t\t\t\t\t<p>El env\u00edo se organizar\u00e1 despu\u00e9s de la compra. Nos pondremos en contacto contigo por correo electr\u00f3nico.<\/p><p>Estamos encantados de ofrecer env\u00edo gratuito en todos los pedidos dentro de Espa\u00f1a. Para pedidos al Reino Unido y Europa, los costos de env\u00edo ser\u00e1n determinados por la compa\u00f1\u00eda de transporte despu\u00e9s de la compra y te informaremos de los costos de env\u00edo antes de proceder con tu pedido. Nuestro objetivo es proporcionarte las mejores opciones de env\u00edo posibles, adaptadas a tus necesidades.<\/p><p>Las entregas se realizan a pie de calle para todos los env\u00edos. Si necesitas entrega dentro del hogar, no dudes en contactarnos para hacer los arreglos; por favor, ten en cuenta que este servicio incurre en un costo adicional, que ser\u00e1 determinado por la compa\u00f1\u00eda de transporte y correr\u00e1 a cargo del cliente.<\/p><p>Todos los pedidos comienzan a prepararse cuando el pago es confirmado. Todos los pedidos son enviados desde nuestro almac\u00e9n ubicado en Espa\u00f1a, recibir\u00e1s un correo electr\u00f3nico con el seguimiento de tu pedido.<\/p><p>Nuestro tiempo de manipulaci\u00f3n para productos en stock es de 3 a 4 d\u00edas h\u00e1biles. Esto significa que tu pedido generalmente ser\u00e1 enviado dentro de este per\u00edodo. Para productos a pedido, el tiempo es de 6 a 8 semanas.<\/p><p><u>TIEMPOS DE ENV\u00cdO<\/u><\/p><p><u>Espa\u00f1a<br \/><\/u>5-6 d\u00edas h\u00e1biles<\/p><p><u>Reino Unido y Europa<br \/><\/u>7-10 d\u00edas h\u00e1biles<\/p><p>Excepcionalmente, puede haber retrasos en el tiempo de procesamiento durante el Black Friday, Navidad o lanzamientos de colecciones debido a una mayor carga de trabajo.<\/p><p>Aseg\u00farate de que todos los datos enviados sean correctos al realizar un pedido; no nos hacemos responsables de la informaci\u00f3n incorrecta \/ incompleta, como nombre, direcciones de env\u00edo o facturaci\u00f3n, c\u00f3digo postal, n\u00famero de tel\u00e9fono, etc.<\/p><p>Tu oficina de aduanas local puede requerir documentos adicionales y tiempo para despejar tu paquete, lo que puede retrasar el tiempo de entrega estimado.<\/p><p>Los precios en el sitio no incluyen impuestos ni aranceles aduaneros. Todas las obligaciones aplicables ser\u00e1n asumidas por el cliente. Desafortunadamente, no podemos estimar la cantidad de impuestos que pagar\u00e1s, pero tu aduana local deber\u00eda poder estimar el precio. Ten en cuenta que, si decides no pagar impuestos o aranceles de importaci\u00f3n y eliges rechazar el paquete, no se te reembolsar\u00e1 por tu pedido.<\/p><p>Si tienes alguna pregunta sobre el env\u00edo o necesitas ayuda con tu pedido, no dudes en ponerte en contacto con nuestro amable equipo de servicio al cliente en info@surcohaus.com. \u00a1Estamos aqu\u00ed para ayudarte!<\/p>\t\t\t\t\t\t\t\t<\/div>\n\t\t\t\t<\/div>\n\t\t\t\t\t<\/div>\n\t\t<\/div>\n\t\t\t\t\t<\/div>\n\t\t<\/section>\n\t\t\t\t<\/div>","protected":false},"excerpt":{"rendered":"<p>SHIPPING &#038; DELIVERY Shipping will be arranged after purchase. We will contact you by email. We\u2019re thrilled to offer complimentary [&hellip;]<\/p>\n","protected":false},"author":3,"featured_media":0,"parent":0,"menu_order":0,"comment_status":"closed","ping_status":"closed","template":"","meta":{"_acf_changed":false,"site-sidebar-layout":"no-sidebar","site-content-layout":"page-builder","ast-site-content-layout":"default","site-content-style":"default","site-sidebar-style":"default","ast-global-header-display":"","ast-banner-title-visibility":"","ast-main-header-display":"","ast-hfb-above-header-display":"","ast-hfb-below-header-display":"","ast-hfb-mobile-header-display":"","site-post-title":"disabled","ast-breadcrumbs-content":"","ast-featured-img":"disabled","footer-sml-layout":"","ast-disable-related-posts":"","theme-transparent-header-meta":"enabled","adv-header-id-meta":"","stick-header-meta":"","header-above-stick-meta":"","header-main-stick-meta":"","header-below-stick-meta":"","astra-migrate-meta-layouts":"default","ast-page-background-enabled":"default","ast-page-background-meta":{"desktop":{"background-color":"var(--ast-global-color-4)","background-image":"","background-repeat":"repeat","background-position":"center center","background-size":"auto","background-attachment":"scroll","background-type":"","background-media":"","overlay-type":"","overlay-color":"","overlay-opacity":"","overlay-gradient":""},"tablet":{"background-color":"","background-image":"","background-repeat":"repeat","background-position":"center center","background-size":"auto","background-attachment":"scroll","background-type":"","background-media":"","overlay-type":"","overlay-color":"","overlay-opacity":"","overlay-gradient":""},"mobile":{"background-color":"","background-image":"","background-repeat":"repeat","background-position":"center center","background-size":"auto","background-attachment":"scroll","background-type":"","background-media":"","overlay-type":"","overlay-color":"","overlay-opacity":"","overlay-gradient":""}},"ast-content-background-meta":{"desktop":{"background-color":"var(--ast-global-color-5)","background-image":"","background-repeat":"repeat","background-position":"center center","background-size":"auto","background-attachment":"scroll","background-type":"","background-media":"","overlay-type":"","overlay-color":"","overlay-opacity":"","overlay-gradient":""},"tablet":{"background-color":"var(--ast-global-color-5)","background-image":"","background-repeat":"repeat","background-position":"center center","background-size":"auto","background-attachment":"scroll","background-type":"","background-media":"","overlay-type":"","overlay-color":"","overlay-opacity":"","overlay-gradient":""},"mobile":{"background-color":"var(--ast-global-color-5)","background-image":"","background-repeat":"repeat","background-position":"center center","background-size":"auto","background-attachment":"scroll","background-type":"","background-media":"","overlay-type":"","overlay-color":"","overlay-opacity":"","overlay-gradient":""}},"footnotes":""},"class_list":["post-2743","page","type-page","status-publish","hentry"],"acf":[],"yoast_head":"<!-- This site is optimized with the Yoast SEO plugin v27.4 - https:\/\/yoast.com\/product\/yoast-seo-wordpress\/ -->\n<title>Shipping &amp; Delivery &#8226; Surco HAUS<\/title>\n<meta name=\"robots\" content=\"index, follow, max-snippet:-1, max-image-preview:large, max-video-preview:-1\" \/>\n<link rel=\"canonical\" href=\"https:\/\/surcohaus.com\/es\/shipping-delivery\/\" \/>\n<meta property=\"og:locale\" content=\"es_ES\" \/>\n<meta property=\"og:type\" content=\"article\" \/>\n<meta property=\"og:title\" content=\"Shipping &amp; Delivery &#8226; Surco HAUS\" \/>\n<meta property=\"og:description\" content=\"SHIPPING &#038; DELIVERY Shipping will be arranged after purchase. We will contact you by email. We\u2019re thrilled to offer complimentary [&hellip;]\" \/>\n<meta property=\"og:url\" content=\"https:\/\/surcohaus.com\/es\/shipping-delivery\/\" \/>\n<meta property=\"og:site_name\" content=\"Surco HAUS\" \/>\n<meta property=\"article:publisher\" content=\"https:\/\/www.facebook.com\/surcohaus\" \/>\n<meta property=\"article:modified_time\" content=\"2024-10-13T04:58:20+00:00\" \/>\n<meta name=\"twitter:card\" content=\"summary_large_image\" \/>\n<meta name=\"twitter:label1\" content=\"Tiempo de lectura\" \/>\n\t<meta name=\"twitter:data1\" content=\"4 minutos\" \/>\n<script type=\"application\/ld+json\" class=\"yoast-schema-graph\">{\"@context\":\"https:\\\/\\\/schema.org\",\"@graph\":[{\"@type\":\"WebPage\",\"@id\":\"https:\\\/\\\/surcohaus.com\\\/shipping-delivery\\\/\",\"url\":\"https:\\\/\\\/surcohaus.com\\\/shipping-delivery\\\/\",\"name\":\"Shipping & Delivery &#8226; Surco HAUS\",\"isPartOf\":{\"@id\":\"https:\\\/\\\/surcohaus.com\\\/#website\"},\"datePublished\":\"2024-05-24T00:12:43+00:00\",\"dateModified\":\"2024-10-13T04:58:20+00:00\",\"breadcrumb\":{\"@id\":\"https:\\\/\\\/surcohaus.com\\\/shipping-delivery\\\/#breadcrumb\"},\"inLanguage\":\"es\",\"potentialAction\":[{\"@type\":\"ReadAction\",\"target\":[\"https:\\\/\\\/surcohaus.com\\\/shipping-delivery\\\/\"]}]},{\"@type\":\"BreadcrumbList\",\"@id\":\"https:\\\/\\\/surcohaus.com\\\/shipping-delivery\\\/#breadcrumb\",\"itemListElement\":[{\"@type\":\"ListItem\",\"position\":1,\"name\":\"Home\",\"item\":\"https:\\\/\\\/surcohaus.com\\\/\"},{\"@type\":\"ListItem\",\"position\":2,\"name\":\"Shipping &#038; Delivery\"}]},{\"@type\":\"WebSite\",\"@id\":\"https:\\\/\\\/surcohaus.com\\\/#website\",\"url\":\"https:\\\/\\\/surcohaus.com\\\/\",\"name\":\"Surco\",\"description\":\"Wood furniture\",\"publisher\":{\"@id\":\"https:\\\/\\\/surcohaus.com\\\/#organization\"},\"alternateName\":\"Surco\",\"potentialAction\":[{\"@type\":\"SearchAction\",\"target\":{\"@type\":\"EntryPoint\",\"urlTemplate\":\"https:\\\/\\\/surcohaus.com\\\/?s={search_term_string}\"},\"query-input\":{\"@type\":\"PropertyValueSpecification\",\"valueRequired\":true,\"valueName\":\"search_term_string\"}}],\"inLanguage\":\"es\"},{\"@type\":\"Organization\",\"@id\":\"https:\\\/\\\/surcohaus.com\\\/#organization\",\"name\":\"Surco\",\"url\":\"https:\\\/\\\/surcohaus.com\\\/\",\"logo\":{\"@type\":\"ImageObject\",\"inLanguage\":\"es\",\"@id\":\"https:\\\/\\\/surcohaus.com\\\/#\\\/schema\\\/logo\\\/image\\\/\",\"url\":\"https:\\\/\\\/surcohaus.com\\\/wp-content\\\/uploads\\\/2021\\\/11\\\/SRC-LOGO-BRUMA-2.webp\",\"contentUrl\":\"https:\\\/\\\/surcohaus.com\\\/wp-content\\\/uploads\\\/2021\\\/11\\\/SRC-LOGO-BRUMA-2.webp\",\"width\":687,\"height\":249,\"caption\":\"Surco\"},\"image\":{\"@id\":\"https:\\\/\\\/surcohaus.com\\\/#\\\/schema\\\/logo\\\/image\\\/\"},\"sameAs\":[\"https:\\\/\\\/www.facebook.com\\\/surcohaus\"]}]}<\/script>\n<!-- \/ Yoast SEO plugin. -->","yoast_head_json":{"title":"Shipping & Delivery &#8226; Surco HAUS","robots":{"index":"index","follow":"follow","max-snippet":"max-snippet:-1","max-image-preview":"max-image-preview:large","max-video-preview":"max-video-preview:-1"},"canonical":"https:\/\/surcohaus.com\/es\/shipping-delivery\/","og_locale":"es_ES","og_type":"article","og_title":"Shipping & Delivery &#8226; Surco HAUS","og_description":"SHIPPING &#038; DELIVERY Shipping will be arranged after purchase. We will contact you by email. We\u2019re thrilled to offer complimentary [&hellip;]","og_url":"https:\/\/surcohaus.com\/es\/shipping-delivery\/","og_site_name":"Surco HAUS","article_publisher":"https:\/\/www.facebook.com\/surcohaus","article_modified_time":"2024-10-13T04:58:20+00:00","twitter_card":"summary_large_image","twitter_misc":{"Tiempo de lectura":"4 minutos"},"schema":{"@context":"https:\/\/schema.org","@graph":[{"@type":"WebPage","@id":"https:\/\/surcohaus.com\/shipping-delivery\/","url":"https:\/\/surcohaus.com\/shipping-delivery\/","name":"Shipping & Delivery &#8226; Surco HAUS","isPartOf":{"@id":"https:\/\/surcohaus.com\/#website"},"datePublished":"2024-05-24T00:12:43+00:00","dateModified":"2024-10-13T04:58:20+00:00","breadcrumb":{"@id":"https:\/\/surcohaus.com\/shipping-delivery\/#breadcrumb"},"inLanguage":"es","potentialAction":[{"@type":"ReadAction","target":["https:\/\/surcohaus.com\/shipping-delivery\/"]}]},{"@type":"BreadcrumbList","@id":"https:\/\/surcohaus.com\/shipping-delivery\/#breadcrumb","itemListElement":[{"@type":"ListItem","position":1,"name":"Home","item":"https:\/\/surcohaus.com\/"},{"@type":"ListItem","position":2,"name":"Shipping &#038; Delivery"}]},{"@type":"WebSite","@id":"https:\/\/surcohaus.com\/#website","url":"https:\/\/surcohaus.com\/","name":"Surco","description":"Wood furniture","publisher":{"@id":"https:\/\/surcohaus.com\/#organization"},"alternateName":"Surco","potentialAction":[{"@type":"SearchAction","target":{"@type":"EntryPoint","urlTemplate":"https:\/\/surcohaus.com\/?s={search_term_string}"},"query-input":{"@type":"PropertyValueSpecification","valueRequired":true,"valueName":"search_term_string"}}],"inLanguage":"es"},{"@type":"Organization","@id":"https:\/\/surcohaus.com\/#organization","name":"Surco","url":"https:\/\/surcohaus.com\/","logo":{"@type":"ImageObject","inLanguage":"es","@id":"https:\/\/surcohaus.com\/#\/schema\/logo\/image\/","url":"https:\/\/surcohaus.com\/wp-content\/uploads\/2021\/11\/SRC-LOGO-BRUMA-2.webp","contentUrl":"https:\/\/surcohaus.com\/wp-content\/uploads\/2021\/11\/SRC-LOGO-BRUMA-2.webp","width":687,"height":249,"caption":"Surco"},"image":{"@id":"https:\/\/surcohaus.com\/#\/schema\/logo\/image\/"},"sameAs":["https:\/\/www.facebook.com\/surcohaus"]}]}},"_links":{"self":[{"href":"https:\/\/surcohaus.com\/es\/wp-json\/wp\/v2\/pages\/2743","targetHints":{"allow":["GET"]}}],"collection":[{"href":"https:\/\/surcohaus.com\/es\/wp-json\/wp\/v2\/pages"}],"about":[{"href":"https:\/\/surcohaus.com\/es\/wp-json\/wp\/v2\/types\/page"}],"author":[{"embeddable":true,"href":"https:\/\/surcohaus.com\/es\/wp-json\/wp\/v2\/users\/3"}],"replies":[{"embeddable":true,"href":"https:\/\/surcohaus.com\/es\/wp-json\/wp\/v2\/comments?post=2743"}],"version-history":[{"count":3,"href":"https:\/\/surcohaus.com\/es\/wp-json\/wp\/v2\/pages\/2743\/revisions"}],"predecessor-version":[{"id":3094,"href":"https:\/\/surcohaus.com\/es\/wp-json\/wp\/v2\/pages\/2743\/revisions\/3094"}],"wp:attachment":[{"href":"https:\/\/surcohaus.com\/es\/wp-json\/wp\/v2\/media?parent=2743"}],"curies":[{"name":"wp","href":"https:\/\/api.w.org\/{rel}","templated":true}]}}