{"id":1527,"date":"2023-11-11T22:34:04","date_gmt":"2023-11-11T22:34:04","guid":{"rendered":"https:\/\/surcohaus.com\/?post_type=product&#038;p=1527"},"modified":"2026-03-17T17:58:17","modified_gmt":"2026-03-17T17:58:17","slug":"comoda-sherwood-3","status":"publish","type":"product","link":"https:\/\/surcohaus.com\/es\/producto\/comoda-sherwood-3\/","title":{"rendered":"C\u00d3MODA SIENNA"},"content":{"rendered":"","protected":false},"excerpt":{"rendered":"<p>En nuestra colecci\u00f3n Sienna, cada pieza de mobiliario es un testimonio de estilo perdurable y artesan\u00eda impecable. Definido por l\u00edneas limpias y una veta de madera ricamente texturizada, el tocador Sienna transmite sofisticaci\u00f3n y elegancia, convirti\u00e9ndolo en el complemento perfecto para cualquier habitaci\u00f3n de beb\u00e9 o ni\u00f1o.<\/p>","protected":false},"featured_media":3703,"template":"","meta":{"_acf_changed":false,"site-sidebar-layout":"default","site-content-layout":"","ast-site-content-layout":"default","site-content-style":"default","site-sidebar-style":"default","ast-global-header-display":"","ast-banner-title-visibility":"","ast-main-header-display":"","ast-hfb-above-header-display":"","ast-hfb-below-header-display":"","ast-hfb-mobile-header-display":"","site-post-title":"","ast-breadcrumbs-content":"","ast-featured-img":"","footer-sml-layout":"","ast-disable-related-posts":"","theme-transparent-header-meta":"default","adv-header-id-meta":"","stick-header-meta":"","header-above-stick-meta":"","header-main-stick-meta":"","header-below-stick-meta":"","astra-migrate-meta-layouts":"set","ast-page-background-enabled":"default","ast-page-background-meta":{"desktop":{"background-color":"var(--ast-global-color-4)","background-image":"","background-repeat":"repeat","background-position":"center center","background-size":"auto","background-attachment":"scroll","background-type":"","background-media":"","overlay-type":"","overlay-color":"","overlay-opacity":"","overlay-gradient":""},"tablet":{"background-color":"","background-image":"","background-repeat":"repeat","background-position":"center center","background-size":"auto","background-attachment":"scroll","background-type":"","background-media":"","overlay-type":"","overlay-color":"","overlay-opacity":"","overlay-gradient":""},"mobile":{"background-color":"","background-image":"","background-repeat":"repeat","background-position":"center center","background-size":"auto","background-attachment":"scroll","background-type":"","background-media":"","overlay-type":"","overlay-color":"","overlay-opacity":"","overlay-gradient":""}},"ast-content-background-meta":{"desktop":{"background-color":"var(--ast-global-color-5)","background-image":"","background-repeat":"repeat","background-position":"center center","background-size":"auto","background-attachment":"scroll","background-type":"","background-media":"","overlay-type":"","overlay-color":"","overlay-opacity":"","overlay-gradient":""},"tablet":{"background-color":"var(--ast-global-color-5)","background-image":"","background-repeat":"repeat","background-position":"center center","background-size":"auto","background-attachment":"scroll","background-type":"","background-media":"","overlay-type":"","overlay-color":"","overlay-opacity":"","overlay-gradient":""},"mobile":{"background-color":"var(--ast-global-color-5)","background-image":"","background-repeat":"repeat","background-position":"center center","background-size":"auto","background-attachment":"scroll","background-type":"","background-media":"","overlay-type":"","overlay-color":"","overlay-opacity":"","overlay-gradient":""}}},"product_brand":[],"product_cat":[22,85,21,19,28],"product_tag":[76],"class_list":{"0":"post-1527","1":"product","2":"type-product","3":"status-publish","4":"has-post-thumbnail","6":"product_cat-bedroom","7":"product_cat-dressers-changing-tables","8":"product_cat-nursery","9":"product_cat-products","10":"product_cat-sienna","11":"product_tag-chestnut","12":"desktop-align-left","13":"tablet-align-left","14":"mobile-align-left","16":"first","17":"onbackorder","18":"taxable","19":"shipping-taxable","20":"purchasable","21":"product-type-variable"},"acf":[],"yoast_head":"<!-- This site is optimized with the Yoast SEO plugin v27.4 - https:\/\/yoast.com\/product\/yoast-seo-wordpress\/ -->\n<title>SIENNA DRESSER &#8226; Surco HAUS<\/title>\n<meta name=\"description\" content=\"Nursery Dresser made of wood with drawers and changing station\" \/>\n<meta name=\"robots\" content=\"index, follow, max-snippet:-1, max-image-preview:large, max-video-preview:-1\" \/>\n<link rel=\"canonical\" href=\"https:\/\/surcohaus.com\/es\/producto\/comoda-sherwood-3\/\" \/>\n<meta property=\"og:locale\" content=\"es_ES\" \/>\n<meta property=\"og:type\" content=\"article\" \/>\n<meta property=\"og:title\" content=\"SIENNA DRESSER &#8226; Surco HAUS\" \/>\n<meta property=\"og:description\" content=\"Nursery Dresser made of wood with drawers and changing station\" \/>\n<meta property=\"og:url\" content=\"https:\/\/surcohaus.com\/es\/producto\/comoda-sherwood-3\/\" \/>\n<meta property=\"og:site_name\" content=\"Surco HAUS\" \/>\n<meta property=\"article:publisher\" content=\"https:\/\/www.facebook.com\/surcohaus\" \/>\n<meta property=\"article:modified_time\" content=\"2026-03-17T17:58:17+00:00\" \/>\n<meta property=\"og:image\" content=\"https:\/\/surcohaus.com\/wp-content\/uploads\/2023\/11\/Comoda-Sienna-Chestnut-2.jpeg\" \/>\n\t<meta property=\"og:image:width\" content=\"1600\" \/>\n\t<meta property=\"og:image:height\" content=\"1600\" \/>\n\t<meta property=\"og:image:type\" content=\"image\/jpeg\" \/>\n<meta name=\"twitter:card\" content=\"summary_large_image\" \/>\n<meta name=\"twitter:label1\" content=\"Tiempo de lectura\" \/>\n\t<meta name=\"twitter:data1\" content=\"1 minuto\" \/>\n<script type=\"application\/ld+json\" class=\"yoast-schema-graph\">{\"@context\":\"https:\\\/\\\/schema.org\",\"@graph\":[{\"@type\":\"WebPage\",\"@id\":\"https:\\\/\\\/surcohaus.com\\\/product\\\/comoda-sherwood-3\\\/\",\"url\":\"https:\\\/\\\/surcohaus.com\\\/product\\\/comoda-sherwood-3\\\/\",\"name\":\"SIENNA DRESSER &#8226; Surco HAUS\",\"isPartOf\":{\"@id\":\"https:\\\/\\\/surcohaus.com\\\/#website\"},\"primaryImageOfPage\":{\"@id\":\"https:\\\/\\\/surcohaus.com\\\/product\\\/comoda-sherwood-3\\\/#primaryimage\"},\"image\":{\"@id\":\"https:\\\/\\\/surcohaus.com\\\/product\\\/comoda-sherwood-3\\\/#primaryimage\"},\"thumbnailUrl\":\"https:\\\/\\\/surcohaus.com\\\/wp-content\\\/uploads\\\/2023\\\/11\\\/Comoda-Sienna-Chestnut-2.jpeg\",\"datePublished\":\"2023-11-11T22:34:04+00:00\",\"dateModified\":\"2026-03-17T17:58:17+00:00\",\"description\":\"Nursery Dresser made of wood with drawers and changing station\",\"breadcrumb\":{\"@id\":\"https:\\\/\\\/surcohaus.com\\\/product\\\/comoda-sherwood-3\\\/#breadcrumb\"},\"inLanguage\":\"es\",\"potentialAction\":[{\"@type\":\"ReadAction\",\"target\":[\"https:\\\/\\\/surcohaus.com\\\/product\\\/comoda-sherwood-3\\\/\"]}]},{\"@type\":\"ImageObject\",\"inLanguage\":\"es\",\"@id\":\"https:\\\/\\\/surcohaus.com\\\/product\\\/comoda-sherwood-3\\\/#primaryimage\",\"url\":\"https:\\\/\\\/surcohaus.com\\\/wp-content\\\/uploads\\\/2023\\\/11\\\/Comoda-Sienna-Chestnut-2.jpeg\",\"contentUrl\":\"https:\\\/\\\/surcohaus.com\\\/wp-content\\\/uploads\\\/2023\\\/11\\\/Comoda-Sienna-Chestnut-2.jpeg\",\"width\":1600,\"height\":1600},{\"@type\":\"BreadcrumbList\",\"@id\":\"https:\\\/\\\/surcohaus.com\\\/product\\\/comoda-sherwood-3\\\/#breadcrumb\",\"itemListElement\":[{\"@type\":\"ListItem\",\"position\":1,\"name\":\"Home\",\"item\":\"https:\\\/\\\/surcohaus.com\\\/\"},{\"@type\":\"ListItem\",\"position\":2,\"name\":\"Shop\",\"item\":\"https:\\\/\\\/surcohaus.com\\\/shop\\\/\"},{\"@type\":\"ListItem\",\"position\":3,\"name\":\"SIENNA DRESSER\"}]},{\"@type\":\"WebSite\",\"@id\":\"https:\\\/\\\/surcohaus.com\\\/#website\",\"url\":\"https:\\\/\\\/surcohaus.com\\\/\",\"name\":\"Surco\",\"description\":\"Wood furniture\",\"publisher\":{\"@id\":\"https:\\\/\\\/surcohaus.com\\\/#organization\"},\"alternateName\":\"Surco\",\"potentialAction\":[{\"@type\":\"SearchAction\",\"target\":{\"@type\":\"EntryPoint\",\"urlTemplate\":\"https:\\\/\\\/surcohaus.com\\\/?s={search_term_string}\"},\"query-input\":{\"@type\":\"PropertyValueSpecification\",\"valueRequired\":true,\"valueName\":\"search_term_string\"}}],\"inLanguage\":\"es\"},{\"@type\":\"Organization\",\"@id\":\"https:\\\/\\\/surcohaus.com\\\/#organization\",\"name\":\"Surco\",\"url\":\"https:\\\/\\\/surcohaus.com\\\/\",\"logo\":{\"@type\":\"ImageObject\",\"inLanguage\":\"es\",\"@id\":\"https:\\\/\\\/surcohaus.com\\\/#\\\/schema\\\/logo\\\/image\\\/\",\"url\":\"https:\\\/\\\/surcohaus.com\\\/wp-content\\\/uploads\\\/2021\\\/11\\\/SRC-LOGO-BRUMA-2.webp\",\"contentUrl\":\"https:\\\/\\\/surcohaus.com\\\/wp-content\\\/uploads\\\/2021\\\/11\\\/SRC-LOGO-BRUMA-2.webp\",\"width\":687,\"height\":249,\"caption\":\"Surco\"},\"image\":{\"@id\":\"https:\\\/\\\/surcohaus.com\\\/#\\\/schema\\\/logo\\\/image\\\/\"},\"sameAs\":[\"https:\\\/\\\/www.facebook.com\\\/surcohaus\"]}]}<\/script>\n<!-- \/ Yoast SEO plugin. -->","yoast_head_json":{"title":"SIENNA DRESSER &#8226; Surco HAUS","description":"Nursery Dresser made of wood with drawers and changing station","robots":{"index":"index","follow":"follow","max-snippet":"max-snippet:-1","max-image-preview":"max-image-preview:large","max-video-preview":"max-video-preview:-1"},"canonical":"https:\/\/surcohaus.com\/es\/producto\/comoda-sherwood-3\/","og_locale":"es_ES","og_type":"article","og_title":"SIENNA DRESSER &#8226; Surco HAUS","og_description":"Nursery Dresser made of wood with drawers and changing station","og_url":"https:\/\/surcohaus.com\/es\/producto\/comoda-sherwood-3\/","og_site_name":"Surco HAUS","article_publisher":"https:\/\/www.facebook.com\/surcohaus","article_modified_time":"2026-03-17T17:58:17+00:00","og_image":[{"width":1600,"height":1600,"url":"https:\/\/surcohaus.com\/wp-content\/uploads\/2023\/11\/Comoda-Sienna-Chestnut-2.jpeg","type":"image\/jpeg"}],"twitter_card":"summary_large_image","twitter_misc":{"Tiempo de lectura":"1 minuto"},"schema":{"@context":"https:\/\/schema.org","@graph":[{"@type":"WebPage","@id":"https:\/\/surcohaus.com\/product\/comoda-sherwood-3\/","url":"https:\/\/surcohaus.com\/product\/comoda-sherwood-3\/","name":"SIENNA DRESSER &#8226; Surco HAUS","isPartOf":{"@id":"https:\/\/surcohaus.com\/#website"},"primaryImageOfPage":{"@id":"https:\/\/surcohaus.com\/product\/comoda-sherwood-3\/#primaryimage"},"image":{"@id":"https:\/\/surcohaus.com\/product\/comoda-sherwood-3\/#primaryimage"},"thumbnailUrl":"https:\/\/surcohaus.com\/wp-content\/uploads\/2023\/11\/Comoda-Sienna-Chestnut-2.jpeg","datePublished":"2023-11-11T22:34:04+00:00","dateModified":"2026-03-17T17:58:17+00:00","description":"Nursery Dresser made of wood with drawers and changing station","breadcrumb":{"@id":"https:\/\/surcohaus.com\/product\/comoda-sherwood-3\/#breadcrumb"},"inLanguage":"es","potentialAction":[{"@type":"ReadAction","target":["https:\/\/surcohaus.com\/product\/comoda-sherwood-3\/"]}]},{"@type":"ImageObject","inLanguage":"es","@id":"https:\/\/surcohaus.com\/product\/comoda-sherwood-3\/#primaryimage","url":"https:\/\/surcohaus.com\/wp-content\/uploads\/2023\/11\/Comoda-Sienna-Chestnut-2.jpeg","contentUrl":"https:\/\/surcohaus.com\/wp-content\/uploads\/2023\/11\/Comoda-Sienna-Chestnut-2.jpeg","width":1600,"height":1600},{"@type":"BreadcrumbList","@id":"https:\/\/surcohaus.com\/product\/comoda-sherwood-3\/#breadcrumb","itemListElement":[{"@type":"ListItem","position":1,"name":"Home","item":"https:\/\/surcohaus.com\/"},{"@type":"ListItem","position":2,"name":"Shop","item":"https:\/\/surcohaus.com\/shop\/"},{"@type":"ListItem","position":3,"name":"SIENNA DRESSER"}]},{"@type":"WebSite","@id":"https:\/\/surcohaus.com\/#website","url":"https:\/\/surcohaus.com\/","name":"Surco","description":"Wood furniture","publisher":{"@id":"https:\/\/surcohaus.com\/#organization"},"alternateName":"Surco","potentialAction":[{"@type":"SearchAction","target":{"@type":"EntryPoint","urlTemplate":"https:\/\/surcohaus.com\/?s={search_term_string}"},"query-input":{"@type":"PropertyValueSpecification","valueRequired":true,"valueName":"search_term_string"}}],"inLanguage":"es"},{"@type":"Organization","@id":"https:\/\/surcohaus.com\/#organization","name":"Surco","url":"https:\/\/surcohaus.com\/","logo":{"@type":"ImageObject","inLanguage":"es","@id":"https:\/\/surcohaus.com\/#\/schema\/logo\/image\/","url":"https:\/\/surcohaus.com\/wp-content\/uploads\/2021\/11\/SRC-LOGO-BRUMA-2.webp","contentUrl":"https:\/\/surcohaus.com\/wp-content\/uploads\/2021\/11\/SRC-LOGO-BRUMA-2.webp","width":687,"height":249,"caption":"Surco"},"image":{"@id":"https:\/\/surcohaus.com\/#\/schema\/logo\/image\/"},"sameAs":["https:\/\/www.facebook.com\/surcohaus"]}]}},"_links":{"self":[{"href":"https:\/\/surcohaus.com\/es\/wp-json\/wp\/v2\/product\/1527","targetHints":{"allow":["GET"]}}],"collection":[{"href":"https:\/\/surcohaus.com\/es\/wp-json\/wp\/v2\/product"}],"about":[{"href":"https:\/\/surcohaus.com\/es\/wp-json\/wp\/v2\/types\/product"}],"wp:featuredmedia":[{"embeddable":true,"href":"https:\/\/surcohaus.com\/es\/wp-json\/wp\/v2\/media\/3703"}],"wp:attachment":[{"href":"https:\/\/surcohaus.com\/es\/wp-json\/wp\/v2\/media?parent=1527"}],"wp:term":[{"taxonomy":"product_brand","embeddable":true,"href":"https:\/\/surcohaus.com\/es\/wp-json\/wp\/v2\/product_brand?post=1527"},{"taxonomy":"product_cat","embeddable":true,"href":"https:\/\/surcohaus.com\/es\/wp-json\/wp\/v2\/product_cat?post=1527"},{"taxonomy":"product_tag","embeddable":true,"href":"https:\/\/surcohaus.com\/es\/wp-json\/wp\/v2\/product_tag?post=1527"}],"curies":[{"name":"wp","href":"https:\/\/api.w.org\/{rel}","templated":true}]}}