{"id":1937,"date":"2024-02-22T21:04:25","date_gmt":"2024-02-22T21:04:25","guid":{"rendered":"https:\/\/surcohaus.com\/?post_type=product&#038;p=1937"},"modified":"2026-03-18T15:54:35","modified_gmt":"2026-03-18T15:54:35","slug":"alaska-toy-bins","status":"publish","type":"product","link":"https:\/\/surcohaus.com\/es\/producto\/alaska-toy-bins\/","title":{"rendered":"ORGANIZADOR DE JUGUETES BOSCO"},"content":{"rendered":"","protected":false},"excerpt":{"rendered":"<p>Elaborado con cuidado, nuestro contenedor de juguetes no es solo una pieza funcional, sino tambi\u00e9n una adici\u00f3n elegante a cualquier habitaci\u00f3n. Su interior espacioso proporciona un amplio espacio para almacenar juguetes, libros, art\u00edculos de arte y manualidades.<br \/>\nNuestro mueble de guardado de juguetes es apilable, lo que te permite personalizar tu espacio de almacenamiento seg\u00fan tus necesidades. Ya sea que necesites una sola torre o varias, nuestros contenedores de juguetes ofrecen la soluci\u00f3n perfecta para mantener los cuartos de juegos y dormitorios ordenados de manera impecable. Su dise\u00f1o atemporal garantiza que se integre perfectamente en cualquier decoraci\u00f3n de dormitorio, mientras que su construcci\u00f3n resistente asegura que dure por muchos a\u00f1os.<\/p>","protected":false},"featured_media":4044,"template":"","meta":{"_acf_changed":false,"site-sidebar-layout":"default","site-content-layout":"","ast-site-content-layout":"default","site-content-style":"default","site-sidebar-style":"default","ast-global-header-display":"","ast-banner-title-visibility":"","ast-main-header-display":"","ast-hfb-above-header-display":"","ast-hfb-below-header-display":"","ast-hfb-mobile-header-display":"","site-post-title":"","ast-breadcrumbs-content":"","ast-featured-img":"","footer-sml-layout":"","ast-disable-related-posts":"","theme-transparent-header-meta":"default","adv-header-id-meta":"","stick-header-meta":"","header-above-stick-meta":"","header-main-stick-meta":"","header-below-stick-meta":"","astra-migrate-meta-layouts":"set","ast-page-background-enabled":"default","ast-page-background-meta":{"desktop":{"background-color":"var(--ast-global-color-4)","background-image":"","background-repeat":"repeat","background-position":"center center","background-size":"auto","background-attachment":"scroll","background-type":"","background-media":"","overlay-type":"","overlay-color":"","overlay-opacity":"","overlay-gradient":""},"tablet":{"background-color":"","background-image":"","background-repeat":"repeat","background-position":"center center","background-size":"auto","background-attachment":"scroll","background-type":"","background-media":"","overlay-type":"","overlay-color":"","overlay-opacity":"","overlay-gradient":""},"mobile":{"background-color":"","background-image":"","background-repeat":"repeat","background-position":"center center","background-size":"auto","background-attachment":"scroll","background-type":"","background-media":"","overlay-type":"","overlay-color":"","overlay-opacity":"","overlay-gradient":""}},"ast-content-background-meta":{"desktop":{"background-color":"var(--ast-global-color-5)","background-image":"","background-repeat":"repeat","background-position":"center center","background-size":"auto","background-attachment":"scroll","background-type":"","background-media":"","overlay-type":"","overlay-color":"","overlay-opacity":"","overlay-gradient":""},"tablet":{"background-color":"var(--ast-global-color-5)","background-image":"","background-repeat":"repeat","background-position":"center center","background-size":"auto","background-attachment":"scroll","background-type":"","background-media":"","overlay-type":"","overlay-color":"","overlay-opacity":"","overlay-gradient":""},"mobile":{"background-color":"var(--ast-global-color-5)","background-image":"","background-repeat":"repeat","background-position":"center center","background-size":"auto","background-attachment":"scroll","background-type":"","background-media":"","overlay-type":"","overlay-color":"","overlay-opacity":"","overlay-gradient":""}}},"product_brand":[],"product_cat":[49,22,86,21,23,19],"product_tag":[82],"class_list":{"0":"post-1937","1":"product","2":"type-product","3":"status-publish","4":"has-post-thumbnail","6":"product_cat-alaska-collection","7":"product_cat-bedroom","8":"product_cat-bookcases-storage","9":"product_cat-nursery","10":"product_cat-playroom","11":"product_cat-products","12":"product_tag-walnut","13":"desktop-align-left","14":"tablet-align-left","15":"mobile-align-left","17":"first","18":"onbackorder","19":"taxable","20":"shipping-taxable","21":"purchasable","22":"product-type-variable"},"acf":[],"yoast_head":"<!-- This site is optimized with the Yoast SEO plugin v27.4 - https:\/\/yoast.com\/product\/yoast-seo-wordpress\/ -->\n<title>BOSCO TOY STORAGE BINS &#8226; Surco HAUS<\/title>\n<meta name=\"robots\" content=\"index, follow, max-snippet:-1, max-image-preview:large, max-video-preview:-1\" \/>\n<link rel=\"canonical\" href=\"https:\/\/surcohaus.com\/es\/producto\/alaska-toy-bins\/\" \/>\n<meta property=\"og:locale\" content=\"es_ES\" \/>\n<meta property=\"og:type\" content=\"article\" \/>\n<meta property=\"og:title\" content=\"BOSCO TOY STORAGE BINS &#8226; Surco HAUS\" \/>\n<meta property=\"og:description\" content=\"Crafted with care our toy bin is not just a functional piece but also a stylish addition to any room. Its spacious interior provides ample room for storing everything from toys and books to arts and crafts. Our toy bin is stackable, allowing you to customize your storage space according to your needs. Whether you need a single tower or multiple, our toy bins offer the perfect solution for keeping playrooms and bedrooms neatly organized. Its timeless design ensures it seamlessly fits into any bedroom d\u00e9cor, while its robust construction ensures it lasts for years to come.\" \/>\n<meta property=\"og:url\" content=\"https:\/\/surcohaus.com\/es\/producto\/alaska-toy-bins\/\" \/>\n<meta property=\"og:site_name\" content=\"Surco HAUS\" \/>\n<meta property=\"article:publisher\" content=\"https:\/\/www.facebook.com\/surcohaus\" \/>\n<meta property=\"article:modified_time\" content=\"2026-03-18T15:54:35+00:00\" \/>\n<meta property=\"og:image\" content=\"https:\/\/surcohaus.com\/wp-content\/uploads\/2024\/02\/Create_a_hyper-realistic_produ_Nano_Banana_Pro_00707.jpeg\" \/>\n\t<meta property=\"og:image:width\" content=\"2048\" \/>\n\t<meta property=\"og:image:height\" content=\"2048\" \/>\n\t<meta property=\"og:image:type\" content=\"image\/jpeg\" \/>\n<meta name=\"twitter:card\" content=\"summary_large_image\" \/>\n<meta name=\"twitter:label1\" content=\"Tiempo de lectura\" \/>\n\t<meta name=\"twitter:data1\" content=\"1 minuto\" \/>\n<script type=\"application\/ld+json\" class=\"yoast-schema-graph\">{\"@context\":\"https:\\\/\\\/schema.org\",\"@graph\":[{\"@type\":\"WebPage\",\"@id\":\"https:\\\/\\\/surcohaus.com\\\/product\\\/alaska-toy-bins\\\/\",\"url\":\"https:\\\/\\\/surcohaus.com\\\/product\\\/alaska-toy-bins\\\/\",\"name\":\"BOSCO TOY STORAGE BINS &#8226; Surco HAUS\",\"isPartOf\":{\"@id\":\"https:\\\/\\\/surcohaus.com\\\/#website\"},\"primaryImageOfPage\":{\"@id\":\"https:\\\/\\\/surcohaus.com\\\/product\\\/alaska-toy-bins\\\/#primaryimage\"},\"image\":{\"@id\":\"https:\\\/\\\/surcohaus.com\\\/product\\\/alaska-toy-bins\\\/#primaryimage\"},\"thumbnailUrl\":\"https:\\\/\\\/surcohaus.com\\\/wp-content\\\/uploads\\\/2024\\\/02\\\/Create_a_hyper-realistic_produ_Nano_Banana_Pro_00707.jpeg\",\"datePublished\":\"2024-02-22T21:04:25+00:00\",\"dateModified\":\"2026-03-18T15:54:35+00:00\",\"breadcrumb\":{\"@id\":\"https:\\\/\\\/surcohaus.com\\\/product\\\/alaska-toy-bins\\\/#breadcrumb\"},\"inLanguage\":\"es\",\"potentialAction\":[{\"@type\":\"ReadAction\",\"target\":[\"https:\\\/\\\/surcohaus.com\\\/product\\\/alaska-toy-bins\\\/\"]}]},{\"@type\":\"ImageObject\",\"inLanguage\":\"es\",\"@id\":\"https:\\\/\\\/surcohaus.com\\\/product\\\/alaska-toy-bins\\\/#primaryimage\",\"url\":\"https:\\\/\\\/surcohaus.com\\\/wp-content\\\/uploads\\\/2024\\\/02\\\/Create_a_hyper-realistic_produ_Nano_Banana_Pro_00707.jpeg\",\"contentUrl\":\"https:\\\/\\\/surcohaus.com\\\/wp-content\\\/uploads\\\/2024\\\/02\\\/Create_a_hyper-realistic_produ_Nano_Banana_Pro_00707.jpeg\",\"width\":2048,\"height\":2048},{\"@type\":\"BreadcrumbList\",\"@id\":\"https:\\\/\\\/surcohaus.com\\\/product\\\/alaska-toy-bins\\\/#breadcrumb\",\"itemListElement\":[{\"@type\":\"ListItem\",\"position\":1,\"name\":\"Home\",\"item\":\"https:\\\/\\\/surcohaus.com\\\/\"},{\"@type\":\"ListItem\",\"position\":2,\"name\":\"Shop\",\"item\":\"https:\\\/\\\/surcohaus.com\\\/shop\\\/\"},{\"@type\":\"ListItem\",\"position\":3,\"name\":\"BOSCO TOY STORAGE BINS\"}]},{\"@type\":\"WebSite\",\"@id\":\"https:\\\/\\\/surcohaus.com\\\/#website\",\"url\":\"https:\\\/\\\/surcohaus.com\\\/\",\"name\":\"Surco\",\"description\":\"Wood furniture\",\"publisher\":{\"@id\":\"https:\\\/\\\/surcohaus.com\\\/#organization\"},\"alternateName\":\"Surco\",\"potentialAction\":[{\"@type\":\"SearchAction\",\"target\":{\"@type\":\"EntryPoint\",\"urlTemplate\":\"https:\\\/\\\/surcohaus.com\\\/?s={search_term_string}\"},\"query-input\":{\"@type\":\"PropertyValueSpecification\",\"valueRequired\":true,\"valueName\":\"search_term_string\"}}],\"inLanguage\":\"es\"},{\"@type\":\"Organization\",\"@id\":\"https:\\\/\\\/surcohaus.com\\\/#organization\",\"name\":\"Surco\",\"url\":\"https:\\\/\\\/surcohaus.com\\\/\",\"logo\":{\"@type\":\"ImageObject\",\"inLanguage\":\"es\",\"@id\":\"https:\\\/\\\/surcohaus.com\\\/#\\\/schema\\\/logo\\\/image\\\/\",\"url\":\"https:\\\/\\\/surcohaus.com\\\/wp-content\\\/uploads\\\/2021\\\/11\\\/SRC-LOGO-BRUMA-2.webp\",\"contentUrl\":\"https:\\\/\\\/surcohaus.com\\\/wp-content\\\/uploads\\\/2021\\\/11\\\/SRC-LOGO-BRUMA-2.webp\",\"width\":687,\"height\":249,\"caption\":\"Surco\"},\"image\":{\"@id\":\"https:\\\/\\\/surcohaus.com\\\/#\\\/schema\\\/logo\\\/image\\\/\"},\"sameAs\":[\"https:\\\/\\\/www.facebook.com\\\/surcohaus\"]}]}<\/script>\n<!-- \/ Yoast SEO plugin. -->","yoast_head_json":{"title":"BOSCO TOY STORAGE BINS &#8226; Surco HAUS","robots":{"index":"index","follow":"follow","max-snippet":"max-snippet:-1","max-image-preview":"max-image-preview:large","max-video-preview":"max-video-preview:-1"},"canonical":"https:\/\/surcohaus.com\/es\/producto\/alaska-toy-bins\/","og_locale":"es_ES","og_type":"article","og_title":"BOSCO TOY STORAGE BINS &#8226; Surco HAUS","og_description":"Crafted with care our toy bin is not just a functional piece but also a stylish addition to any room. Its spacious interior provides ample room for storing everything from toys and books to arts and crafts. Our toy bin is stackable, allowing you to customize your storage space according to your needs. Whether you need a single tower or multiple, our toy bins offer the perfect solution for keeping playrooms and bedrooms neatly organized. Its timeless design ensures it seamlessly fits into any bedroom d\u00e9cor, while its robust construction ensures it lasts for years to come.","og_url":"https:\/\/surcohaus.com\/es\/producto\/alaska-toy-bins\/","og_site_name":"Surco HAUS","article_publisher":"https:\/\/www.facebook.com\/surcohaus","article_modified_time":"2026-03-18T15:54:35+00:00","og_image":[{"width":2048,"height":2048,"url":"https:\/\/surcohaus.com\/wp-content\/uploads\/2024\/02\/Create_a_hyper-realistic_produ_Nano_Banana_Pro_00707.jpeg","type":"image\/jpeg"}],"twitter_card":"summary_large_image","twitter_misc":{"Tiempo de lectura":"1 minuto"},"schema":{"@context":"https:\/\/schema.org","@graph":[{"@type":"WebPage","@id":"https:\/\/surcohaus.com\/product\/alaska-toy-bins\/","url":"https:\/\/surcohaus.com\/product\/alaska-toy-bins\/","name":"BOSCO TOY STORAGE BINS &#8226; Surco HAUS","isPartOf":{"@id":"https:\/\/surcohaus.com\/#website"},"primaryImageOfPage":{"@id":"https:\/\/surcohaus.com\/product\/alaska-toy-bins\/#primaryimage"},"image":{"@id":"https:\/\/surcohaus.com\/product\/alaska-toy-bins\/#primaryimage"},"thumbnailUrl":"https:\/\/surcohaus.com\/wp-content\/uploads\/2024\/02\/Create_a_hyper-realistic_produ_Nano_Banana_Pro_00707.jpeg","datePublished":"2024-02-22T21:04:25+00:00","dateModified":"2026-03-18T15:54:35+00:00","breadcrumb":{"@id":"https:\/\/surcohaus.com\/product\/alaska-toy-bins\/#breadcrumb"},"inLanguage":"es","potentialAction":[{"@type":"ReadAction","target":["https:\/\/surcohaus.com\/product\/alaska-toy-bins\/"]}]},{"@type":"ImageObject","inLanguage":"es","@id":"https:\/\/surcohaus.com\/product\/alaska-toy-bins\/#primaryimage","url":"https:\/\/surcohaus.com\/wp-content\/uploads\/2024\/02\/Create_a_hyper-realistic_produ_Nano_Banana_Pro_00707.jpeg","contentUrl":"https:\/\/surcohaus.com\/wp-content\/uploads\/2024\/02\/Create_a_hyper-realistic_produ_Nano_Banana_Pro_00707.jpeg","width":2048,"height":2048},{"@type":"BreadcrumbList","@id":"https:\/\/surcohaus.com\/product\/alaska-toy-bins\/#breadcrumb","itemListElement":[{"@type":"ListItem","position":1,"name":"Home","item":"https:\/\/surcohaus.com\/"},{"@type":"ListItem","position":2,"name":"Shop","item":"https:\/\/surcohaus.com\/shop\/"},{"@type":"ListItem","position":3,"name":"BOSCO TOY STORAGE BINS"}]},{"@type":"WebSite","@id":"https:\/\/surcohaus.com\/#website","url":"https:\/\/surcohaus.com\/","name":"Surco","description":"Wood furniture","publisher":{"@id":"https:\/\/surcohaus.com\/#organization"},"alternateName":"Surco","potentialAction":[{"@type":"SearchAction","target":{"@type":"EntryPoint","urlTemplate":"https:\/\/surcohaus.com\/?s={search_term_string}"},"query-input":{"@type":"PropertyValueSpecification","valueRequired":true,"valueName":"search_term_string"}}],"inLanguage":"es"},{"@type":"Organization","@id":"https:\/\/surcohaus.com\/#organization","name":"Surco","url":"https:\/\/surcohaus.com\/","logo":{"@type":"ImageObject","inLanguage":"es","@id":"https:\/\/surcohaus.com\/#\/schema\/logo\/image\/","url":"https:\/\/surcohaus.com\/wp-content\/uploads\/2021\/11\/SRC-LOGO-BRUMA-2.webp","contentUrl":"https:\/\/surcohaus.com\/wp-content\/uploads\/2021\/11\/SRC-LOGO-BRUMA-2.webp","width":687,"height":249,"caption":"Surco"},"image":{"@id":"https:\/\/surcohaus.com\/#\/schema\/logo\/image\/"},"sameAs":["https:\/\/www.facebook.com\/surcohaus"]}]}},"_links":{"self":[{"href":"https:\/\/surcohaus.com\/es\/wp-json\/wp\/v2\/product\/1937","targetHints":{"allow":["GET"]}}],"collection":[{"href":"https:\/\/surcohaus.com\/es\/wp-json\/wp\/v2\/product"}],"about":[{"href":"https:\/\/surcohaus.com\/es\/wp-json\/wp\/v2\/types\/product"}],"wp:featuredmedia":[{"embeddable":true,"href":"https:\/\/surcohaus.com\/es\/wp-json\/wp\/v2\/media\/4044"}],"wp:attachment":[{"href":"https:\/\/surcohaus.com\/es\/wp-json\/wp\/v2\/media?parent=1937"}],"wp:term":[{"taxonomy":"product_brand","embeddable":true,"href":"https:\/\/surcohaus.com\/es\/wp-json\/wp\/v2\/product_brand?post=1937"},{"taxonomy":"product_cat","embeddable":true,"href":"https:\/\/surcohaus.com\/es\/wp-json\/wp\/v2\/product_cat?post=1937"},{"taxonomy":"product_tag","embeddable":true,"href":"https:\/\/surcohaus.com\/es\/wp-json\/wp\/v2\/product_tag?post=1937"}],"curies":[{"name":"wp","href":"https:\/\/api.w.org\/{rel}","templated":true}]}}