{"id":3036,"date":"2024-10-07T11:22:18","date_gmt":"2024-10-07T11:22:18","guid":{"rendered":"https:\/\/surcohaus.com\/?post_type=product&#038;p=3036"},"modified":"2026-02-05T14:34:40","modified_gmt":"2026-02-05T14:34:40","slug":"mushroom-toy-storage-basket","status":"publish","type":"product","link":"https:\/\/surcohaus.com\/es\/producto\/mushroom-toy-storage-basket\/","title":{"rendered":"canasta champi"},"content":{"rendered":"<p>\u00a1Aporta encanto y funcionalidad al espacio de tu peque\u00f1o con nuestro encantador cesto de almacenamiento de juguetes en forma de hongo! Dise\u00f1ado con cuidado tanto para salas de juegos como para dormitorios, este m\u00e1gico cesto tiene la forma de un encantador hongo, con una tapa roja vibrante adornada con divertidos puntos blancos. La tapa desmontable es perfecta para ordenar r\u00e1pidamente, ofreciendo una forma pr\u00e1ctica de guardar juguetes, libros u otros tesoros, mientras a\u00f1ade un toque de magia a la decoraci\u00f3n de la habitaci\u00f3n.<\/p>","protected":false},"excerpt":{"rendered":"<p>\u00a1Aporta encanto y funcionalidad al espacio de tu peque\u00f1o con nuestro encantador cesto de almacenamiento de juguetes en forma de hongo! Dise\u00f1ado con cuidado tanto para salas de juegos como para dormitorios, este m\u00e1gico cesto tiene la forma de un encantador hongo, con una tapa roja vibrante adornada con divertidos puntos blancos. La tapa desmontable es perfecta para ordenar r\u00e1pidamente, ofreciendo una forma pr\u00e1ctica de guardar juguetes, libros u otros tesoros, mientras a\u00f1ade un toque de magia a la decoraci\u00f3n de la habitaci\u00f3n.<\/p>","protected":false},"featured_media":3704,"template":"","meta":{"_acf_changed":false,"site-sidebar-layout":"default","site-content-layout":"","ast-site-content-layout":"default","site-content-style":"default","site-sidebar-style":"default","ast-global-header-display":"","ast-banner-title-visibility":"","ast-main-header-display":"","ast-hfb-above-header-display":"","ast-hfb-below-header-display":"","ast-hfb-mobile-header-display":"","site-post-title":"","ast-breadcrumbs-content":"","ast-featured-img":"","footer-sml-layout":"","ast-disable-related-posts":"","theme-transparent-header-meta":"default","adv-header-id-meta":"","stick-header-meta":"","header-above-stick-meta":"","header-main-stick-meta":"","header-below-stick-meta":"","astra-migrate-meta-layouts":"set","ast-page-background-enabled":"default","ast-page-background-meta":{"desktop":{"background-color":"var(--ast-global-color-4)","background-image":"","background-repeat":"repeat","background-position":"center center","background-size":"auto","background-attachment":"scroll","background-type":"","background-media":"","overlay-type":"","overlay-color":"","overlay-opacity":"","overlay-gradient":""},"tablet":{"background-color":"","background-image":"","background-repeat":"repeat","background-position":"center center","background-size":"auto","background-attachment":"scroll","background-type":"","background-media":"","overlay-type":"","overlay-color":"","overlay-opacity":"","overlay-gradient":""},"mobile":{"background-color":"","background-image":"","background-repeat":"repeat","background-position":"center center","background-size":"auto","background-attachment":"scroll","background-type":"","background-media":"","overlay-type":"","overlay-color":"","overlay-opacity":"","overlay-gradient":""}},"ast-content-background-meta":{"desktop":{"background-color":"var(--ast-global-color-5)","background-image":"","background-repeat":"repeat","background-position":"center center","background-size":"auto","background-attachment":"scroll","background-type":"","background-media":"","overlay-type":"","overlay-color":"","overlay-opacity":"","overlay-gradient":""},"tablet":{"background-color":"var(--ast-global-color-5)","background-image":"","background-repeat":"repeat","background-position":"center center","background-size":"auto","background-attachment":"scroll","background-type":"","background-media":"","overlay-type":"","overlay-color":"","overlay-opacity":"","overlay-gradient":""},"mobile":{"background-color":"var(--ast-global-color-5)","background-image":"","background-repeat":"repeat","background-position":"center center","background-size":"auto","background-attachment":"scroll","background-type":"","background-media":"","overlay-type":"","overlay-color":"","overlay-opacity":"","overlay-gradient":""}}},"product_brand":[],"product_cat":[72,22,86,24,23,19],"product_tag":[],"class_list":{"0":"post-3036","1":"product","2":"type-product","3":"status-publish","4":"has-post-thumbnail","6":"product_cat-accessories-decor","7":"product_cat-bedroom","8":"product_cat-bookcases-storage","9":"product_cat-decor","10":"product_cat-playroom","11":"product_cat-products","12":"desktop-align-left","13":"tablet-align-left","14":"mobile-align-left","16":"first","17":"onbackorder","18":"taxable","19":"shipping-taxable","20":"purchasable","21":"product-type-simple"},"acf":[],"yoast_head":"<!-- This site is optimized with the Yoast SEO plugin v27.4 - https:\/\/yoast.com\/product\/yoast-seo-wordpress\/ -->\n<title>MUSHROOM BASKET &#8226; Surco HAUS<\/title>\n<meta name=\"description\" content=\"Thoughtfully designed for both playrooms and bedrooms, this whimsical basket is shaped like an enchanting mushroom. The removable lid is perfect for quickly tidying up, offering a convenient way to hide toys, books, or other treasures, while adding a touch of magic to the room&#039;s d\u00e9cor.\" \/>\n<meta name=\"robots\" content=\"index, follow, max-snippet:-1, max-image-preview:large, max-video-preview:-1\" \/>\n<link rel=\"canonical\" href=\"https:\/\/surcohaus.com\/es\/producto\/mushroom-toy-storage-basket\/\" \/>\n<meta property=\"og:locale\" content=\"es_ES\" \/>\n<meta property=\"og:type\" content=\"article\" \/>\n<meta property=\"og:title\" content=\"MUSHROOM BASKET &#8226; Surco HAUS\" \/>\n<meta property=\"og:description\" content=\"Thoughtfully designed for both playrooms and bedrooms, this whimsical basket is shaped like an enchanting mushroom. The removable lid is perfect for quickly tidying up, offering a convenient way to hide toys, books, or other treasures, while adding a touch of magic to the room&#039;s d\u00e9cor.\" \/>\n<meta property=\"og:url\" content=\"https:\/\/surcohaus.com\/es\/producto\/mushroom-toy-storage-basket\/\" \/>\n<meta property=\"og:site_name\" content=\"Surco HAUS\" \/>\n<meta property=\"article:publisher\" content=\"https:\/\/www.facebook.com\/surcohaus\" \/>\n<meta property=\"article:modified_time\" content=\"2026-02-05T14:34:40+00:00\" \/>\n<meta property=\"og:image\" content=\"https:\/\/surcohaus.com\/wp-content\/uploads\/2024\/10\/Hongo-Cesta-Cerrado.jpg\" \/>\n\t<meta property=\"og:image:width\" content=\"2000\" \/>\n\t<meta property=\"og:image:height\" content=\"2000\" \/>\n\t<meta property=\"og:image:type\" content=\"image\/jpeg\" \/>\n<meta name=\"twitter:card\" content=\"summary_large_image\" \/>\n<meta name=\"twitter:label1\" content=\"Tiempo de lectura\" \/>\n\t<meta name=\"twitter:data1\" content=\"1 minuto\" \/>\n<script type=\"application\/ld+json\" class=\"yoast-schema-graph\">{\"@context\":\"https:\\\/\\\/schema.org\",\"@graph\":[{\"@type\":\"WebPage\",\"@id\":\"https:\\\/\\\/surcohaus.com\\\/product\\\/mushroom-toy-storage-basket\\\/\",\"url\":\"https:\\\/\\\/surcohaus.com\\\/product\\\/mushroom-toy-storage-basket\\\/\",\"name\":\"MUSHROOM BASKET &#8226; Surco HAUS\",\"isPartOf\":{\"@id\":\"https:\\\/\\\/surcohaus.com\\\/#website\"},\"primaryImageOfPage\":{\"@id\":\"https:\\\/\\\/surcohaus.com\\\/product\\\/mushroom-toy-storage-basket\\\/#primaryimage\"},\"image\":{\"@id\":\"https:\\\/\\\/surcohaus.com\\\/product\\\/mushroom-toy-storage-basket\\\/#primaryimage\"},\"thumbnailUrl\":\"https:\\\/\\\/surcohaus.com\\\/wp-content\\\/uploads\\\/2024\\\/10\\\/Hongo-Cesta-Cerrado.jpg\",\"datePublished\":\"2024-10-07T11:22:18+00:00\",\"dateModified\":\"2026-02-05T14:34:40+00:00\",\"description\":\"Thoughtfully designed for both playrooms and bedrooms, this whimsical basket is shaped like an enchanting mushroom. The removable lid is perfect for quickly tidying up, offering a convenient way to hide toys, books, or other treasures, while adding a touch of magic to the room's d\u00e9cor.\",\"breadcrumb\":{\"@id\":\"https:\\\/\\\/surcohaus.com\\\/product\\\/mushroom-toy-storage-basket\\\/#breadcrumb\"},\"inLanguage\":\"es\",\"potentialAction\":[{\"@type\":\"ReadAction\",\"target\":[\"https:\\\/\\\/surcohaus.com\\\/product\\\/mushroom-toy-storage-basket\\\/\"]}]},{\"@type\":\"ImageObject\",\"inLanguage\":\"es\",\"@id\":\"https:\\\/\\\/surcohaus.com\\\/product\\\/mushroom-toy-storage-basket\\\/#primaryimage\",\"url\":\"https:\\\/\\\/surcohaus.com\\\/wp-content\\\/uploads\\\/2024\\\/10\\\/Hongo-Cesta-Cerrado.jpg\",\"contentUrl\":\"https:\\\/\\\/surcohaus.com\\\/wp-content\\\/uploads\\\/2024\\\/10\\\/Hongo-Cesta-Cerrado.jpg\",\"width\":2000,\"height\":2000},{\"@type\":\"BreadcrumbList\",\"@id\":\"https:\\\/\\\/surcohaus.com\\\/product\\\/mushroom-toy-storage-basket\\\/#breadcrumb\",\"itemListElement\":[{\"@type\":\"ListItem\",\"position\":1,\"name\":\"Home\",\"item\":\"https:\\\/\\\/surcohaus.com\\\/\"},{\"@type\":\"ListItem\",\"position\":2,\"name\":\"Shop\",\"item\":\"https:\\\/\\\/surcohaus.com\\\/shop\\\/\"},{\"@type\":\"ListItem\",\"position\":3,\"name\":\"MUSHROOM BASKET\"}]},{\"@type\":\"WebSite\",\"@id\":\"https:\\\/\\\/surcohaus.com\\\/#website\",\"url\":\"https:\\\/\\\/surcohaus.com\\\/\",\"name\":\"Surco\",\"description\":\"Wood furniture\",\"publisher\":{\"@id\":\"https:\\\/\\\/surcohaus.com\\\/#organization\"},\"alternateName\":\"Surco\",\"potentialAction\":[{\"@type\":\"SearchAction\",\"target\":{\"@type\":\"EntryPoint\",\"urlTemplate\":\"https:\\\/\\\/surcohaus.com\\\/?s={search_term_string}\"},\"query-input\":{\"@type\":\"PropertyValueSpecification\",\"valueRequired\":true,\"valueName\":\"search_term_string\"}}],\"inLanguage\":\"es\"},{\"@type\":\"Organization\",\"@id\":\"https:\\\/\\\/surcohaus.com\\\/#organization\",\"name\":\"Surco\",\"url\":\"https:\\\/\\\/surcohaus.com\\\/\",\"logo\":{\"@type\":\"ImageObject\",\"inLanguage\":\"es\",\"@id\":\"https:\\\/\\\/surcohaus.com\\\/#\\\/schema\\\/logo\\\/image\\\/\",\"url\":\"https:\\\/\\\/surcohaus.com\\\/wp-content\\\/uploads\\\/2021\\\/11\\\/SRC-LOGO-BRUMA-2.webp\",\"contentUrl\":\"https:\\\/\\\/surcohaus.com\\\/wp-content\\\/uploads\\\/2021\\\/11\\\/SRC-LOGO-BRUMA-2.webp\",\"width\":687,\"height\":249,\"caption\":\"Surco\"},\"image\":{\"@id\":\"https:\\\/\\\/surcohaus.com\\\/#\\\/schema\\\/logo\\\/image\\\/\"},\"sameAs\":[\"https:\\\/\\\/www.facebook.com\\\/surcohaus\"]}]}<\/script>\n<!-- \/ Yoast SEO plugin. -->","yoast_head_json":{"title":"MUSHROOM BASKET &#8226; Surco HAUS","description":"Thoughtfully designed for both playrooms and bedrooms, this whimsical basket is shaped like an enchanting mushroom. The removable lid is perfect for quickly tidying up, offering a convenient way to hide toys, books, or other treasures, while adding a touch of magic to the room's d\u00e9cor.","robots":{"index":"index","follow":"follow","max-snippet":"max-snippet:-1","max-image-preview":"max-image-preview:large","max-video-preview":"max-video-preview:-1"},"canonical":"https:\/\/surcohaus.com\/es\/producto\/mushroom-toy-storage-basket\/","og_locale":"es_ES","og_type":"article","og_title":"MUSHROOM BASKET &#8226; Surco HAUS","og_description":"Thoughtfully designed for both playrooms and bedrooms, this whimsical basket is shaped like an enchanting mushroom. The removable lid is perfect for quickly tidying up, offering a convenient way to hide toys, books, or other treasures, while adding a touch of magic to the room's d\u00e9cor.","og_url":"https:\/\/surcohaus.com\/es\/producto\/mushroom-toy-storage-basket\/","og_site_name":"Surco HAUS","article_publisher":"https:\/\/www.facebook.com\/surcohaus","article_modified_time":"2026-02-05T14:34:40+00:00","og_image":[{"width":2000,"height":2000,"url":"https:\/\/surcohaus.com\/wp-content\/uploads\/2024\/10\/Hongo-Cesta-Cerrado.jpg","type":"image\/jpeg"}],"twitter_card":"summary_large_image","twitter_misc":{"Tiempo de lectura":"1 minuto"},"schema":{"@context":"https:\/\/schema.org","@graph":[{"@type":"WebPage","@id":"https:\/\/surcohaus.com\/product\/mushroom-toy-storage-basket\/","url":"https:\/\/surcohaus.com\/product\/mushroom-toy-storage-basket\/","name":"MUSHROOM BASKET &#8226; Surco HAUS","isPartOf":{"@id":"https:\/\/surcohaus.com\/#website"},"primaryImageOfPage":{"@id":"https:\/\/surcohaus.com\/product\/mushroom-toy-storage-basket\/#primaryimage"},"image":{"@id":"https:\/\/surcohaus.com\/product\/mushroom-toy-storage-basket\/#primaryimage"},"thumbnailUrl":"https:\/\/surcohaus.com\/wp-content\/uploads\/2024\/10\/Hongo-Cesta-Cerrado.jpg","datePublished":"2024-10-07T11:22:18+00:00","dateModified":"2026-02-05T14:34:40+00:00","description":"Thoughtfully designed for both playrooms and bedrooms, this whimsical basket is shaped like an enchanting mushroom. The removable lid is perfect for quickly tidying up, offering a convenient way to hide toys, books, or other treasures, while adding a touch of magic to the room's d\u00e9cor.","breadcrumb":{"@id":"https:\/\/surcohaus.com\/product\/mushroom-toy-storage-basket\/#breadcrumb"},"inLanguage":"es","potentialAction":[{"@type":"ReadAction","target":["https:\/\/surcohaus.com\/product\/mushroom-toy-storage-basket\/"]}]},{"@type":"ImageObject","inLanguage":"es","@id":"https:\/\/surcohaus.com\/product\/mushroom-toy-storage-basket\/#primaryimage","url":"https:\/\/surcohaus.com\/wp-content\/uploads\/2024\/10\/Hongo-Cesta-Cerrado.jpg","contentUrl":"https:\/\/surcohaus.com\/wp-content\/uploads\/2024\/10\/Hongo-Cesta-Cerrado.jpg","width":2000,"height":2000},{"@type":"BreadcrumbList","@id":"https:\/\/surcohaus.com\/product\/mushroom-toy-storage-basket\/#breadcrumb","itemListElement":[{"@type":"ListItem","position":1,"name":"Home","item":"https:\/\/surcohaus.com\/"},{"@type":"ListItem","position":2,"name":"Shop","item":"https:\/\/surcohaus.com\/shop\/"},{"@type":"ListItem","position":3,"name":"MUSHROOM BASKET"}]},{"@type":"WebSite","@id":"https:\/\/surcohaus.com\/#website","url":"https:\/\/surcohaus.com\/","name":"Surco","description":"Wood furniture","publisher":{"@id":"https:\/\/surcohaus.com\/#organization"},"alternateName":"Surco","potentialAction":[{"@type":"SearchAction","target":{"@type":"EntryPoint","urlTemplate":"https:\/\/surcohaus.com\/?s={search_term_string}"},"query-input":{"@type":"PropertyValueSpecification","valueRequired":true,"valueName":"search_term_string"}}],"inLanguage":"es"},{"@type":"Organization","@id":"https:\/\/surcohaus.com\/#organization","name":"Surco","url":"https:\/\/surcohaus.com\/","logo":{"@type":"ImageObject","inLanguage":"es","@id":"https:\/\/surcohaus.com\/#\/schema\/logo\/image\/","url":"https:\/\/surcohaus.com\/wp-content\/uploads\/2021\/11\/SRC-LOGO-BRUMA-2.webp","contentUrl":"https:\/\/surcohaus.com\/wp-content\/uploads\/2021\/11\/SRC-LOGO-BRUMA-2.webp","width":687,"height":249,"caption":"Surco"},"image":{"@id":"https:\/\/surcohaus.com\/#\/schema\/logo\/image\/"},"sameAs":["https:\/\/www.facebook.com\/surcohaus"]}]}},"_links":{"self":[{"href":"https:\/\/surcohaus.com\/es\/wp-json\/wp\/v2\/product\/3036","targetHints":{"allow":["GET"]}}],"collection":[{"href":"https:\/\/surcohaus.com\/es\/wp-json\/wp\/v2\/product"}],"about":[{"href":"https:\/\/surcohaus.com\/es\/wp-json\/wp\/v2\/types\/product"}],"wp:featuredmedia":[{"embeddable":true,"href":"https:\/\/surcohaus.com\/es\/wp-json\/wp\/v2\/media\/3704"}],"wp:attachment":[{"href":"https:\/\/surcohaus.com\/es\/wp-json\/wp\/v2\/media?parent=3036"}],"wp:term":[{"taxonomy":"product_brand","embeddable":true,"href":"https:\/\/surcohaus.com\/es\/wp-json\/wp\/v2\/product_brand?post=3036"},{"taxonomy":"product_cat","embeddable":true,"href":"https:\/\/surcohaus.com\/es\/wp-json\/wp\/v2\/product_cat?post=3036"},{"taxonomy":"product_tag","embeddable":true,"href":"https:\/\/surcohaus.com\/es\/wp-json\/wp\/v2\/product_tag?post=3036"}],"curies":[{"name":"wp","href":"https:\/\/api.w.org\/{rel}","templated":true}]}}