{"id":3040,"date":"2024-10-07T12:11:22","date_gmt":"2024-10-07T12:11:22","guid":{"rendered":"https:\/\/surcohaus.com\/?post_type=product&#038;p=3040"},"modified":"2026-04-17T15:07:44","modified_gmt":"2026-04-17T15:07:44","slug":"oliver-rocking-horse","status":"publish","type":"product","link":"https:\/\/surcohaus.com\/es\/producto\/oliver-rocking-horse\/","title":{"rendered":"OLIVER CABALLO"},"content":{"rendered":"<p>Lleva la alegr\u00eda atemporal al tiempo de juego de tu peque\u00f1o con nuestro encantador caballito mecedor Oliver. Este dulce caballo blanco, salpicado de divertidos puntos negros, est\u00e1 dise\u00f1ado para brindar diversi\u00f3n sin fin y seguramente se convertir\u00e1 en un favorito entra\u00f1able de la infancia.<span style=\"font-size: 16px;\">ce timeless joy to your child&#8217;s playtime with our charming Oliver Rocking Horse<\/span><span style=\"font-size: 16px;\">. <span style=\"font-size: 16px; font-style: normal; font-weight: 400;\">This sweet white horse, sprinkled with playful black dots, is designed to bring endless fun and<\/span><span style=\"font-size: 16px; font-style: normal; font-weight: 400;\">\u00a0it\u2019s sure to become a cherished childhood favorite.\u00a0<\/span><\/span><\/p>","protected":false},"excerpt":{"rendered":"<p>Lleva la alegr\u00eda atemporal al tiempo de juego de tu peque\u00f1o con nuestro encantador caballito mecedor Oliver. Este dulce caballo blanco, salpicado de divertidos puntos negros, est\u00e1 dise\u00f1ado para brindar diversi\u00f3n sin fin y seguramente se convertir\u00e1 en un favorito entra\u00f1able de la infancia.<span style=\"font-size: 16px;\">ce timeless joy to your child&#8217;s playtime with our charming Oliver Rocking Horse<\/span><span style=\"font-size: 16px;\">. <span style=\"font-size: 16px; font-style: normal; font-weight: 400;\">This sweet white horse, sprinkled with playful black dots, is designed to bring endless fun and<\/span><span style=\"font-size: 16px; font-style: normal; font-weight: 400;\">\u00a0it\u2019s sure to become a cherished childhood favorite.\u00a0<\/span><\/span><\/p>","protected":false},"featured_media":3041,"template":"","meta":{"_acf_changed":false,"site-sidebar-layout":"default","site-content-layout":"","ast-site-content-layout":"default","site-content-style":"default","site-sidebar-style":"default","ast-global-header-display":"","ast-banner-title-visibility":"","ast-main-header-display":"","ast-hfb-above-header-display":"","ast-hfb-below-header-display":"","ast-hfb-mobile-header-display":"","site-post-title":"","ast-breadcrumbs-content":"","ast-featured-img":"","footer-sml-layout":"","ast-disable-related-posts":"","theme-transparent-header-meta":"default","adv-header-id-meta":"","stick-header-meta":"","header-above-stick-meta":"","header-main-stick-meta":"","header-below-stick-meta":"","astra-migrate-meta-layouts":"set","ast-page-background-enabled":"default","ast-page-background-meta":{"desktop":{"background-color":"var(--ast-global-color-4)","background-image":"","background-repeat":"repeat","background-position":"center center","background-size":"auto","background-attachment":"scroll","background-type":"","background-media":"","overlay-type":"","overlay-color":"","overlay-opacity":"","overlay-gradient":""},"tablet":{"background-color":"","background-image":"","background-repeat":"repeat","background-position":"center center","background-size":"auto","background-attachment":"scroll","background-type":"","background-media":"","overlay-type":"","overlay-color":"","overlay-opacity":"","overlay-gradient":""},"mobile":{"background-color":"","background-image":"","background-repeat":"repeat","background-position":"center center","background-size":"auto","background-attachment":"scroll","background-type":"","background-media":"","overlay-type":"","overlay-color":"","overlay-opacity":"","overlay-gradient":""}},"ast-content-background-meta":{"desktop":{"background-color":"var(--ast-global-color-5)","background-image":"","background-repeat":"repeat","background-position":"center center","background-size":"auto","background-attachment":"scroll","background-type":"","background-media":"","overlay-type":"","overlay-color":"","overlay-opacity":"","overlay-gradient":""},"tablet":{"background-color":"var(--ast-global-color-5)","background-image":"","background-repeat":"repeat","background-position":"center center","background-size":"auto","background-attachment":"scroll","background-type":"","background-media":"","overlay-type":"","overlay-color":"","overlay-opacity":"","overlay-gradient":""},"mobile":{"background-color":"var(--ast-global-color-5)","background-image":"","background-repeat":"repeat","background-position":"center center","background-size":"auto","background-attachment":"scroll","background-type":"","background-media":"","overlay-type":"","overlay-color":"","overlay-opacity":"","overlay-gradient":""}}},"product_brand":[],"product_cat":[72,22,42,53,24,21,23,19],"product_tag":[],"class_list":{"0":"post-3040","1":"product","2":"type-product","3":"status-publish","4":"has-post-thumbnail","6":"product_cat-accessories-decor","7":"product_cat-bedroom","8":"product_cat-benches-and-stools","9":"product_cat-chairs","10":"product_cat-decor","11":"product_cat-nursery","12":"product_cat-playroom","13":"product_cat-products","14":"desktop-align-left","15":"tablet-align-left","16":"mobile-align-left","18":"first","19":"onbackorder","20":"taxable","21":"shipping-taxable","22":"purchasable","23":"product-type-simple"},"acf":[],"yoast_head":"<!-- This site is optimized with the Yoast SEO plugin v27.4 - https:\/\/yoast.com\/product\/yoast-seo-wordpress\/ -->\n<title>OLIVER ROCKING HORSE &#8226; Surco HAUS<\/title>\n<meta name=\"description\" content=\"This sweet white horse, sprinkled with playful black dots, is designed to bring endless fun and it\u2019s sure to become a cherished childhood favorite.\u00a0\" \/>\n<meta name=\"robots\" content=\"index, follow, max-snippet:-1, max-image-preview:large, max-video-preview:-1\" \/>\n<link rel=\"canonical\" href=\"https:\/\/surcohaus.com\/es\/producto\/oliver-rocking-horse\/\" \/>\n<meta property=\"og:locale\" content=\"es_ES\" \/>\n<meta property=\"og:type\" content=\"article\" \/>\n<meta property=\"og:title\" content=\"OLIVER ROCKING HORSE &#8226; Surco HAUS\" \/>\n<meta property=\"og:description\" content=\"This sweet white horse, sprinkled with playful black dots, is designed to bring endless fun and it\u2019s sure to become a cherished childhood favorite.\u00a0\" \/>\n<meta property=\"og:url\" content=\"https:\/\/surcohaus.com\/es\/producto\/oliver-rocking-horse\/\" \/>\n<meta property=\"og:site_name\" content=\"Surco HAUS\" \/>\n<meta property=\"article:publisher\" content=\"https:\/\/www.facebook.com\/surcohaus\" \/>\n<meta property=\"article:modified_time\" content=\"2026-04-17T15:07:44+00:00\" \/>\n<meta property=\"og:image\" content=\"https:\/\/surcohaus.com\/wp-content\/uploads\/2024\/10\/82062144-1.jpg\" \/>\n\t<meta property=\"og:image:width\" content=\"2000\" \/>\n\t<meta property=\"og:image:height\" content=\"2000\" \/>\n\t<meta property=\"og:image:type\" content=\"image\/jpeg\" \/>\n<meta name=\"twitter:card\" content=\"summary_large_image\" \/>\n<meta name=\"twitter:label1\" content=\"Tiempo de lectura\" \/>\n\t<meta name=\"twitter:data1\" content=\"1 minuto\" \/>\n<script type=\"application\/ld+json\" class=\"yoast-schema-graph\">{\"@context\":\"https:\\\/\\\/schema.org\",\"@graph\":[{\"@type\":\"WebPage\",\"@id\":\"https:\\\/\\\/surcohaus.com\\\/product\\\/oliver-rocking-horse\\\/\",\"url\":\"https:\\\/\\\/surcohaus.com\\\/product\\\/oliver-rocking-horse\\\/\",\"name\":\"OLIVER ROCKING HORSE &#8226; Surco HAUS\",\"isPartOf\":{\"@id\":\"https:\\\/\\\/surcohaus.com\\\/#website\"},\"primaryImageOfPage\":{\"@id\":\"https:\\\/\\\/surcohaus.com\\\/product\\\/oliver-rocking-horse\\\/#primaryimage\"},\"image\":{\"@id\":\"https:\\\/\\\/surcohaus.com\\\/product\\\/oliver-rocking-horse\\\/#primaryimage\"},\"thumbnailUrl\":\"https:\\\/\\\/surcohaus.com\\\/wp-content\\\/uploads\\\/2024\\\/10\\\/82062144-1.jpg\",\"datePublished\":\"2024-10-07T12:11:22+00:00\",\"dateModified\":\"2026-04-17T15:07:44+00:00\",\"description\":\"This sweet white horse, sprinkled with playful black dots, is designed to bring endless fun and it\u2019s sure to become a cherished childhood favorite.\u00a0\",\"breadcrumb\":{\"@id\":\"https:\\\/\\\/surcohaus.com\\\/product\\\/oliver-rocking-horse\\\/#breadcrumb\"},\"inLanguage\":\"es\",\"potentialAction\":[{\"@type\":\"ReadAction\",\"target\":[\"https:\\\/\\\/surcohaus.com\\\/product\\\/oliver-rocking-horse\\\/\"]}]},{\"@type\":\"ImageObject\",\"inLanguage\":\"es\",\"@id\":\"https:\\\/\\\/surcohaus.com\\\/product\\\/oliver-rocking-horse\\\/#primaryimage\",\"url\":\"https:\\\/\\\/surcohaus.com\\\/wp-content\\\/uploads\\\/2024\\\/10\\\/82062144-1.jpg\",\"contentUrl\":\"https:\\\/\\\/surcohaus.com\\\/wp-content\\\/uploads\\\/2024\\\/10\\\/82062144-1.jpg\",\"width\":2000,\"height\":2000},{\"@type\":\"BreadcrumbList\",\"@id\":\"https:\\\/\\\/surcohaus.com\\\/product\\\/oliver-rocking-horse\\\/#breadcrumb\",\"itemListElement\":[{\"@type\":\"ListItem\",\"position\":1,\"name\":\"Home\",\"item\":\"https:\\\/\\\/surcohaus.com\\\/\"},{\"@type\":\"ListItem\",\"position\":2,\"name\":\"Shop\",\"item\":\"https:\\\/\\\/surcohaus.com\\\/shop\\\/\"},{\"@type\":\"ListItem\",\"position\":3,\"name\":\"OLIVER ROCKING HORSE\"}]},{\"@type\":\"WebSite\",\"@id\":\"https:\\\/\\\/surcohaus.com\\\/#website\",\"url\":\"https:\\\/\\\/surcohaus.com\\\/\",\"name\":\"Surco\",\"description\":\"Wood furniture\",\"publisher\":{\"@id\":\"https:\\\/\\\/surcohaus.com\\\/#organization\"},\"alternateName\":\"Surco\",\"potentialAction\":[{\"@type\":\"SearchAction\",\"target\":{\"@type\":\"EntryPoint\",\"urlTemplate\":\"https:\\\/\\\/surcohaus.com\\\/?s={search_term_string}\"},\"query-input\":{\"@type\":\"PropertyValueSpecification\",\"valueRequired\":true,\"valueName\":\"search_term_string\"}}],\"inLanguage\":\"es\"},{\"@type\":\"Organization\",\"@id\":\"https:\\\/\\\/surcohaus.com\\\/#organization\",\"name\":\"Surco\",\"url\":\"https:\\\/\\\/surcohaus.com\\\/\",\"logo\":{\"@type\":\"ImageObject\",\"inLanguage\":\"es\",\"@id\":\"https:\\\/\\\/surcohaus.com\\\/#\\\/schema\\\/logo\\\/image\\\/\",\"url\":\"https:\\\/\\\/surcohaus.com\\\/wp-content\\\/uploads\\\/2021\\\/11\\\/SRC-LOGO-BRUMA-2.webp\",\"contentUrl\":\"https:\\\/\\\/surcohaus.com\\\/wp-content\\\/uploads\\\/2021\\\/11\\\/SRC-LOGO-BRUMA-2.webp\",\"width\":687,\"height\":249,\"caption\":\"Surco\"},\"image\":{\"@id\":\"https:\\\/\\\/surcohaus.com\\\/#\\\/schema\\\/logo\\\/image\\\/\"},\"sameAs\":[\"https:\\\/\\\/www.facebook.com\\\/surcohaus\"]}]}<\/script>\n<!-- \/ Yoast SEO plugin. -->","yoast_head_json":{"title":"OLIVER ROCKING HORSE &#8226; Surco HAUS","description":"This sweet white horse, sprinkled with playful black dots, is designed to bring endless fun and it\u2019s sure to become a cherished childhood favorite.\u00a0","robots":{"index":"index","follow":"follow","max-snippet":"max-snippet:-1","max-image-preview":"max-image-preview:large","max-video-preview":"max-video-preview:-1"},"canonical":"https:\/\/surcohaus.com\/es\/producto\/oliver-rocking-horse\/","og_locale":"es_ES","og_type":"article","og_title":"OLIVER ROCKING HORSE &#8226; Surco HAUS","og_description":"This sweet white horse, sprinkled with playful black dots, is designed to bring endless fun and it\u2019s sure to become a cherished childhood favorite.\u00a0","og_url":"https:\/\/surcohaus.com\/es\/producto\/oliver-rocking-horse\/","og_site_name":"Surco HAUS","article_publisher":"https:\/\/www.facebook.com\/surcohaus","article_modified_time":"2026-04-17T15:07:44+00:00","og_image":[{"width":2000,"height":2000,"url":"https:\/\/surcohaus.com\/wp-content\/uploads\/2024\/10\/82062144-1.jpg","type":"image\/jpeg"}],"twitter_card":"summary_large_image","twitter_misc":{"Tiempo de lectura":"1 minuto"},"schema":{"@context":"https:\/\/schema.org","@graph":[{"@type":"WebPage","@id":"https:\/\/surcohaus.com\/product\/oliver-rocking-horse\/","url":"https:\/\/surcohaus.com\/product\/oliver-rocking-horse\/","name":"OLIVER ROCKING HORSE &#8226; Surco HAUS","isPartOf":{"@id":"https:\/\/surcohaus.com\/#website"},"primaryImageOfPage":{"@id":"https:\/\/surcohaus.com\/product\/oliver-rocking-horse\/#primaryimage"},"image":{"@id":"https:\/\/surcohaus.com\/product\/oliver-rocking-horse\/#primaryimage"},"thumbnailUrl":"https:\/\/surcohaus.com\/wp-content\/uploads\/2024\/10\/82062144-1.jpg","datePublished":"2024-10-07T12:11:22+00:00","dateModified":"2026-04-17T15:07:44+00:00","description":"This sweet white horse, sprinkled with playful black dots, is designed to bring endless fun and it\u2019s sure to become a cherished childhood favorite.\u00a0","breadcrumb":{"@id":"https:\/\/surcohaus.com\/product\/oliver-rocking-horse\/#breadcrumb"},"inLanguage":"es","potentialAction":[{"@type":"ReadAction","target":["https:\/\/surcohaus.com\/product\/oliver-rocking-horse\/"]}]},{"@type":"ImageObject","inLanguage":"es","@id":"https:\/\/surcohaus.com\/product\/oliver-rocking-horse\/#primaryimage","url":"https:\/\/surcohaus.com\/wp-content\/uploads\/2024\/10\/82062144-1.jpg","contentUrl":"https:\/\/surcohaus.com\/wp-content\/uploads\/2024\/10\/82062144-1.jpg","width":2000,"height":2000},{"@type":"BreadcrumbList","@id":"https:\/\/surcohaus.com\/product\/oliver-rocking-horse\/#breadcrumb","itemListElement":[{"@type":"ListItem","position":1,"name":"Home","item":"https:\/\/surcohaus.com\/"},{"@type":"ListItem","position":2,"name":"Shop","item":"https:\/\/surcohaus.com\/shop\/"},{"@type":"ListItem","position":3,"name":"OLIVER ROCKING HORSE"}]},{"@type":"WebSite","@id":"https:\/\/surcohaus.com\/#website","url":"https:\/\/surcohaus.com\/","name":"Surco","description":"Wood furniture","publisher":{"@id":"https:\/\/surcohaus.com\/#organization"},"alternateName":"Surco","potentialAction":[{"@type":"SearchAction","target":{"@type":"EntryPoint","urlTemplate":"https:\/\/surcohaus.com\/?s={search_term_string}"},"query-input":{"@type":"PropertyValueSpecification","valueRequired":true,"valueName":"search_term_string"}}],"inLanguage":"es"},{"@type":"Organization","@id":"https:\/\/surcohaus.com\/#organization","name":"Surco","url":"https:\/\/surcohaus.com\/","logo":{"@type":"ImageObject","inLanguage":"es","@id":"https:\/\/surcohaus.com\/#\/schema\/logo\/image\/","url":"https:\/\/surcohaus.com\/wp-content\/uploads\/2021\/11\/SRC-LOGO-BRUMA-2.webp","contentUrl":"https:\/\/surcohaus.com\/wp-content\/uploads\/2021\/11\/SRC-LOGO-BRUMA-2.webp","width":687,"height":249,"caption":"Surco"},"image":{"@id":"https:\/\/surcohaus.com\/#\/schema\/logo\/image\/"},"sameAs":["https:\/\/www.facebook.com\/surcohaus"]}]}},"_links":{"self":[{"href":"https:\/\/surcohaus.com\/es\/wp-json\/wp\/v2\/product\/3040","targetHints":{"allow":["GET"]}}],"collection":[{"href":"https:\/\/surcohaus.com\/es\/wp-json\/wp\/v2\/product"}],"about":[{"href":"https:\/\/surcohaus.com\/es\/wp-json\/wp\/v2\/types\/product"}],"wp:featuredmedia":[{"embeddable":true,"href":"https:\/\/surcohaus.com\/es\/wp-json\/wp\/v2\/media\/3041"}],"wp:attachment":[{"href":"https:\/\/surcohaus.com\/es\/wp-json\/wp\/v2\/media?parent=3040"}],"wp:term":[{"taxonomy":"product_brand","embeddable":true,"href":"https:\/\/surcohaus.com\/es\/wp-json\/wp\/v2\/product_brand?post=3040"},{"taxonomy":"product_cat","embeddable":true,"href":"https:\/\/surcohaus.com\/es\/wp-json\/wp\/v2\/product_cat?post=3040"},{"taxonomy":"product_tag","embeddable":true,"href":"https:\/\/surcohaus.com\/es\/wp-json\/wp\/v2\/product_tag?post=3040"}],"curies":[{"name":"wp","href":"https:\/\/api.w.org\/{rel}","templated":true}]}}