{"id":3545,"date":"2025-05-29T16:03:29","date_gmt":"2025-05-29T16:03:29","guid":{"rendered":"https:\/\/surcohaus.com\/?post_type=product&#038;p=3545"},"modified":"2025-05-29T16:07:04","modified_gmt":"2025-05-29T16:07:04","slug":"matress-full-bed-135-x-190-x-15-cm-upper-bunk-bed","status":"publish","type":"product","link":"https:\/\/surcohaus.com\/es\/producto\/matress-full-bed-135-x-190-x-15-cm-upper-bunk-bed\/","title":{"rendered":"COLCH\u00d3N FULL 135 x 190 x 15 cm (Cama Superior)"},"content":{"rendered":"","protected":false},"excerpt":{"rendered":"<p>Este colch\u00f3n ofrece el nivel justo de firmeza para garantizar un descanso seguro y c\u00f3modo para tu hijo. Dise\u00f1ado con una est\u00e9tica sencilla y cuidada, es la base perfecta para acompa\u00f1ar su crecimiento, brindando el soporte \u00f3ptimo que necesita.<\/p>\n<p>&nbsp;<\/p>","protected":false},"featured_media":3346,"template":"","meta":{"_acf_changed":false,"site-sidebar-layout":"default","site-content-layout":"","ast-site-content-layout":"default","site-content-style":"default","site-sidebar-style":"default","ast-global-header-display":"","ast-banner-title-visibility":"","ast-main-header-display":"","ast-hfb-above-header-display":"","ast-hfb-below-header-display":"","ast-hfb-mobile-header-display":"","site-post-title":"","ast-breadcrumbs-content":"","ast-featured-img":"","footer-sml-layout":"","ast-disable-related-posts":"","theme-transparent-header-meta":"default","adv-header-id-meta":"","stick-header-meta":"","header-above-stick-meta":"","header-main-stick-meta":"","header-below-stick-meta":"","astra-migrate-meta-layouts":"set","ast-page-background-enabled":"default","ast-page-background-meta":{"desktop":{"background-color":"var(--ast-global-color-4)","background-image":"","background-repeat":"repeat","background-position":"center center","background-size":"auto","background-attachment":"scroll","background-type":"","background-media":"","overlay-type":"","overlay-color":"","overlay-opacity":"","overlay-gradient":""},"tablet":{"background-color":"","background-image":"","background-repeat":"repeat","background-position":"center center","background-size":"auto","background-attachment":"scroll","background-type":"","background-media":"","overlay-type":"","overlay-color":"","overlay-opacity":"","overlay-gradient":""},"mobile":{"background-color":"","background-image":"","background-repeat":"repeat","background-position":"center center","background-size":"auto","background-attachment":"scroll","background-type":"","background-media":"","overlay-type":"","overlay-color":"","overlay-opacity":"","overlay-gradient":""}},"ast-content-background-meta":{"desktop":{"background-color":"var(--ast-global-color-5)","background-image":"","background-repeat":"repeat","background-position":"center center","background-size":"auto","background-attachment":"scroll","background-type":"","background-media":"","overlay-type":"","overlay-color":"","overlay-opacity":"","overlay-gradient":""},"tablet":{"background-color":"var(--ast-global-color-5)","background-image":"","background-repeat":"repeat","background-position":"center center","background-size":"auto","background-attachment":"scroll","background-type":"","background-media":"","overlay-type":"","overlay-color":"","overlay-opacity":"","overlay-gradient":""},"mobile":{"background-color":"var(--ast-global-color-5)","background-image":"","background-repeat":"repeat","background-position":"center center","background-size":"auto","background-attachment":"scroll","background-type":"","background-media":"","overlay-type":"","overlay-color":"","overlay-opacity":"","overlay-gradient":""}}},"product_brand":[],"product_cat":[22,19],"product_tag":[82],"class_list":{"0":"post-3545","1":"product","2":"type-product","3":"status-publish","4":"has-post-thumbnail","6":"product_cat-bedroom","7":"product_cat-products","8":"product_tag-walnut","9":"desktop-align-left","10":"tablet-align-left","11":"mobile-align-left","13":"first","14":"instock","15":"taxable","16":"shipping-taxable","17":"purchasable","18":"product-type-simple"},"acf":[],"yoast_head":"<!-- This site is optimized with the Yoast SEO plugin v27.4 - https:\/\/yoast.com\/product\/yoast-seo-wordpress\/ -->\n<title>MATRESS Full Bed 135 x 190 x 15 cm (Upper Bunk bed) &#8226; Surco HAUS<\/title>\n<meta name=\"robots\" content=\"index, follow, max-snippet:-1, max-image-preview:large, max-video-preview:-1\" \/>\n<link rel=\"canonical\" href=\"https:\/\/surcohaus.com\/es\/producto\/matress-full-bed-135-x-190-x-15-cm-upper-bunk-bed\/\" \/>\n<meta property=\"og:locale\" content=\"es_ES\" \/>\n<meta property=\"og:type\" content=\"article\" \/>\n<meta property=\"og:title\" content=\"MATRESS Full Bed 135 x 190 x 15 cm (Upper Bunk bed) &#8226; Surco HAUS\" \/>\n<meta property=\"og:description\" content=\"This mattress offers just the right level of firmness to ensure a safe and comfortable sleep for your child. Designed with simplicity in mind, this mattress becomes the perfect foundation to support their growth with the optimal support they need.  &nbsp;\" \/>\n<meta property=\"og:url\" content=\"https:\/\/surcohaus.com\/es\/producto\/matress-full-bed-135-x-190-x-15-cm-upper-bunk-bed\/\" \/>\n<meta property=\"og:site_name\" content=\"Surco HAUS\" \/>\n<meta property=\"article:publisher\" content=\"https:\/\/www.facebook.com\/surcohaus\" \/>\n<meta property=\"article:modified_time\" content=\"2025-05-29T16:07:04+00:00\" \/>\n<meta property=\"og:image\" content=\"https:\/\/surcohaus.com\/wp-content\/uploads\/2025\/01\/colchon-kibo-junior-lemur-.jpg\" \/>\n\t<meta property=\"og:image:width\" content=\"1080\" \/>\n\t<meta property=\"og:image:height\" content=\"1080\" \/>\n\t<meta property=\"og:image:type\" content=\"image\/jpeg\" \/>\n<meta name=\"twitter:card\" content=\"summary_large_image\" \/>\n<meta name=\"twitter:label1\" content=\"Tiempo de lectura\" \/>\n\t<meta name=\"twitter:data1\" content=\"1 minuto\" \/>\n<script type=\"application\/ld+json\" class=\"yoast-schema-graph\">{\"@context\":\"https:\\\/\\\/schema.org\",\"@graph\":[{\"@type\":\"WebPage\",\"@id\":\"https:\\\/\\\/surcohaus.com\\\/product\\\/matress-full-bed-135-x-190-x-15-cm-upper-bunk-bed\\\/\",\"url\":\"https:\\\/\\\/surcohaus.com\\\/product\\\/matress-full-bed-135-x-190-x-15-cm-upper-bunk-bed\\\/\",\"name\":\"MATRESS Full Bed 135 x 190 x 15 cm (Upper Bunk bed) &#8226; Surco HAUS\",\"isPartOf\":{\"@id\":\"https:\\\/\\\/surcohaus.com\\\/#website\"},\"primaryImageOfPage\":{\"@id\":\"https:\\\/\\\/surcohaus.com\\\/product\\\/matress-full-bed-135-x-190-x-15-cm-upper-bunk-bed\\\/#primaryimage\"},\"image\":{\"@id\":\"https:\\\/\\\/surcohaus.com\\\/product\\\/matress-full-bed-135-x-190-x-15-cm-upper-bunk-bed\\\/#primaryimage\"},\"thumbnailUrl\":\"https:\\\/\\\/surcohaus.com\\\/wp-content\\\/uploads\\\/2025\\\/01\\\/colchon-kibo-junior-lemur-.jpg\",\"datePublished\":\"2025-05-29T16:03:29+00:00\",\"dateModified\":\"2025-05-29T16:07:04+00:00\",\"breadcrumb\":{\"@id\":\"https:\\\/\\\/surcohaus.com\\\/product\\\/matress-full-bed-135-x-190-x-15-cm-upper-bunk-bed\\\/#breadcrumb\"},\"inLanguage\":\"es\",\"potentialAction\":[{\"@type\":\"ReadAction\",\"target\":[\"https:\\\/\\\/surcohaus.com\\\/product\\\/matress-full-bed-135-x-190-x-15-cm-upper-bunk-bed\\\/\"]}]},{\"@type\":\"ImageObject\",\"inLanguage\":\"es\",\"@id\":\"https:\\\/\\\/surcohaus.com\\\/product\\\/matress-full-bed-135-x-190-x-15-cm-upper-bunk-bed\\\/#primaryimage\",\"url\":\"https:\\\/\\\/surcohaus.com\\\/wp-content\\\/uploads\\\/2025\\\/01\\\/colchon-kibo-junior-lemur-.jpg\",\"contentUrl\":\"https:\\\/\\\/surcohaus.com\\\/wp-content\\\/uploads\\\/2025\\\/01\\\/colchon-kibo-junior-lemur-.jpg\",\"width\":1080,\"height\":1080},{\"@type\":\"BreadcrumbList\",\"@id\":\"https:\\\/\\\/surcohaus.com\\\/product\\\/matress-full-bed-135-x-190-x-15-cm-upper-bunk-bed\\\/#breadcrumb\",\"itemListElement\":[{\"@type\":\"ListItem\",\"position\":1,\"name\":\"Home\",\"item\":\"https:\\\/\\\/surcohaus.com\\\/\"},{\"@type\":\"ListItem\",\"position\":2,\"name\":\"Shop\",\"item\":\"https:\\\/\\\/surcohaus.com\\\/shop\\\/\"},{\"@type\":\"ListItem\",\"position\":3,\"name\":\"MATRESS Full Bed 135 x 190 x 15 cm (Upper Bunk bed)\"}]},{\"@type\":\"WebSite\",\"@id\":\"https:\\\/\\\/surcohaus.com\\\/#website\",\"url\":\"https:\\\/\\\/surcohaus.com\\\/\",\"name\":\"Surco\",\"description\":\"Wood furniture\",\"publisher\":{\"@id\":\"https:\\\/\\\/surcohaus.com\\\/#organization\"},\"alternateName\":\"Surco\",\"potentialAction\":[{\"@type\":\"SearchAction\",\"target\":{\"@type\":\"EntryPoint\",\"urlTemplate\":\"https:\\\/\\\/surcohaus.com\\\/?s={search_term_string}\"},\"query-input\":{\"@type\":\"PropertyValueSpecification\",\"valueRequired\":true,\"valueName\":\"search_term_string\"}}],\"inLanguage\":\"es\"},{\"@type\":\"Organization\",\"@id\":\"https:\\\/\\\/surcohaus.com\\\/#organization\",\"name\":\"Surco\",\"url\":\"https:\\\/\\\/surcohaus.com\\\/\",\"logo\":{\"@type\":\"ImageObject\",\"inLanguage\":\"es\",\"@id\":\"https:\\\/\\\/surcohaus.com\\\/#\\\/schema\\\/logo\\\/image\\\/\",\"url\":\"https:\\\/\\\/surcohaus.com\\\/wp-content\\\/uploads\\\/2021\\\/11\\\/SRC-LOGO-BRUMA-2.webp\",\"contentUrl\":\"https:\\\/\\\/surcohaus.com\\\/wp-content\\\/uploads\\\/2021\\\/11\\\/SRC-LOGO-BRUMA-2.webp\",\"width\":687,\"height\":249,\"caption\":\"Surco\"},\"image\":{\"@id\":\"https:\\\/\\\/surcohaus.com\\\/#\\\/schema\\\/logo\\\/image\\\/\"},\"sameAs\":[\"https:\\\/\\\/www.facebook.com\\\/surcohaus\"]}]}<\/script>\n<!-- \/ Yoast SEO plugin. -->","yoast_head_json":{"title":"MATRESS Full Bed 135 x 190 x 15 cm (Upper Bunk bed) &#8226; Surco HAUS","robots":{"index":"index","follow":"follow","max-snippet":"max-snippet:-1","max-image-preview":"max-image-preview:large","max-video-preview":"max-video-preview:-1"},"canonical":"https:\/\/surcohaus.com\/es\/producto\/matress-full-bed-135-x-190-x-15-cm-upper-bunk-bed\/","og_locale":"es_ES","og_type":"article","og_title":"MATRESS Full Bed 135 x 190 x 15 cm (Upper Bunk bed) &#8226; Surco HAUS","og_description":"This mattress offers just the right level of firmness to ensure a safe and comfortable sleep for your child. Designed with simplicity in mind, this mattress becomes the perfect foundation to support their growth with the optimal support they need.  &nbsp;","og_url":"https:\/\/surcohaus.com\/es\/producto\/matress-full-bed-135-x-190-x-15-cm-upper-bunk-bed\/","og_site_name":"Surco HAUS","article_publisher":"https:\/\/www.facebook.com\/surcohaus","article_modified_time":"2025-05-29T16:07:04+00:00","og_image":[{"width":1080,"height":1080,"url":"https:\/\/surcohaus.com\/wp-content\/uploads\/2025\/01\/colchon-kibo-junior-lemur-.jpg","type":"image\/jpeg"}],"twitter_card":"summary_large_image","twitter_misc":{"Tiempo de lectura":"1 minuto"},"schema":{"@context":"https:\/\/schema.org","@graph":[{"@type":"WebPage","@id":"https:\/\/surcohaus.com\/product\/matress-full-bed-135-x-190-x-15-cm-upper-bunk-bed\/","url":"https:\/\/surcohaus.com\/product\/matress-full-bed-135-x-190-x-15-cm-upper-bunk-bed\/","name":"MATRESS Full Bed 135 x 190 x 15 cm (Upper Bunk bed) &#8226; Surco HAUS","isPartOf":{"@id":"https:\/\/surcohaus.com\/#website"},"primaryImageOfPage":{"@id":"https:\/\/surcohaus.com\/product\/matress-full-bed-135-x-190-x-15-cm-upper-bunk-bed\/#primaryimage"},"image":{"@id":"https:\/\/surcohaus.com\/product\/matress-full-bed-135-x-190-x-15-cm-upper-bunk-bed\/#primaryimage"},"thumbnailUrl":"https:\/\/surcohaus.com\/wp-content\/uploads\/2025\/01\/colchon-kibo-junior-lemur-.jpg","datePublished":"2025-05-29T16:03:29+00:00","dateModified":"2025-05-29T16:07:04+00:00","breadcrumb":{"@id":"https:\/\/surcohaus.com\/product\/matress-full-bed-135-x-190-x-15-cm-upper-bunk-bed\/#breadcrumb"},"inLanguage":"es","potentialAction":[{"@type":"ReadAction","target":["https:\/\/surcohaus.com\/product\/matress-full-bed-135-x-190-x-15-cm-upper-bunk-bed\/"]}]},{"@type":"ImageObject","inLanguage":"es","@id":"https:\/\/surcohaus.com\/product\/matress-full-bed-135-x-190-x-15-cm-upper-bunk-bed\/#primaryimage","url":"https:\/\/surcohaus.com\/wp-content\/uploads\/2025\/01\/colchon-kibo-junior-lemur-.jpg","contentUrl":"https:\/\/surcohaus.com\/wp-content\/uploads\/2025\/01\/colchon-kibo-junior-lemur-.jpg","width":1080,"height":1080},{"@type":"BreadcrumbList","@id":"https:\/\/surcohaus.com\/product\/matress-full-bed-135-x-190-x-15-cm-upper-bunk-bed\/#breadcrumb","itemListElement":[{"@type":"ListItem","position":1,"name":"Home","item":"https:\/\/surcohaus.com\/"},{"@type":"ListItem","position":2,"name":"Shop","item":"https:\/\/surcohaus.com\/shop\/"},{"@type":"ListItem","position":3,"name":"MATRESS Full Bed 135 x 190 x 15 cm (Upper Bunk bed)"}]},{"@type":"WebSite","@id":"https:\/\/surcohaus.com\/#website","url":"https:\/\/surcohaus.com\/","name":"Surco","description":"Wood furniture","publisher":{"@id":"https:\/\/surcohaus.com\/#organization"},"alternateName":"Surco","potentialAction":[{"@type":"SearchAction","target":{"@type":"EntryPoint","urlTemplate":"https:\/\/surcohaus.com\/?s={search_term_string}"},"query-input":{"@type":"PropertyValueSpecification","valueRequired":true,"valueName":"search_term_string"}}],"inLanguage":"es"},{"@type":"Organization","@id":"https:\/\/surcohaus.com\/#organization","name":"Surco","url":"https:\/\/surcohaus.com\/","logo":{"@type":"ImageObject","inLanguage":"es","@id":"https:\/\/surcohaus.com\/#\/schema\/logo\/image\/","url":"https:\/\/surcohaus.com\/wp-content\/uploads\/2021\/11\/SRC-LOGO-BRUMA-2.webp","contentUrl":"https:\/\/surcohaus.com\/wp-content\/uploads\/2021\/11\/SRC-LOGO-BRUMA-2.webp","width":687,"height":249,"caption":"Surco"},"image":{"@id":"https:\/\/surcohaus.com\/#\/schema\/logo\/image\/"},"sameAs":["https:\/\/www.facebook.com\/surcohaus"]}]}},"_links":{"self":[{"href":"https:\/\/surcohaus.com\/es\/wp-json\/wp\/v2\/product\/3545","targetHints":{"allow":["GET"]}}],"collection":[{"href":"https:\/\/surcohaus.com\/es\/wp-json\/wp\/v2\/product"}],"about":[{"href":"https:\/\/surcohaus.com\/es\/wp-json\/wp\/v2\/types\/product"}],"wp:featuredmedia":[{"embeddable":true,"href":"https:\/\/surcohaus.com\/es\/wp-json\/wp\/v2\/media\/3346"}],"wp:attachment":[{"href":"https:\/\/surcohaus.com\/es\/wp-json\/wp\/v2\/media?parent=3545"}],"wp:term":[{"taxonomy":"product_brand","embeddable":true,"href":"https:\/\/surcohaus.com\/es\/wp-json\/wp\/v2\/product_brand?post=3545"},{"taxonomy":"product_cat","embeddable":true,"href":"https:\/\/surcohaus.com\/es\/wp-json\/wp\/v2\/product_cat?post=3545"},{"taxonomy":"product_tag","embeddable":true,"href":"https:\/\/surcohaus.com\/es\/wp-json\/wp\/v2\/product_tag?post=3545"}],"curies":[{"name":"wp","href":"https:\/\/api.w.org\/{rel}","templated":true}]}}