{"id":3963,"date":"2026-03-11T13:09:24","date_gmt":"2026-03-11T13:09:24","guid":{"rendered":"https:\/\/surcohaus.com\/?post_type=product&#038;p=3963"},"modified":"2026-03-18T16:18:14","modified_gmt":"2026-03-18T16:18:14","slug":"bosco-modular-kids-shelf-4-cube","status":"publish","type":"product","link":"https:\/\/surcohaus.com\/es\/producto\/bosco-modular-kids-shelf-4-cube\/","title":{"rendered":"ESTANTER\u00cdA MODULAR BOSCO - 4 CUBOS"},"content":{"rendered":"<p>The Bosco 4-cube modular shelf is part of the Surco Haus modular storage system. Designed for kids bedrooms and playrooms, it allows flexible configurations that grow with children.<\/p>","protected":false},"excerpt":{"rendered":"<p data-start=\"2235\" data-end=\"2553\">La estanter\u00eda modular Bosco de Surco es una pieza de almacenamiento vers\u00e1til dise\u00f1ada para crear espacios infantiles l\u00fadicos, ordenados e inspiradores.<\/p>\n<p data-start=\"2555\" data-end=\"2780\">El m\u00f3dulo de estanter\u00eda abierta de 4 cubos ofrece un acceso f\u00e1cil a juguetes, libros y objetos decorativos, fomentando la autonom\u00eda de los ni\u00f1os mientras mantiene los espacios infantiles ordenados, funcionales y acogedores.<\/p>","protected":false},"featured_media":4055,"template":"","meta":{"_acf_changed":false,"site-sidebar-layout":"default","site-content-layout":"","ast-site-content-layout":"default","site-content-style":"default","site-sidebar-style":"default","ast-global-header-display":"","ast-banner-title-visibility":"","ast-main-header-display":"","ast-hfb-above-header-display":"","ast-hfb-below-header-display":"","ast-hfb-mobile-header-display":"","site-post-title":"","ast-breadcrumbs-content":"","ast-featured-img":"","footer-sml-layout":"","ast-disable-related-posts":"","theme-transparent-header-meta":"default","adv-header-id-meta":"","stick-header-meta":"","header-above-stick-meta":"","header-main-stick-meta":"","header-below-stick-meta":"","astra-migrate-meta-layouts":"set","ast-page-background-enabled":"default","ast-page-background-meta":{"desktop":{"background-color":"var(--ast-global-color-4)","background-image":"","background-repeat":"repeat","background-position":"center center","background-size":"auto","background-attachment":"scroll","background-type":"","background-media":"","overlay-type":"","overlay-color":"","overlay-opacity":"","overlay-gradient":""},"tablet":{"background-color":"","background-image":"","background-repeat":"repeat","background-position":"center center","background-size":"auto","background-attachment":"scroll","background-type":"","background-media":"","overlay-type":"","overlay-color":"","overlay-opacity":"","overlay-gradient":""},"mobile":{"background-color":"","background-image":"","background-repeat":"repeat","background-position":"center center","background-size":"auto","background-attachment":"scroll","background-type":"","background-media":"","overlay-type":"","overlay-color":"","overlay-opacity":"","overlay-gradient":""}},"ast-content-background-meta":{"desktop":{"background-color":"var(--ast-global-color-5)","background-image":"","background-repeat":"repeat","background-position":"center center","background-size":"auto","background-attachment":"scroll","background-type":"","background-media":"","overlay-type":"","overlay-color":"","overlay-opacity":"","overlay-gradient":""},"tablet":{"background-color":"var(--ast-global-color-5)","background-image":"","background-repeat":"repeat","background-position":"center center","background-size":"auto","background-attachment":"scroll","background-type":"","background-media":"","overlay-type":"","overlay-color":"","overlay-opacity":"","overlay-gradient":""},"mobile":{"background-color":"var(--ast-global-color-5)","background-image":"","background-repeat":"repeat","background-position":"center center","background-size":"auto","background-attachment":"scroll","background-type":"","background-media":"","overlay-type":"","overlay-color":"","overlay-opacity":"","overlay-gradient":""}}},"product_brand":[],"product_cat":[49,22,40,86,65,61,21,23,19],"product_tag":[83],"class_list":{"0":"post-3963","1":"product","2":"type-product","3":"status-publish","4":"has-post-thumbnail","6":"product_cat-alaska-collection","7":"product_cat-bedroom","8":"product_cat-bookcases-storage","9":"product_cat-bookcases-storage-products","10":"product_cat-bookcases-storage-playroom","11":"product_cat-bookcases-storage-bedroom","12":"product_cat-nursery","13":"product_cat-playroom","14":"product_cat-products","15":"product_tag-washed-oak","16":"desktop-align-left","17":"tablet-align-left","18":"mobile-align-left","20":"first","21":"instock","22":"taxable","23":"shipping-taxable","24":"purchasable","25":"product-type-variable"},"acf":[],"yoast_head":"<!-- This site is optimized with the Yoast SEO plugin v27.3 - https:\/\/yoast.com\/product\/yoast-seo-wordpress\/ -->\n<title>BOSCO MODULAR OPEN STORAGE &#8226; Surco HAUS<\/title>\n<meta name=\"description\" content=\"4-cube modular kids shelf from the Bosco collection by Surco Haus. Premium storage system designed for children&#039;s bedrooms and playrooms.\" \/>\n<meta name=\"robots\" content=\"index, follow, max-snippet:-1, max-image-preview:large, max-video-preview:-1\" \/>\n<link rel=\"canonical\" href=\"https:\/\/surcohaus.com\/es\/producto\/bosco-modular-kids-shelf-4-cube\/\" \/>\n<meta property=\"og:locale\" content=\"es_ES\" \/>\n<meta property=\"og:type\" content=\"article\" \/>\n<meta property=\"og:title\" content=\"BOSCO MODULAR OPEN STORAGE &#8226; Surco HAUS\" \/>\n<meta property=\"og:description\" content=\"4-cube modular kids shelf from the Bosco collection by Surco Haus. Premium storage system designed for children&#039;s bedrooms and playrooms.\" \/>\n<meta property=\"og:url\" content=\"https:\/\/surcohaus.com\/es\/producto\/bosco-modular-kids-shelf-4-cube\/\" \/>\n<meta property=\"og:site_name\" content=\"Surco HAUS\" \/>\n<meta property=\"article:publisher\" content=\"https:\/\/www.facebook.com\/surcohaus\" \/>\n<meta property=\"article:modified_time\" content=\"2026-03-18T16:18:14+00:00\" \/>\n<meta property=\"og:image\" content=\"https:\/\/surcohaus.com\/wp-content\/uploads\/2026\/03\/Diseno-sin-titulo-32-scaled.jpeg\" \/>\n\t<meta property=\"og:image:width\" content=\"2560\" \/>\n\t<meta property=\"og:image:height\" content=\"2560\" \/>\n\t<meta property=\"og:image:type\" content=\"image\/jpeg\" \/>\n<meta name=\"twitter:card\" content=\"summary_large_image\" \/>\n<meta name=\"twitter:label1\" content=\"Tiempo de lectura\" \/>\n\t<meta name=\"twitter:data1\" content=\"1 minuto\" \/>\n<script type=\"application\/ld+json\" class=\"yoast-schema-graph\">{\"@context\":\"https:\\\/\\\/schema.org\",\"@graph\":[{\"@type\":\"WebPage\",\"@id\":\"https:\\\/\\\/surcohaus.com\\\/product\\\/bosco-modular-kids-shelf-4-cube\\\/\",\"url\":\"https:\\\/\\\/surcohaus.com\\\/product\\\/bosco-modular-kids-shelf-4-cube\\\/\",\"name\":\"BOSCO MODULAR OPEN STORAGE &#8226; Surco HAUS\",\"isPartOf\":{\"@id\":\"https:\\\/\\\/surcohaus.com\\\/#website\"},\"primaryImageOfPage\":{\"@id\":\"https:\\\/\\\/surcohaus.com\\\/product\\\/bosco-modular-kids-shelf-4-cube\\\/#primaryimage\"},\"image\":{\"@id\":\"https:\\\/\\\/surcohaus.com\\\/product\\\/bosco-modular-kids-shelf-4-cube\\\/#primaryimage\"},\"thumbnailUrl\":\"https:\\\/\\\/surcohaus.com\\\/wp-content\\\/uploads\\\/2026\\\/03\\\/Diseno-sin-titulo-32-scaled.jpeg\",\"datePublished\":\"2026-03-11T13:09:24+00:00\",\"dateModified\":\"2026-03-18T16:18:14+00:00\",\"description\":\"4-cube modular kids shelf from the Bosco collection by Surco Haus. Premium storage system designed for children's bedrooms and playrooms.\",\"breadcrumb\":{\"@id\":\"https:\\\/\\\/surcohaus.com\\\/product\\\/bosco-modular-kids-shelf-4-cube\\\/#breadcrumb\"},\"inLanguage\":\"es\",\"potentialAction\":[{\"@type\":\"ReadAction\",\"target\":[\"https:\\\/\\\/surcohaus.com\\\/product\\\/bosco-modular-kids-shelf-4-cube\\\/\"]}]},{\"@type\":\"ImageObject\",\"inLanguage\":\"es\",\"@id\":\"https:\\\/\\\/surcohaus.com\\\/product\\\/bosco-modular-kids-shelf-4-cube\\\/#primaryimage\",\"url\":\"https:\\\/\\\/surcohaus.com\\\/wp-content\\\/uploads\\\/2026\\\/03\\\/Diseno-sin-titulo-32-scaled.jpeg\",\"contentUrl\":\"https:\\\/\\\/surcohaus.com\\\/wp-content\\\/uploads\\\/2026\\\/03\\\/Diseno-sin-titulo-32-scaled.jpeg\",\"width\":2560,\"height\":2560},{\"@type\":\"BreadcrumbList\",\"@id\":\"https:\\\/\\\/surcohaus.com\\\/product\\\/bosco-modular-kids-shelf-4-cube\\\/#breadcrumb\",\"itemListElement\":[{\"@type\":\"ListItem\",\"position\":1,\"name\":\"Home\",\"item\":\"https:\\\/\\\/surcohaus.com\\\/\"},{\"@type\":\"ListItem\",\"position\":2,\"name\":\"Shop\",\"item\":\"https:\\\/\\\/surcohaus.com\\\/shop\\\/\"},{\"@type\":\"ListItem\",\"position\":3,\"name\":\"BOSCO MODULAR OPEN STORAGE\"}]},{\"@type\":\"WebSite\",\"@id\":\"https:\\\/\\\/surcohaus.com\\\/#website\",\"url\":\"https:\\\/\\\/surcohaus.com\\\/\",\"name\":\"Surco\",\"description\":\"Wood furniture\",\"publisher\":{\"@id\":\"https:\\\/\\\/surcohaus.com\\\/#organization\"},\"alternateName\":\"Surco\",\"potentialAction\":[{\"@type\":\"SearchAction\",\"target\":{\"@type\":\"EntryPoint\",\"urlTemplate\":\"https:\\\/\\\/surcohaus.com\\\/?s={search_term_string}\"},\"query-input\":{\"@type\":\"PropertyValueSpecification\",\"valueRequired\":true,\"valueName\":\"search_term_string\"}}],\"inLanguage\":\"es\"},{\"@type\":\"Organization\",\"@id\":\"https:\\\/\\\/surcohaus.com\\\/#organization\",\"name\":\"Surco\",\"url\":\"https:\\\/\\\/surcohaus.com\\\/\",\"logo\":{\"@type\":\"ImageObject\",\"inLanguage\":\"es\",\"@id\":\"https:\\\/\\\/surcohaus.com\\\/#\\\/schema\\\/logo\\\/image\\\/\",\"url\":\"https:\\\/\\\/surcohaus.com\\\/wp-content\\\/uploads\\\/2021\\\/11\\\/SRC-LOGO-BRUMA-2.webp\",\"contentUrl\":\"https:\\\/\\\/surcohaus.com\\\/wp-content\\\/uploads\\\/2021\\\/11\\\/SRC-LOGO-BRUMA-2.webp\",\"width\":687,\"height\":249,\"caption\":\"Surco\"},\"image\":{\"@id\":\"https:\\\/\\\/surcohaus.com\\\/#\\\/schema\\\/logo\\\/image\\\/\"},\"sameAs\":[\"https:\\\/\\\/www.facebook.com\\\/surcohaus\"]}]}<\/script>\n<!-- \/ Yoast SEO plugin. -->","yoast_head_json":{"title":"BOSCO MODULAR OPEN STORAGE &#8226; Surco HAUS","description":"4-cube modular kids shelf from the Bosco collection by Surco Haus. Premium storage system designed for children's bedrooms and playrooms.","robots":{"index":"index","follow":"follow","max-snippet":"max-snippet:-1","max-image-preview":"max-image-preview:large","max-video-preview":"max-video-preview:-1"},"canonical":"https:\/\/surcohaus.com\/es\/producto\/bosco-modular-kids-shelf-4-cube\/","og_locale":"es_ES","og_type":"article","og_title":"BOSCO MODULAR OPEN STORAGE &#8226; Surco HAUS","og_description":"4-cube modular kids shelf from the Bosco collection by Surco Haus. Premium storage system designed for children's bedrooms and playrooms.","og_url":"https:\/\/surcohaus.com\/es\/producto\/bosco-modular-kids-shelf-4-cube\/","og_site_name":"Surco HAUS","article_publisher":"https:\/\/www.facebook.com\/surcohaus","article_modified_time":"2026-03-18T16:18:14+00:00","og_image":[{"width":2560,"height":2560,"url":"https:\/\/surcohaus.com\/wp-content\/uploads\/2026\/03\/Diseno-sin-titulo-32-scaled.jpeg","type":"image\/jpeg"}],"twitter_card":"summary_large_image","twitter_misc":{"Tiempo de lectura":"1 minuto"},"schema":{"@context":"https:\/\/schema.org","@graph":[{"@type":"WebPage","@id":"https:\/\/surcohaus.com\/product\/bosco-modular-kids-shelf-4-cube\/","url":"https:\/\/surcohaus.com\/product\/bosco-modular-kids-shelf-4-cube\/","name":"BOSCO MODULAR OPEN STORAGE &#8226; Surco HAUS","isPartOf":{"@id":"https:\/\/surcohaus.com\/#website"},"primaryImageOfPage":{"@id":"https:\/\/surcohaus.com\/product\/bosco-modular-kids-shelf-4-cube\/#primaryimage"},"image":{"@id":"https:\/\/surcohaus.com\/product\/bosco-modular-kids-shelf-4-cube\/#primaryimage"},"thumbnailUrl":"https:\/\/surcohaus.com\/wp-content\/uploads\/2026\/03\/Diseno-sin-titulo-32-scaled.jpeg","datePublished":"2026-03-11T13:09:24+00:00","dateModified":"2026-03-18T16:18:14+00:00","description":"4-cube modular kids shelf from the Bosco collection by Surco Haus. Premium storage system designed for children's bedrooms and playrooms.","breadcrumb":{"@id":"https:\/\/surcohaus.com\/product\/bosco-modular-kids-shelf-4-cube\/#breadcrumb"},"inLanguage":"es","potentialAction":[{"@type":"ReadAction","target":["https:\/\/surcohaus.com\/product\/bosco-modular-kids-shelf-4-cube\/"]}]},{"@type":"ImageObject","inLanguage":"es","@id":"https:\/\/surcohaus.com\/product\/bosco-modular-kids-shelf-4-cube\/#primaryimage","url":"https:\/\/surcohaus.com\/wp-content\/uploads\/2026\/03\/Diseno-sin-titulo-32-scaled.jpeg","contentUrl":"https:\/\/surcohaus.com\/wp-content\/uploads\/2026\/03\/Diseno-sin-titulo-32-scaled.jpeg","width":2560,"height":2560},{"@type":"BreadcrumbList","@id":"https:\/\/surcohaus.com\/product\/bosco-modular-kids-shelf-4-cube\/#breadcrumb","itemListElement":[{"@type":"ListItem","position":1,"name":"Home","item":"https:\/\/surcohaus.com\/"},{"@type":"ListItem","position":2,"name":"Shop","item":"https:\/\/surcohaus.com\/shop\/"},{"@type":"ListItem","position":3,"name":"BOSCO MODULAR OPEN STORAGE"}]},{"@type":"WebSite","@id":"https:\/\/surcohaus.com\/#website","url":"https:\/\/surcohaus.com\/","name":"Surco","description":"Wood furniture","publisher":{"@id":"https:\/\/surcohaus.com\/#organization"},"alternateName":"Surco","potentialAction":[{"@type":"SearchAction","target":{"@type":"EntryPoint","urlTemplate":"https:\/\/surcohaus.com\/?s={search_term_string}"},"query-input":{"@type":"PropertyValueSpecification","valueRequired":true,"valueName":"search_term_string"}}],"inLanguage":"es"},{"@type":"Organization","@id":"https:\/\/surcohaus.com\/#organization","name":"Surco","url":"https:\/\/surcohaus.com\/","logo":{"@type":"ImageObject","inLanguage":"es","@id":"https:\/\/surcohaus.com\/#\/schema\/logo\/image\/","url":"https:\/\/surcohaus.com\/wp-content\/uploads\/2021\/11\/SRC-LOGO-BRUMA-2.webp","contentUrl":"https:\/\/surcohaus.com\/wp-content\/uploads\/2021\/11\/SRC-LOGO-BRUMA-2.webp","width":687,"height":249,"caption":"Surco"},"image":{"@id":"https:\/\/surcohaus.com\/#\/schema\/logo\/image\/"},"sameAs":["https:\/\/www.facebook.com\/surcohaus"]}]}},"_links":{"self":[{"href":"https:\/\/surcohaus.com\/es\/wp-json\/wp\/v2\/product\/3963","targetHints":{"allow":["GET"]}}],"collection":[{"href":"https:\/\/surcohaus.com\/es\/wp-json\/wp\/v2\/product"}],"about":[{"href":"https:\/\/surcohaus.com\/es\/wp-json\/wp\/v2\/types\/product"}],"wp:featuredmedia":[{"embeddable":true,"href":"https:\/\/surcohaus.com\/es\/wp-json\/wp\/v2\/media\/4055"}],"wp:attachment":[{"href":"https:\/\/surcohaus.com\/es\/wp-json\/wp\/v2\/media?parent=3963"}],"wp:term":[{"taxonomy":"product_brand","embeddable":true,"href":"https:\/\/surcohaus.com\/es\/wp-json\/wp\/v2\/product_brand?post=3963"},{"taxonomy":"product_cat","embeddable":true,"href":"https:\/\/surcohaus.com\/es\/wp-json\/wp\/v2\/product_cat?post=3963"},{"taxonomy":"product_tag","embeddable":true,"href":"https:\/\/surcohaus.com\/es\/wp-json\/wp\/v2\/product_tag?post=3963"}],"curies":[{"name":"wp","href":"https:\/\/api.w.org\/{rel}","templated":true}]}}