{"id":4192,"date":"2026-03-17T18:17:21","date_gmt":"2026-03-17T18:17:21","guid":{"rendered":"https:\/\/surcohaus.com\/?post_type=product&#038;p=4192"},"modified":"2026-03-17T18:25:39","modified_gmt":"2026-03-17T18:25:39","slug":"alaska-bunkbed-2-2","status":"publish","type":"product","link":"https:\/\/surcohaus.com\/es\/producto\/alaska-bunkbed-2-2\/","title":{"rendered":"LITERA ALASKA"},"content":{"rendered":"","protected":false},"excerpt":{"rendered":"<p>Con su dise\u00f1o espacioso, nuestra litera ofrece amplio espacio tanto para el descanso como para el juego, lo que la hace perfecta para ni\u00f1os y adolescentes por igual. Su dise\u00f1o atemporal asegura que se integre perfectamente en cualquier decoraci\u00f3n de dormitorio, mientras que su robusta construcci\u00f3n garantiza que dure muchos a\u00f1os.<\/p>\n<p>&nbsp;<\/p>","protected":false},"featured_media":4204,"template":"","meta":{"_acf_changed":false,"site-sidebar-layout":"default","site-content-layout":"","ast-site-content-layout":"default","site-content-style":"default","site-sidebar-style":"default","ast-global-header-display":"","ast-banner-title-visibility":"","ast-main-header-display":"","ast-hfb-above-header-display":"","ast-hfb-below-header-display":"","ast-hfb-mobile-header-display":"","site-post-title":"","ast-breadcrumbs-content":"","ast-featured-img":"","footer-sml-layout":"","ast-disable-related-posts":"","theme-transparent-header-meta":"default","adv-header-id-meta":"","stick-header-meta":"","header-above-stick-meta":"","header-main-stick-meta":"","header-below-stick-meta":"","astra-migrate-meta-layouts":"set","ast-page-background-enabled":"default","ast-page-background-meta":{"desktop":{"background-color":"var(--ast-global-color-4)","background-image":"","background-repeat":"repeat","background-position":"center center","background-size":"auto","background-attachment":"scroll","background-type":"","background-media":"","overlay-type":"","overlay-color":"","overlay-opacity":"","overlay-gradient":""},"tablet":{"background-color":"","background-image":"","background-repeat":"repeat","background-position":"center center","background-size":"auto","background-attachment":"scroll","background-type":"","background-media":"","overlay-type":"","overlay-color":"","overlay-opacity":"","overlay-gradient":""},"mobile":{"background-color":"","background-image":"","background-repeat":"repeat","background-position":"center center","background-size":"auto","background-attachment":"scroll","background-type":"","background-media":"","overlay-type":"","overlay-color":"","overlay-opacity":"","overlay-gradient":""}},"ast-content-background-meta":{"desktop":{"background-color":"var(--ast-global-color-5)","background-image":"","background-repeat":"repeat","background-position":"center center","background-size":"auto","background-attachment":"scroll","background-type":"","background-media":"","overlay-type":"","overlay-color":"","overlay-opacity":"","overlay-gradient":""},"tablet":{"background-color":"var(--ast-global-color-5)","background-image":"","background-repeat":"repeat","background-position":"center center","background-size":"auto","background-attachment":"scroll","background-type":"","background-media":"","overlay-type":"","overlay-color":"","overlay-opacity":"","overlay-gradient":""},"mobile":{"background-color":"var(--ast-global-color-5)","background-image":"","background-repeat":"repeat","background-position":"center center","background-size":"auto","background-attachment":"scroll","background-type":"","background-media":"","overlay-type":"","overlay-color":"","overlay-opacity":"","overlay-gradient":""}}},"product_brand":[],"product_cat":[49,22,38,57,19],"product_tag":[97],"class_list":{"0":"post-4192","1":"product","2":"type-product","3":"status-publish","4":"has-post-thumbnail","6":"product_cat-alaska-collection","7":"product_cat-bedroom","8":"product_cat-beds","9":"product_cat-bunkbeds","10":"product_cat-products","11":"product_tag-sand","12":"desktop-align-left","13":"tablet-align-left","14":"mobile-align-left","16":"first","17":"instock","18":"taxable","19":"shipping-taxable","20":"purchasable","21":"product-type-variable"},"acf":[],"yoast_head":"<!-- This site is optimized with the Yoast SEO plugin v27.3 - https:\/\/yoast.com\/product\/yoast-seo-wordpress\/ -->\n<title>ALASKA BUNKBED &#8226; Surco HAUS<\/title>\n<meta name=\"description\" content=\"Spacious High-End Design, Perfect for SleepoversUpgrade your child\u2019s room with this luxury wooden bunk bed, expertly crafted from premium wood in Spain. Designed with spacious dimensions, it\u2019s the ideal choice for sleepovers, providing ample room and comfort for kids\" \/>\n<meta name=\"robots\" content=\"index, follow, max-snippet:-1, max-image-preview:large, max-video-preview:-1\" \/>\n<link rel=\"canonical\" href=\"https:\/\/surcohaus.com\/es\/producto\/alaska-bunkbed-2-2\/\" \/>\n<meta property=\"og:locale\" content=\"es_ES\" \/>\n<meta property=\"og:type\" content=\"article\" \/>\n<meta property=\"og:title\" content=\"ALASKA BUNKBED &#8226; Surco HAUS\" \/>\n<meta property=\"og:description\" content=\"Spacious High-End Design, Perfect for SleepoversUpgrade your child\u2019s room with this luxury wooden bunk bed, expertly crafted from premium wood in Spain. Designed with spacious dimensions, it\u2019s the ideal choice for sleepovers, providing ample room and comfort for kids\" \/>\n<meta property=\"og:url\" content=\"https:\/\/surcohaus.com\/es\/producto\/alaska-bunkbed-2-2\/\" \/>\n<meta property=\"og:site_name\" content=\"Surco HAUS\" \/>\n<meta property=\"article:publisher\" content=\"https:\/\/www.facebook.com\/surcohaus\" \/>\n<meta property=\"article:modified_time\" content=\"2026-03-17T18:25:39+00:00\" \/>\n<meta property=\"og:image\" content=\"https:\/\/surcohaus.com\/wp-content\/uploads\/2026\/03\/Diseno-sin-titulo-55-scaled.jpeg\" \/>\n\t<meta property=\"og:image:width\" content=\"2560\" \/>\n\t<meta property=\"og:image:height\" content=\"2560\" \/>\n\t<meta property=\"og:image:type\" content=\"image\/jpeg\" \/>\n<meta name=\"twitter:card\" content=\"summary_large_image\" \/>\n<meta name=\"twitter:label1\" content=\"Tiempo de lectura\" \/>\n\t<meta name=\"twitter:data1\" content=\"1 minuto\" \/>\n<script type=\"application\/ld+json\" class=\"yoast-schema-graph\">{\"@context\":\"https:\\\/\\\/schema.org\",\"@graph\":[{\"@type\":\"WebPage\",\"@id\":\"https:\\\/\\\/surcohaus.com\\\/product\\\/alaska-bunkbed-2-2\\\/\",\"url\":\"https:\\\/\\\/surcohaus.com\\\/product\\\/alaska-bunkbed-2-2\\\/\",\"name\":\"ALASKA BUNKBED &#8226; Surco HAUS\",\"isPartOf\":{\"@id\":\"https:\\\/\\\/surcohaus.com\\\/#website\"},\"primaryImageOfPage\":{\"@id\":\"https:\\\/\\\/surcohaus.com\\\/product\\\/alaska-bunkbed-2-2\\\/#primaryimage\"},\"image\":{\"@id\":\"https:\\\/\\\/surcohaus.com\\\/product\\\/alaska-bunkbed-2-2\\\/#primaryimage\"},\"thumbnailUrl\":\"https:\\\/\\\/surcohaus.com\\\/wp-content\\\/uploads\\\/2026\\\/03\\\/Diseno-sin-titulo-55-scaled.jpeg\",\"datePublished\":\"2026-03-17T18:17:21+00:00\",\"dateModified\":\"2026-03-17T18:25:39+00:00\",\"description\":\"Spacious High-End Design, Perfect for SleepoversUpgrade your child\u2019s room with this luxury wooden bunk bed, expertly crafted from premium wood in Spain. Designed with spacious dimensions, it\u2019s the ideal choice for sleepovers, providing ample room and comfort for kids\",\"breadcrumb\":{\"@id\":\"https:\\\/\\\/surcohaus.com\\\/product\\\/alaska-bunkbed-2-2\\\/#breadcrumb\"},\"inLanguage\":\"es\",\"potentialAction\":[{\"@type\":\"ReadAction\",\"target\":[\"https:\\\/\\\/surcohaus.com\\\/product\\\/alaska-bunkbed-2-2\\\/\"]}]},{\"@type\":\"ImageObject\",\"inLanguage\":\"es\",\"@id\":\"https:\\\/\\\/surcohaus.com\\\/product\\\/alaska-bunkbed-2-2\\\/#primaryimage\",\"url\":\"https:\\\/\\\/surcohaus.com\\\/wp-content\\\/uploads\\\/2026\\\/03\\\/Diseno-sin-titulo-55-scaled.jpeg\",\"contentUrl\":\"https:\\\/\\\/surcohaus.com\\\/wp-content\\\/uploads\\\/2026\\\/03\\\/Diseno-sin-titulo-55-scaled.jpeg\",\"width\":2560,\"height\":2560},{\"@type\":\"BreadcrumbList\",\"@id\":\"https:\\\/\\\/surcohaus.com\\\/product\\\/alaska-bunkbed-2-2\\\/#breadcrumb\",\"itemListElement\":[{\"@type\":\"ListItem\",\"position\":1,\"name\":\"Home\",\"item\":\"https:\\\/\\\/surcohaus.com\\\/\"},{\"@type\":\"ListItem\",\"position\":2,\"name\":\"Shop\",\"item\":\"https:\\\/\\\/surcohaus.com\\\/shop\\\/\"},{\"@type\":\"ListItem\",\"position\":3,\"name\":\"ALASKA BUNKBED\"}]},{\"@type\":\"WebSite\",\"@id\":\"https:\\\/\\\/surcohaus.com\\\/#website\",\"url\":\"https:\\\/\\\/surcohaus.com\\\/\",\"name\":\"Surco\",\"description\":\"Wood furniture\",\"publisher\":{\"@id\":\"https:\\\/\\\/surcohaus.com\\\/#organization\"},\"alternateName\":\"Surco\",\"potentialAction\":[{\"@type\":\"SearchAction\",\"target\":{\"@type\":\"EntryPoint\",\"urlTemplate\":\"https:\\\/\\\/surcohaus.com\\\/?s={search_term_string}\"},\"query-input\":{\"@type\":\"PropertyValueSpecification\",\"valueRequired\":true,\"valueName\":\"search_term_string\"}}],\"inLanguage\":\"es\"},{\"@type\":\"Organization\",\"@id\":\"https:\\\/\\\/surcohaus.com\\\/#organization\",\"name\":\"Surco\",\"url\":\"https:\\\/\\\/surcohaus.com\\\/\",\"logo\":{\"@type\":\"ImageObject\",\"inLanguage\":\"es\",\"@id\":\"https:\\\/\\\/surcohaus.com\\\/#\\\/schema\\\/logo\\\/image\\\/\",\"url\":\"https:\\\/\\\/surcohaus.com\\\/wp-content\\\/uploads\\\/2021\\\/11\\\/SRC-LOGO-BRUMA-2.webp\",\"contentUrl\":\"https:\\\/\\\/surcohaus.com\\\/wp-content\\\/uploads\\\/2021\\\/11\\\/SRC-LOGO-BRUMA-2.webp\",\"width\":687,\"height\":249,\"caption\":\"Surco\"},\"image\":{\"@id\":\"https:\\\/\\\/surcohaus.com\\\/#\\\/schema\\\/logo\\\/image\\\/\"},\"sameAs\":[\"https:\\\/\\\/www.facebook.com\\\/surcohaus\"]}]}<\/script>\n<!-- \/ Yoast SEO plugin. -->","yoast_head_json":{"title":"ALASKA BUNKBED &#8226; Surco HAUS","description":"Spacious High-End Design, Perfect for SleepoversUpgrade your child\u2019s room with this luxury wooden bunk bed, expertly crafted from premium wood in Spain. Designed with spacious dimensions, it\u2019s the ideal choice for sleepovers, providing ample room and comfort for kids","robots":{"index":"index","follow":"follow","max-snippet":"max-snippet:-1","max-image-preview":"max-image-preview:large","max-video-preview":"max-video-preview:-1"},"canonical":"https:\/\/surcohaus.com\/es\/producto\/alaska-bunkbed-2-2\/","og_locale":"es_ES","og_type":"article","og_title":"ALASKA BUNKBED &#8226; Surco HAUS","og_description":"Spacious High-End Design, Perfect for SleepoversUpgrade your child\u2019s room with this luxury wooden bunk bed, expertly crafted from premium wood in Spain. Designed with spacious dimensions, it\u2019s the ideal choice for sleepovers, providing ample room and comfort for kids","og_url":"https:\/\/surcohaus.com\/es\/producto\/alaska-bunkbed-2-2\/","og_site_name":"Surco HAUS","article_publisher":"https:\/\/www.facebook.com\/surcohaus","article_modified_time":"2026-03-17T18:25:39+00:00","og_image":[{"width":2560,"height":2560,"url":"https:\/\/surcohaus.com\/wp-content\/uploads\/2026\/03\/Diseno-sin-titulo-55-scaled.jpeg","type":"image\/jpeg"}],"twitter_card":"summary_large_image","twitter_misc":{"Tiempo de lectura":"1 minuto"},"schema":{"@context":"https:\/\/schema.org","@graph":[{"@type":"WebPage","@id":"https:\/\/surcohaus.com\/product\/alaska-bunkbed-2-2\/","url":"https:\/\/surcohaus.com\/product\/alaska-bunkbed-2-2\/","name":"ALASKA BUNKBED &#8226; Surco HAUS","isPartOf":{"@id":"https:\/\/surcohaus.com\/#website"},"primaryImageOfPage":{"@id":"https:\/\/surcohaus.com\/product\/alaska-bunkbed-2-2\/#primaryimage"},"image":{"@id":"https:\/\/surcohaus.com\/product\/alaska-bunkbed-2-2\/#primaryimage"},"thumbnailUrl":"https:\/\/surcohaus.com\/wp-content\/uploads\/2026\/03\/Diseno-sin-titulo-55-scaled.jpeg","datePublished":"2026-03-17T18:17:21+00:00","dateModified":"2026-03-17T18:25:39+00:00","description":"Spacious High-End Design, Perfect for SleepoversUpgrade your child\u2019s room with this luxury wooden bunk bed, expertly crafted from premium wood in Spain. Designed with spacious dimensions, it\u2019s the ideal choice for sleepovers, providing ample room and comfort for kids","breadcrumb":{"@id":"https:\/\/surcohaus.com\/product\/alaska-bunkbed-2-2\/#breadcrumb"},"inLanguage":"es","potentialAction":[{"@type":"ReadAction","target":["https:\/\/surcohaus.com\/product\/alaska-bunkbed-2-2\/"]}]},{"@type":"ImageObject","inLanguage":"es","@id":"https:\/\/surcohaus.com\/product\/alaska-bunkbed-2-2\/#primaryimage","url":"https:\/\/surcohaus.com\/wp-content\/uploads\/2026\/03\/Diseno-sin-titulo-55-scaled.jpeg","contentUrl":"https:\/\/surcohaus.com\/wp-content\/uploads\/2026\/03\/Diseno-sin-titulo-55-scaled.jpeg","width":2560,"height":2560},{"@type":"BreadcrumbList","@id":"https:\/\/surcohaus.com\/product\/alaska-bunkbed-2-2\/#breadcrumb","itemListElement":[{"@type":"ListItem","position":1,"name":"Home","item":"https:\/\/surcohaus.com\/"},{"@type":"ListItem","position":2,"name":"Shop","item":"https:\/\/surcohaus.com\/shop\/"},{"@type":"ListItem","position":3,"name":"ALASKA BUNKBED"}]},{"@type":"WebSite","@id":"https:\/\/surcohaus.com\/#website","url":"https:\/\/surcohaus.com\/","name":"Surco","description":"Wood furniture","publisher":{"@id":"https:\/\/surcohaus.com\/#organization"},"alternateName":"Surco","potentialAction":[{"@type":"SearchAction","target":{"@type":"EntryPoint","urlTemplate":"https:\/\/surcohaus.com\/?s={search_term_string}"},"query-input":{"@type":"PropertyValueSpecification","valueRequired":true,"valueName":"search_term_string"}}],"inLanguage":"es"},{"@type":"Organization","@id":"https:\/\/surcohaus.com\/#organization","name":"Surco","url":"https:\/\/surcohaus.com\/","logo":{"@type":"ImageObject","inLanguage":"es","@id":"https:\/\/surcohaus.com\/#\/schema\/logo\/image\/","url":"https:\/\/surcohaus.com\/wp-content\/uploads\/2021\/11\/SRC-LOGO-BRUMA-2.webp","contentUrl":"https:\/\/surcohaus.com\/wp-content\/uploads\/2021\/11\/SRC-LOGO-BRUMA-2.webp","width":687,"height":249,"caption":"Surco"},"image":{"@id":"https:\/\/surcohaus.com\/#\/schema\/logo\/image\/"},"sameAs":["https:\/\/www.facebook.com\/surcohaus"]}]}},"_links":{"self":[{"href":"https:\/\/surcohaus.com\/es\/wp-json\/wp\/v2\/product\/4192","targetHints":{"allow":["GET"]}}],"collection":[{"href":"https:\/\/surcohaus.com\/es\/wp-json\/wp\/v2\/product"}],"about":[{"href":"https:\/\/surcohaus.com\/es\/wp-json\/wp\/v2\/types\/product"}],"wp:featuredmedia":[{"embeddable":true,"href":"https:\/\/surcohaus.com\/es\/wp-json\/wp\/v2\/media\/4204"}],"wp:attachment":[{"href":"https:\/\/surcohaus.com\/es\/wp-json\/wp\/v2\/media?parent=4192"}],"wp:term":[{"taxonomy":"product_brand","embeddable":true,"href":"https:\/\/surcohaus.com\/es\/wp-json\/wp\/v2\/product_brand?post=4192"},{"taxonomy":"product_cat","embeddable":true,"href":"https:\/\/surcohaus.com\/es\/wp-json\/wp\/v2\/product_cat?post=4192"},{"taxonomy":"product_tag","embeddable":true,"href":"https:\/\/surcohaus.com\/es\/wp-json\/wp\/v2\/product_tag?post=4192"}],"curies":[{"name":"wp","href":"https:\/\/api.w.org\/{rel}","templated":true}]}}