{"id":4227,"date":"2026-03-17T19:46:12","date_gmt":"2026-03-17T19:46:12","guid":{"rendered":"https:\/\/surcohaus.com\/?post_type=product&#038;p=4227"},"modified":"2026-03-18T08:59:31","modified_gmt":"2026-03-18T08:59:31","slug":"bosco-modular-collection-7","status":"publish","type":"product","link":"https:\/\/surcohaus.com\/es\/producto\/bosco-modular-collection-7\/","title":{"rendered":"Bosco \u00b7 Colecci\u00f3n de Estanter\u00edas Modulares"},"content":{"rendered":"","protected":false},"excerpt":{"rendered":"<p>Bosco es nuestra colecci\u00f3n modular de estanter\u00edas en madera natural, dise\u00f1ada para crecer contigo y adaptarse a la vida real.<\/p>\n<p>Cada m\u00f3dulo puede utilizarse de forma independiente o combinarse con otros para crear una soluci\u00f3n de almacenaje a medida: estanter\u00edas abiertas, m\u00f3dulos cerrados, cajones, contenedores para juguetes o m\u00f3dulos para libros. Su dise\u00f1o limpio pone en valor la textura de la madera, aportando calidez y una sensaci\u00f3n de calma visual a cualquier espacio.<\/p>\n<p>Pensada para funcionar con naturalidad en una sala de juegos, un dormitorio infantil, el sal\u00f3n o incluso el recibidor, Bosco evoluciona con tus necesidades, tu espacio y la forma en que lo habitas.<\/p>","protected":false},"featured_media":4239,"template":"","meta":{"_acf_changed":false,"site-sidebar-layout":"default","site-content-layout":"","ast-site-content-layout":"default","site-content-style":"default","site-sidebar-style":"default","ast-global-header-display":"","ast-banner-title-visibility":"","ast-main-header-display":"","ast-hfb-above-header-display":"","ast-hfb-below-header-display":"","ast-hfb-mobile-header-display":"","site-post-title":"","ast-breadcrumbs-content":"","ast-featured-img":"","footer-sml-layout":"","ast-disable-related-posts":"","theme-transparent-header-meta":"default","adv-header-id-meta":"","stick-header-meta":"","header-above-stick-meta":"","header-main-stick-meta":"","header-below-stick-meta":"","astra-migrate-meta-layouts":"set","ast-page-background-enabled":"default","ast-page-background-meta":{"desktop":{"background-color":"var(--ast-global-color-4)","background-image":"","background-repeat":"repeat","background-position":"center center","background-size":"auto","background-attachment":"scroll","background-type":"","background-media":"","overlay-type":"","overlay-color":"","overlay-opacity":"","overlay-gradient":""},"tablet":{"background-color":"","background-image":"","background-repeat":"repeat","background-position":"center center","background-size":"auto","background-attachment":"scroll","background-type":"","background-media":"","overlay-type":"","overlay-color":"","overlay-opacity":"","overlay-gradient":""},"mobile":{"background-color":"","background-image":"","background-repeat":"repeat","background-position":"center center","background-size":"auto","background-attachment":"scroll","background-type":"","background-media":"","overlay-type":"","overlay-color":"","overlay-opacity":"","overlay-gradient":""}},"ast-content-background-meta":{"desktop":{"background-color":"var(--ast-global-color-5)","background-image":"","background-repeat":"repeat","background-position":"center center","background-size":"auto","background-attachment":"scroll","background-type":"","background-media":"","overlay-type":"","overlay-color":"","overlay-opacity":"","overlay-gradient":""},"tablet":{"background-color":"var(--ast-global-color-5)","background-image":"","background-repeat":"repeat","background-position":"center center","background-size":"auto","background-attachment":"scroll","background-type":"","background-media":"","overlay-type":"","overlay-color":"","overlay-opacity":"","overlay-gradient":""},"mobile":{"background-color":"var(--ast-global-color-5)","background-image":"","background-repeat":"repeat","background-position":"center center","background-size":"auto","background-attachment":"scroll","background-type":"","background-media":"","overlay-type":"","overlay-color":"","overlay-opacity":"","overlay-gradient":""}}},"product_brand":[],"product_cat":[22,40,86,93,21,23,19],"product_tag":[97],"class_list":{"0":"post-4227","1":"product","2":"type-product","3":"status-publish","4":"has-post-thumbnail","6":"product_cat-bedroom","7":"product_cat-bookcases-storage","8":"product_cat-bookcases-storage-products","9":"product_cat-forest-playroom-furniture","10":"product_cat-nursery","11":"product_cat-playroom","12":"product_cat-products","13":"product_tag-sand","14":"desktop-align-left","15":"tablet-align-left","16":"mobile-align-left","18":"first","19":"instock","20":"taxable","21":"shipping-taxable","22":"purchasable","23":"product-type-variable"},"acf":[],"yoast_head":"<!-- This site is optimized with the Yoast SEO plugin v27.3 - https:\/\/yoast.com\/product\/yoast-seo-wordpress\/ -->\n<title>BOSCO MODULAR COLLECTION &#8226; Surco HAUS<\/title>\n<meta name=\"robots\" content=\"index, follow, max-snippet:-1, max-image-preview:large, max-video-preview:-1\" \/>\n<link rel=\"canonical\" href=\"https:\/\/surcohaus.com\/es\/producto\/bosco-modular-collection-7\/\" \/>\n<meta property=\"og:locale\" content=\"es_ES\" \/>\n<meta property=\"og:type\" content=\"article\" \/>\n<meta property=\"og:title\" content=\"BOSCO MODULAR COLLECTION &#8226; Surco HAUS\" \/>\n<meta property=\"og:description\" content=\"Bosco is our modular shelving collection made from natural wood, designed to grow with you and adapt to real life.  Each module can be used on its own or combined with others to create a custom storage solution: open shelving, closed cabinets, drawers, toy bins or book modules. Its clean design highlights the natural wood grain, bringing warmth and visual calm to any space.  Created to work beautifully in a playroom, a child\u2019s bedroom, the living room or even the entryway, Bosco evolves with your needs, your space and the way you live in it.\" \/>\n<meta property=\"og:url\" content=\"https:\/\/surcohaus.com\/es\/producto\/bosco-modular-collection-7\/\" \/>\n<meta property=\"og:site_name\" content=\"Surco HAUS\" \/>\n<meta property=\"article:publisher\" content=\"https:\/\/www.facebook.com\/surcohaus\" \/>\n<meta property=\"article:modified_time\" content=\"2026-03-18T08:59:31+00:00\" \/>\n<meta property=\"og:image\" content=\"https:\/\/surcohaus.com\/wp-content\/uploads\/2026\/03\/Diseno-sin-titulo-44-scaled.jpeg\" \/>\n\t<meta property=\"og:image:width\" content=\"2560\" \/>\n\t<meta property=\"og:image:height\" content=\"2560\" \/>\n\t<meta property=\"og:image:type\" content=\"image\/jpeg\" \/>\n<meta name=\"twitter:card\" content=\"summary_large_image\" \/>\n<meta name=\"twitter:label1\" content=\"Tiempo de lectura\" \/>\n\t<meta name=\"twitter:data1\" content=\"1 minuto\" \/>\n<script type=\"application\/ld+json\" class=\"yoast-schema-graph\">{\"@context\":\"https:\\\/\\\/schema.org\",\"@graph\":[{\"@type\":\"WebPage\",\"@id\":\"https:\\\/\\\/surcohaus.com\\\/product\\\/bosco-modular-collection-7\\\/\",\"url\":\"https:\\\/\\\/surcohaus.com\\\/product\\\/bosco-modular-collection-7\\\/\",\"name\":\"BOSCO MODULAR COLLECTION &#8226; Surco HAUS\",\"isPartOf\":{\"@id\":\"https:\\\/\\\/surcohaus.com\\\/#website\"},\"primaryImageOfPage\":{\"@id\":\"https:\\\/\\\/surcohaus.com\\\/product\\\/bosco-modular-collection-7\\\/#primaryimage\"},\"image\":{\"@id\":\"https:\\\/\\\/surcohaus.com\\\/product\\\/bosco-modular-collection-7\\\/#primaryimage\"},\"thumbnailUrl\":\"https:\\\/\\\/surcohaus.com\\\/wp-content\\\/uploads\\\/2026\\\/03\\\/Diseno-sin-titulo-44-scaled.jpeg\",\"datePublished\":\"2026-03-17T19:46:12+00:00\",\"dateModified\":\"2026-03-18T08:59:31+00:00\",\"breadcrumb\":{\"@id\":\"https:\\\/\\\/surcohaus.com\\\/product\\\/bosco-modular-collection-7\\\/#breadcrumb\"},\"inLanguage\":\"es\",\"potentialAction\":[{\"@type\":\"ReadAction\",\"target\":[\"https:\\\/\\\/surcohaus.com\\\/product\\\/bosco-modular-collection-7\\\/\"]}]},{\"@type\":\"ImageObject\",\"inLanguage\":\"es\",\"@id\":\"https:\\\/\\\/surcohaus.com\\\/product\\\/bosco-modular-collection-7\\\/#primaryimage\",\"url\":\"https:\\\/\\\/surcohaus.com\\\/wp-content\\\/uploads\\\/2026\\\/03\\\/Diseno-sin-titulo-44-scaled.jpeg\",\"contentUrl\":\"https:\\\/\\\/surcohaus.com\\\/wp-content\\\/uploads\\\/2026\\\/03\\\/Diseno-sin-titulo-44-scaled.jpeg\",\"width\":2560,\"height\":2560},{\"@type\":\"BreadcrumbList\",\"@id\":\"https:\\\/\\\/surcohaus.com\\\/product\\\/bosco-modular-collection-7\\\/#breadcrumb\",\"itemListElement\":[{\"@type\":\"ListItem\",\"position\":1,\"name\":\"Home\",\"item\":\"https:\\\/\\\/surcohaus.com\\\/\"},{\"@type\":\"ListItem\",\"position\":2,\"name\":\"Shop\",\"item\":\"https:\\\/\\\/surcohaus.com\\\/shop\\\/\"},{\"@type\":\"ListItem\",\"position\":3,\"name\":\"BOSCO MODULAR COLLECTION\"}]},{\"@type\":\"WebSite\",\"@id\":\"https:\\\/\\\/surcohaus.com\\\/#website\",\"url\":\"https:\\\/\\\/surcohaus.com\\\/\",\"name\":\"Surco\",\"description\":\"Wood furniture\",\"publisher\":{\"@id\":\"https:\\\/\\\/surcohaus.com\\\/#organization\"},\"alternateName\":\"Surco\",\"potentialAction\":[{\"@type\":\"SearchAction\",\"target\":{\"@type\":\"EntryPoint\",\"urlTemplate\":\"https:\\\/\\\/surcohaus.com\\\/?s={search_term_string}\"},\"query-input\":{\"@type\":\"PropertyValueSpecification\",\"valueRequired\":true,\"valueName\":\"search_term_string\"}}],\"inLanguage\":\"es\"},{\"@type\":\"Organization\",\"@id\":\"https:\\\/\\\/surcohaus.com\\\/#organization\",\"name\":\"Surco\",\"url\":\"https:\\\/\\\/surcohaus.com\\\/\",\"logo\":{\"@type\":\"ImageObject\",\"inLanguage\":\"es\",\"@id\":\"https:\\\/\\\/surcohaus.com\\\/#\\\/schema\\\/logo\\\/image\\\/\",\"url\":\"https:\\\/\\\/surcohaus.com\\\/wp-content\\\/uploads\\\/2021\\\/11\\\/SRC-LOGO-BRUMA-2.webp\",\"contentUrl\":\"https:\\\/\\\/surcohaus.com\\\/wp-content\\\/uploads\\\/2021\\\/11\\\/SRC-LOGO-BRUMA-2.webp\",\"width\":687,\"height\":249,\"caption\":\"Surco\"},\"image\":{\"@id\":\"https:\\\/\\\/surcohaus.com\\\/#\\\/schema\\\/logo\\\/image\\\/\"},\"sameAs\":[\"https:\\\/\\\/www.facebook.com\\\/surcohaus\"]}]}<\/script>\n<!-- \/ Yoast SEO plugin. -->","yoast_head_json":{"title":"BOSCO MODULAR COLLECTION &#8226; Surco HAUS","robots":{"index":"index","follow":"follow","max-snippet":"max-snippet:-1","max-image-preview":"max-image-preview:large","max-video-preview":"max-video-preview:-1"},"canonical":"https:\/\/surcohaus.com\/es\/producto\/bosco-modular-collection-7\/","og_locale":"es_ES","og_type":"article","og_title":"BOSCO MODULAR COLLECTION &#8226; Surco HAUS","og_description":"Bosco is our modular shelving collection made from natural wood, designed to grow with you and adapt to real life.  Each module can be used on its own or combined with others to create a custom storage solution: open shelving, closed cabinets, drawers, toy bins or book modules. Its clean design highlights the natural wood grain, bringing warmth and visual calm to any space.  Created to work beautifully in a playroom, a child\u2019s bedroom, the living room or even the entryway, Bosco evolves with your needs, your space and the way you live in it.","og_url":"https:\/\/surcohaus.com\/es\/producto\/bosco-modular-collection-7\/","og_site_name":"Surco HAUS","article_publisher":"https:\/\/www.facebook.com\/surcohaus","article_modified_time":"2026-03-18T08:59:31+00:00","og_image":[{"width":2560,"height":2560,"url":"https:\/\/surcohaus.com\/wp-content\/uploads\/2026\/03\/Diseno-sin-titulo-44-scaled.jpeg","type":"image\/jpeg"}],"twitter_card":"summary_large_image","twitter_misc":{"Tiempo de lectura":"1 minuto"},"schema":{"@context":"https:\/\/schema.org","@graph":[{"@type":"WebPage","@id":"https:\/\/surcohaus.com\/product\/bosco-modular-collection-7\/","url":"https:\/\/surcohaus.com\/product\/bosco-modular-collection-7\/","name":"BOSCO MODULAR COLLECTION &#8226; Surco HAUS","isPartOf":{"@id":"https:\/\/surcohaus.com\/#website"},"primaryImageOfPage":{"@id":"https:\/\/surcohaus.com\/product\/bosco-modular-collection-7\/#primaryimage"},"image":{"@id":"https:\/\/surcohaus.com\/product\/bosco-modular-collection-7\/#primaryimage"},"thumbnailUrl":"https:\/\/surcohaus.com\/wp-content\/uploads\/2026\/03\/Diseno-sin-titulo-44-scaled.jpeg","datePublished":"2026-03-17T19:46:12+00:00","dateModified":"2026-03-18T08:59:31+00:00","breadcrumb":{"@id":"https:\/\/surcohaus.com\/product\/bosco-modular-collection-7\/#breadcrumb"},"inLanguage":"es","potentialAction":[{"@type":"ReadAction","target":["https:\/\/surcohaus.com\/product\/bosco-modular-collection-7\/"]}]},{"@type":"ImageObject","inLanguage":"es","@id":"https:\/\/surcohaus.com\/product\/bosco-modular-collection-7\/#primaryimage","url":"https:\/\/surcohaus.com\/wp-content\/uploads\/2026\/03\/Diseno-sin-titulo-44-scaled.jpeg","contentUrl":"https:\/\/surcohaus.com\/wp-content\/uploads\/2026\/03\/Diseno-sin-titulo-44-scaled.jpeg","width":2560,"height":2560},{"@type":"BreadcrumbList","@id":"https:\/\/surcohaus.com\/product\/bosco-modular-collection-7\/#breadcrumb","itemListElement":[{"@type":"ListItem","position":1,"name":"Home","item":"https:\/\/surcohaus.com\/"},{"@type":"ListItem","position":2,"name":"Shop","item":"https:\/\/surcohaus.com\/shop\/"},{"@type":"ListItem","position":3,"name":"BOSCO MODULAR COLLECTION"}]},{"@type":"WebSite","@id":"https:\/\/surcohaus.com\/#website","url":"https:\/\/surcohaus.com\/","name":"Surco","description":"Wood furniture","publisher":{"@id":"https:\/\/surcohaus.com\/#organization"},"alternateName":"Surco","potentialAction":[{"@type":"SearchAction","target":{"@type":"EntryPoint","urlTemplate":"https:\/\/surcohaus.com\/?s={search_term_string}"},"query-input":{"@type":"PropertyValueSpecification","valueRequired":true,"valueName":"search_term_string"}}],"inLanguage":"es"},{"@type":"Organization","@id":"https:\/\/surcohaus.com\/#organization","name":"Surco","url":"https:\/\/surcohaus.com\/","logo":{"@type":"ImageObject","inLanguage":"es","@id":"https:\/\/surcohaus.com\/#\/schema\/logo\/image\/","url":"https:\/\/surcohaus.com\/wp-content\/uploads\/2021\/11\/SRC-LOGO-BRUMA-2.webp","contentUrl":"https:\/\/surcohaus.com\/wp-content\/uploads\/2021\/11\/SRC-LOGO-BRUMA-2.webp","width":687,"height":249,"caption":"Surco"},"image":{"@id":"https:\/\/surcohaus.com\/#\/schema\/logo\/image\/"},"sameAs":["https:\/\/www.facebook.com\/surcohaus"]}]}},"_links":{"self":[{"href":"https:\/\/surcohaus.com\/es\/wp-json\/wp\/v2\/product\/4227","targetHints":{"allow":["GET"]}}],"collection":[{"href":"https:\/\/surcohaus.com\/es\/wp-json\/wp\/v2\/product"}],"about":[{"href":"https:\/\/surcohaus.com\/es\/wp-json\/wp\/v2\/types\/product"}],"wp:featuredmedia":[{"embeddable":true,"href":"https:\/\/surcohaus.com\/es\/wp-json\/wp\/v2\/media\/4239"}],"wp:attachment":[{"href":"https:\/\/surcohaus.com\/es\/wp-json\/wp\/v2\/media?parent=4227"}],"wp:term":[{"taxonomy":"product_brand","embeddable":true,"href":"https:\/\/surcohaus.com\/es\/wp-json\/wp\/v2\/product_brand?post=4227"},{"taxonomy":"product_cat","embeddable":true,"href":"https:\/\/surcohaus.com\/es\/wp-json\/wp\/v2\/product_cat?post=4227"},{"taxonomy":"product_tag","embeddable":true,"href":"https:\/\/surcohaus.com\/es\/wp-json\/wp\/v2\/product_tag?post=4227"}],"curies":[{"name":"wp","href":"https:\/\/api.w.org\/{rel}","templated":true}]}}